{"id":11623,"date":"2021-12-29T10:59:33","date_gmt":"2021-12-29T09:59:33","guid":{"rendered":"https:\/\/renewalestetica.com\/sito\/?post_type=product&#038;p=11623"},"modified":"2021-12-29T11:02:24","modified_gmt":"2021-12-29T10:02:24","slug":"mobile-modulare-et-no-et-no-h2o","status":"publish","type":"product","link":"https:\/\/renewalestetica.com\/sito\/prodotto\/mobile-modulare-et-no-et-no-h2o\/","title":{"rendered":"Mobile Modulare ET-NO \/ ET-NO H2O"},"content":{"rendered":"<div class=\"wpb_text_column wpb_content_element \">\n<div class=\"wpb_wrapper\">\n<p>Et-No e Et-No H2O sono mobili realizzati in legno nobilitato dallo stile moderno che permettono di arredare con originalit\u00e0 ogni ambiente. \u00c8 possibile personalizzare il mobile a piacimento con ante, cassetti o con vani a giorno. Lo zoccolino in legno pu\u00f2 essere sostituito da 4 piedini cromati.<\/p>\n<p>&nbsp;<\/p>\n<p><strong>ET-NO 450<\/strong><br \/>\n\u00c8 dotato di un\u2019anta con chiusura ammortizzata, maniglia cromata e zoccolino laterale o piedino cromato.<\/p>\n<p>&nbsp;<\/p>\n<p><strong>ET-NO 900<\/strong><br \/>\n\u00c8 dotato di due ante con chiusura ammortizzata, maniglie cromate e zoccolino laterale o piedino cromato.<\/p>\n<p>&nbsp;<\/p>\n<p><strong>ET-NO 1350<\/strong><br \/>\n\u00c8 dotato di due ante con chiusura ammortizzata, tre cassetti con guida a scomparsa con self-closing, zoccolino laterale o piedino cromato.<\/p>\n<p>&nbsp;<\/p>\n<p><strong>ET-NO H2O<\/strong><br \/>\nIl mobile prende il nome di Et-No H2O se scelto nella versione con lavabo. Misure lavabo L. 400 x P. 340 x H. 145 mm. Come optional \u00e8 disponibile il miscelatore a leva clinica.<\/p>\n<\/div>\n<\/div>\n","protected":false},"excerpt":{"rendered":"<div class=\"wpb_text_column wpb_content_element \">\n<div class=\"wpb_wrapper\">\n<p>Et-No e Et-No H2O sono mobili realizzati in legno nobilitato dallo stile moderno che permettono di arredare con originalit\u00e0 ogni ambiente. \u00c8 possibile personalizzare il mobile a piacimento con ante, cassetti o con vani a giorno. Lo zoccolino in legno pu\u00f2 essere sostituito da 4 piedini cromati.<\/p>\n<p>&nbsp;<\/p>\n<p><strong>ET-NO 450<\/strong><br \/>\n\u00c8 dotato di un\u2019anta con chiusura ammortizzata, maniglia cromata e zoccolino laterale o piedino cromato.<\/p>\n<p>&nbsp;<\/p>\n<p><strong>ET-NO 900<\/strong><br \/>\n\u00c8 dotato di due ante con chiusura ammortizzata, maniglie cromate e zoccolino laterale o piedino cromato.<\/p>\n<p>&nbsp;<\/p>\n<p><strong>ET-NO 1350<\/strong><br \/>\n\u00c8 dotato di due ante con chiusura ammortizzata, tre cassetti con guida a scomparsa con self-closing, zoccolino laterale o piedino cromato.<\/p>\n<p>&nbsp;<\/p>\n<p><strong>ET-NO H2O<\/strong><br \/>\nIl mobile prende il nome di Et-No H2O se scelto nella versione con lavabo. Misure lavabo L. 400 x P. 340 x H. 145 mm. Come optional \u00e8 disponibile il miscelatore a leva clinica.<\/p>\n<\/div>\n<\/div>\n","protected":false},"featured_media":11624,"comment_status":"closed","ping_status":"closed","template":"","meta":[],"product_brand":[],"product_cat":[1971,1970,28],"product_tag":[1967,1966],"class_list":{"0":"post-11623","1":"product","2":"type-product","3":"status-publish","4":"has-post-thumbnail","6":"product_cat-mobili-e-arredamento","7":"product_cat-vismara","8":"product_cat-strumenti-e-apparecchiature-per-estetiste","9":"product_tag-lettini-vismara","10":"product_tag-vismara","12":"first","13":"instock","14":"taxable","15":"shipping-taxable","16":"product-type-simple"},"yoast_head":"<!-- This site is optimized with the Yoast SEO plugin v26.2 - https:\/\/yoast.com\/wordpress\/plugins\/seo\/ -->\n<title>Mobile Modulare ET-NO \/ ET-NO H2O - Renewal-Prodotti del Mar Morto<\/title>\n<meta name=\"robots\" content=\"index, follow, max-snippet:-1, max-image-preview:large, max-video-preview:-1\" \/>\n<link rel=\"canonical\" href=\"https:\/\/renewalestetica.com\/sito\/prodotto\/mobile-modulare-et-no-et-no-h2o\/\" \/>\n<meta property=\"og:locale\" content=\"it_IT\" \/>\n<meta property=\"og:type\" content=\"article\" \/>\n<meta property=\"og:title\" content=\"Mobile Modulare ET-NO \/ ET-NO H2O - Renewal-Prodotti del Mar Morto\" \/>\n<meta property=\"og:description\" content=\"Et-No e Et-No H2O sono mobili realizzati in legno nobilitato dallo stile moderno che permettono di arredare con originalit\u00e0 ogni ambiente. \u00c8 possibile personalizzare il mobile a piacimento con ante, cassetti o con vani a giorno. Lo zoccolino in legno pu\u00f2 essere sostituito da 4 piedini cromati.  &nbsp;  ET-NO 450 \u00c8 dotato di un\u2019anta con chiusura ammortizzata, maniglia cromata e zoccolino laterale o piedino cromato.  &nbsp;  ET-NO 900 \u00c8 dotato di due ante con chiusura ammortizzata, maniglie cromate e zoccolino laterale o piedino cromato.  &nbsp;  ET-NO 1350 \u00c8 dotato di due ante con chiusura ammortizzata, tre cassetti con guida a scomparsa con self-closing, zoccolino laterale o piedino cromato.  &nbsp;  ET-NO H2O Il mobile prende il nome di Et-No H2O se scelto nella versione con lavabo. Misure lavabo L. 400 x P. 340 x H. 145 mm. Come optional \u00e8 disponibile il miscelatore a leva clinica.\" \/>\n<meta property=\"og:url\" content=\"https:\/\/renewalestetica.com\/sito\/prodotto\/mobile-modulare-et-no-et-no-h2o\/\" \/>\n<meta property=\"og:site_name\" content=\"Renewal-Prodotti del Mar Morto\" \/>\n<meta property=\"article:publisher\" content=\"https:\/\/www.facebook.com\/renewalestetica\/\" \/>\n<meta property=\"article:modified_time\" content=\"2021-12-29T10:02:24+00:00\" \/>\n<meta property=\"og:image\" content=\"https:\/\/renewalestetica.com\/sito\/wp-content\/uploads\/2021\/12\/et-no02.jpeg\" \/>\n\t<meta property=\"og:image:width\" content=\"1300\" \/>\n\t<meta property=\"og:image:height\" content=\"850\" \/>\n\t<meta property=\"og:image:type\" content=\"image\/jpeg\" \/>\n<meta name=\"twitter:label1\" content=\"Tempo di lettura stimato\" \/>\n\t<meta name=\"twitter:data1\" content=\"1 minuto\" \/>\n<script type=\"application\/ld+json\" class=\"yoast-schema-graph\">{\"@context\":\"https:\/\/schema.org\",\"@graph\":[{\"@type\":\"WebPage\",\"@id\":\"https:\/\/renewalestetica.com\/sito\/prodotto\/mobile-modulare-et-no-et-no-h2o\/\",\"url\":\"https:\/\/renewalestetica.com\/sito\/prodotto\/mobile-modulare-et-no-et-no-h2o\/\",\"name\":\"Mobile Modulare ET-NO \/ ET-NO H2O - Renewal-Prodotti del Mar Morto\",\"isPartOf\":{\"@id\":\"https:\/\/renewalestetica.com\/sito\/#website\"},\"primaryImageOfPage\":{\"@id\":\"https:\/\/renewalestetica.com\/sito\/prodotto\/mobile-modulare-et-no-et-no-h2o\/#primaryimage\"},\"image\":{\"@id\":\"https:\/\/renewalestetica.com\/sito\/prodotto\/mobile-modulare-et-no-et-no-h2o\/#primaryimage\"},\"thumbnailUrl\":\"https:\/\/renewalestetica.com\/sito\/wp-content\/uploads\/2021\/12\/et-no02.jpeg\",\"datePublished\":\"2021-12-29T09:59:33+00:00\",\"dateModified\":\"2021-12-29T10:02:24+00:00\",\"breadcrumb\":{\"@id\":\"https:\/\/renewalestetica.com\/sito\/prodotto\/mobile-modulare-et-no-et-no-h2o\/#breadcrumb\"},\"inLanguage\":\"it-IT\",\"potentialAction\":[{\"@type\":\"ReadAction\",\"target\":[\"https:\/\/renewalestetica.com\/sito\/prodotto\/mobile-modulare-et-no-et-no-h2o\/\"]}]},{\"@type\":\"ImageObject\",\"inLanguage\":\"it-IT\",\"@id\":\"https:\/\/renewalestetica.com\/sito\/prodotto\/mobile-modulare-et-no-et-no-h2o\/#primaryimage\",\"url\":\"https:\/\/renewalestetica.com\/sito\/wp-content\/uploads\/2021\/12\/et-no02.jpeg\",\"contentUrl\":\"https:\/\/renewalestetica.com\/sito\/wp-content\/uploads\/2021\/12\/et-no02.jpeg\",\"width\":1300,\"height\":850,\"caption\":\"Mobile Modulare ET-NO \/ ET-NO H2O, attrezzature centri estetici, attrezzature per centri benessere, Benessere, centri benessere, estetica, mobile, mobile centro estetico, arredamento, espositore, Renewal, Renewal estetica, spa, vismara\"},{\"@type\":\"BreadcrumbList\",\"@id\":\"https:\/\/renewalestetica.com\/sito\/prodotto\/mobile-modulare-et-no-et-no-h2o\/#breadcrumb\",\"itemListElement\":[{\"@type\":\"ListItem\",\"position\":1,\"name\":\"Home\",\"item\":\"https:\/\/renewalestetica.com\/sito\/\"},{\"@type\":\"ListItem\",\"position\":2,\"name\":\"Shop Online\",\"item\":\"https:\/\/renewalestetica.com\/sito\/shop-online\/\"},{\"@type\":\"ListItem\",\"position\":3,\"name\":\"Mobile Modulare ET-NO \/ ET-NO H2O\"}]},{\"@type\":\"WebSite\",\"@id\":\"https:\/\/renewalestetica.com\/sito\/#website\",\"url\":\"https:\/\/renewalestetica.com\/sito\/\",\"name\":\"Renewal-Prodotti del Mar Morto\",\"description\":\"\",\"publisher\":{\"@id\":\"https:\/\/renewalestetica.com\/sito\/#organization\"},\"potentialAction\":[{\"@type\":\"SearchAction\",\"target\":{\"@type\":\"EntryPoint\",\"urlTemplate\":\"https:\/\/renewalestetica.com\/sito\/?s={search_term_string}\"},\"query-input\":{\"@type\":\"PropertyValueSpecification\",\"valueRequired\":true,\"valueName\":\"search_term_string\"}}],\"inLanguage\":\"it-IT\"},{\"@type\":\"Organization\",\"@id\":\"https:\/\/renewalestetica.com\/sito\/#organization\",\"name\":\"Renewal\",\"url\":\"https:\/\/renewalestetica.com\/sito\/\",\"logo\":{\"@type\":\"ImageObject\",\"inLanguage\":\"it-IT\",\"@id\":\"https:\/\/renewalestetica.com\/sito\/#\/schema\/logo\/image\/\",\"url\":\"https:\/\/renewalestetica.com\/sito\/wp-content\/uploads\/2021\/12\/LOGO_RENEWAL_ITALY-P.png\",\"contentUrl\":\"https:\/\/renewalestetica.com\/sito\/wp-content\/uploads\/2021\/12\/LOGO_RENEWAL_ITALY-P.png\",\"width\":500,\"height\":132,\"caption\":\"Renewal\"},\"image\":{\"@id\":\"https:\/\/renewalestetica.com\/sito\/#\/schema\/logo\/image\/\"},\"sameAs\":[\"https:\/\/www.facebook.com\/renewalestetica\/\",\"https:\/\/x.com\/RenewalEstetica\",\"https:\/\/www.instagram.com\/renewal.italy\/\",\"https:\/\/www.youtube.com\/channel\/UCLXMNtaF51hDO92FaRnJY7w\"]}]}<\/script>\n<!-- \/ Yoast SEO plugin. -->","yoast_head_json":{"title":"Mobile Modulare ET-NO \/ ET-NO H2O - Renewal-Prodotti del Mar Morto","robots":{"index":"index","follow":"follow","max-snippet":"max-snippet:-1","max-image-preview":"max-image-preview:large","max-video-preview":"max-video-preview:-1"},"canonical":"https:\/\/renewalestetica.com\/sito\/prodotto\/mobile-modulare-et-no-et-no-h2o\/","og_locale":"it_IT","og_type":"article","og_title":"Mobile Modulare ET-NO \/ ET-NO H2O - Renewal-Prodotti del Mar Morto","og_description":"Et-No e Et-No H2O sono mobili realizzati in legno nobilitato dallo stile moderno che permettono di arredare con originalit\u00e0 ogni ambiente. \u00c8 possibile personalizzare il mobile a piacimento con ante, cassetti o con vani a giorno. Lo zoccolino in legno pu\u00f2 essere sostituito da 4 piedini cromati.  &nbsp;  ET-NO 450 \u00c8 dotato di un\u2019anta con chiusura ammortizzata, maniglia cromata e zoccolino laterale o piedino cromato.  &nbsp;  ET-NO 900 \u00c8 dotato di due ante con chiusura ammortizzata, maniglie cromate e zoccolino laterale o piedino cromato.  &nbsp;  ET-NO 1350 \u00c8 dotato di due ante con chiusura ammortizzata, tre cassetti con guida a scomparsa con self-closing, zoccolino laterale o piedino cromato.  &nbsp;  ET-NO H2O Il mobile prende il nome di Et-No H2O se scelto nella versione con lavabo. Misure lavabo L. 400 x P. 340 x H. 145 mm. Come optional \u00e8 disponibile il miscelatore a leva clinica.","og_url":"https:\/\/renewalestetica.com\/sito\/prodotto\/mobile-modulare-et-no-et-no-h2o\/","og_site_name":"Renewal-Prodotti del Mar Morto","article_publisher":"https:\/\/www.facebook.com\/renewalestetica\/","article_modified_time":"2021-12-29T10:02:24+00:00","og_image":[{"width":1300,"height":850,"url":"https:\/\/renewalestetica.com\/sito\/wp-content\/uploads\/2021\/12\/et-no02.jpeg","type":"image\/jpeg"}],"twitter_misc":{"Tempo di lettura stimato":"1 minuto"},"schema":{"@context":"https:\/\/schema.org","@graph":[{"@type":"WebPage","@id":"https:\/\/renewalestetica.com\/sito\/prodotto\/mobile-modulare-et-no-et-no-h2o\/","url":"https:\/\/renewalestetica.com\/sito\/prodotto\/mobile-modulare-et-no-et-no-h2o\/","name":"Mobile Modulare ET-NO \/ ET-NO H2O - Renewal-Prodotti del Mar Morto","isPartOf":{"@id":"https:\/\/renewalestetica.com\/sito\/#website"},"primaryImageOfPage":{"@id":"https:\/\/renewalestetica.com\/sito\/prodotto\/mobile-modulare-et-no-et-no-h2o\/#primaryimage"},"image":{"@id":"https:\/\/renewalestetica.com\/sito\/prodotto\/mobile-modulare-et-no-et-no-h2o\/#primaryimage"},"thumbnailUrl":"https:\/\/renewalestetica.com\/sito\/wp-content\/uploads\/2021\/12\/et-no02.jpeg","datePublished":"2021-12-29T09:59:33+00:00","dateModified":"2021-12-29T10:02:24+00:00","breadcrumb":{"@id":"https:\/\/renewalestetica.com\/sito\/prodotto\/mobile-modulare-et-no-et-no-h2o\/#breadcrumb"},"inLanguage":"it-IT","potentialAction":[{"@type":"ReadAction","target":["https:\/\/renewalestetica.com\/sito\/prodotto\/mobile-modulare-et-no-et-no-h2o\/"]}]},{"@type":"ImageObject","inLanguage":"it-IT","@id":"https:\/\/renewalestetica.com\/sito\/prodotto\/mobile-modulare-et-no-et-no-h2o\/#primaryimage","url":"https:\/\/renewalestetica.com\/sito\/wp-content\/uploads\/2021\/12\/et-no02.jpeg","contentUrl":"https:\/\/renewalestetica.com\/sito\/wp-content\/uploads\/2021\/12\/et-no02.jpeg","width":1300,"height":850,"caption":"Mobile Modulare ET-NO \/ ET-NO H2O, attrezzature centri estetici, attrezzature per centri benessere, Benessere, centri benessere, estetica, mobile, mobile centro estetico, arredamento, espositore, Renewal, Renewal estetica, spa, vismara"},{"@type":"BreadcrumbList","@id":"https:\/\/renewalestetica.com\/sito\/prodotto\/mobile-modulare-et-no-et-no-h2o\/#breadcrumb","itemListElement":[{"@type":"ListItem","position":1,"name":"Home","item":"https:\/\/renewalestetica.com\/sito\/"},{"@type":"ListItem","position":2,"name":"Shop Online","item":"https:\/\/renewalestetica.com\/sito\/shop-online\/"},{"@type":"ListItem","position":3,"name":"Mobile Modulare ET-NO \/ ET-NO H2O"}]},{"@type":"WebSite","@id":"https:\/\/renewalestetica.com\/sito\/#website","url":"https:\/\/renewalestetica.com\/sito\/","name":"Renewal-Prodotti del Mar Morto","description":"","publisher":{"@id":"https:\/\/renewalestetica.com\/sito\/#organization"},"potentialAction":[{"@type":"SearchAction","target":{"@type":"EntryPoint","urlTemplate":"https:\/\/renewalestetica.com\/sito\/?s={search_term_string}"},"query-input":{"@type":"PropertyValueSpecification","valueRequired":true,"valueName":"search_term_string"}}],"inLanguage":"it-IT"},{"@type":"Organization","@id":"https:\/\/renewalestetica.com\/sito\/#organization","name":"Renewal","url":"https:\/\/renewalestetica.com\/sito\/","logo":{"@type":"ImageObject","inLanguage":"it-IT","@id":"https:\/\/renewalestetica.com\/sito\/#\/schema\/logo\/image\/","url":"https:\/\/renewalestetica.com\/sito\/wp-content\/uploads\/2021\/12\/LOGO_RENEWAL_ITALY-P.png","contentUrl":"https:\/\/renewalestetica.com\/sito\/wp-content\/uploads\/2021\/12\/LOGO_RENEWAL_ITALY-P.png","width":500,"height":132,"caption":"Renewal"},"image":{"@id":"https:\/\/renewalestetica.com\/sito\/#\/schema\/logo\/image\/"},"sameAs":["https:\/\/www.facebook.com\/renewalestetica\/","https:\/\/x.com\/RenewalEstetica","https:\/\/www.instagram.com\/renewal.italy\/","https:\/\/www.youtube.com\/channel\/UCLXMNtaF51hDO92FaRnJY7w"]}]}},"_links":{"self":[{"href":"https:\/\/renewalestetica.com\/sito\/wp-json\/wp\/v2\/product\/11623","targetHints":{"allow":["GET"]}}],"collection":[{"href":"https:\/\/renewalestetica.com\/sito\/wp-json\/wp\/v2\/product"}],"about":[{"href":"https:\/\/renewalestetica.com\/sito\/wp-json\/wp\/v2\/types\/product"}],"replies":[{"embeddable":true,"href":"https:\/\/renewalestetica.com\/sito\/wp-json\/wp\/v2\/comments?post=11623"}],"wp:featuredmedia":[{"embeddable":true,"href":"https:\/\/renewalestetica.com\/sito\/wp-json\/wp\/v2\/media\/11624"}],"wp:attachment":[{"href":"https:\/\/renewalestetica.com\/sito\/wp-json\/wp\/v2\/media?parent=11623"}],"wp:term":[{"taxonomy":"product_brand","embeddable":true,"href":"https:\/\/renewalestetica.com\/sito\/wp-json\/wp\/v2\/product_brand?post=11623"},{"taxonomy":"product_cat","embeddable":true,"href":"https:\/\/renewalestetica.com\/sito\/wp-json\/wp\/v2\/product_cat?post=11623"},{"taxonomy":"product_tag","embeddable":true,"href":"https:\/\/renewalestetica.com\/sito\/wp-json\/wp\/v2\/product_tag?post=11623"}],"curies":[{"name":"wp","href":"https:\/\/api.w.org\/{rel}","templated":true}]}}