{"id":11628,"date":"2021-12-29T11:02:47","date_gmt":"2021-12-29T10:02:47","guid":{"rendered":"https:\/\/renewalestetica.com\/sito\/?post_type=product&#038;p=11628"},"modified":"2021-12-29T11:03:31","modified_gmt":"2021-12-29T10:03:31","slug":"light-desk","status":"publish","type":"product","link":"https:\/\/renewalestetica.com\/sito\/prodotto\/light-desk\/","title":{"rendered":"Light Desk"},"content":{"rendered":"<p>Il banco reception \u00e8 il primo elemento per l\u2019accoglienza e deve rispettare lo stile dell\u2019ambiente circostante.<br \/>\nLight Desk \u00e8 una reception minimale che si caratterizza per la sua eleganza.<br \/>\n\u00c8 realizzata in nobilitato bianco lucido.<br \/>\nLa reception pu\u00f2 essere composta dal solo modulo centrale (Light Desk) oppure si possono aggiungere una o due vetrine espositive Light (destra e\/o sinistra).<br \/>\nIl modulo fisso centrale \u00e8 riservato e funzionale: \u00e8 dotato di piano estraibile porta-planning, foro passacavi, cassetto con chiusura, vano giorno e anta con ripiano.<br \/>\nIl pannello frontale retro-illuminato oltre a garantire riservatezza permette di avere un piano d\u2019appoggio.<\/p>\n","protected":false},"excerpt":{"rendered":"<p>Il banco reception \u00e8 il primo elemento per l\u2019accoglienza e deve rispettare lo stile dell\u2019ambiente circostante.<br \/>\nLight Desk \u00e8 una reception minimale che si caratterizza per la sua eleganza.<br \/>\n\u00c8 realizzata in nobilitato bianco lucido.<br \/>\nLa reception pu\u00f2 essere composta dal solo modulo centrale (Light Desk) oppure si possono aggiungere una o due vetrine espositive Light (destra e\/o sinistra).<br \/>\nIl modulo fisso centrale \u00e8 riservato e funzionale: \u00e8 dotato di piano estraibile porta-planning, foro passacavi, cassetto con chiusura, vano giorno e anta con ripiano.<br \/>\nIl pannello frontale retro-illuminato oltre a garantire riservatezza permette di avere un piano d\u2019appoggio.<\/p>\n","protected":false},"featured_media":11617,"comment_status":"closed","ping_status":"closed","template":"","meta":[],"product_brand":[],"product_cat":[1971,1970,28],"product_tag":[1967,1966],"class_list":{"0":"post-11628","1":"product","2":"type-product","3":"status-publish","4":"has-post-thumbnail","6":"product_cat-mobili-e-arredamento","7":"product_cat-vismara","8":"product_cat-strumenti-e-apparecchiature-per-estetiste","9":"product_tag-lettini-vismara","10":"product_tag-vismara","12":"first","13":"instock","14":"taxable","15":"shipping-taxable","16":"product-type-simple"},"yoast_head":"<!-- This site is optimized with the Yoast SEO plugin v26.2 - https:\/\/yoast.com\/wordpress\/plugins\/seo\/ -->\n<title>Light Desk - Renewal-Prodotti del Mar Morto<\/title>\n<meta name=\"robots\" content=\"index, follow, max-snippet:-1, max-image-preview:large, max-video-preview:-1\" \/>\n<link rel=\"canonical\" href=\"https:\/\/renewalestetica.com\/sito\/prodotto\/light-desk\/\" \/>\n<meta property=\"og:locale\" content=\"it_IT\" \/>\n<meta property=\"og:type\" content=\"article\" \/>\n<meta property=\"og:title\" content=\"Light Desk - Renewal-Prodotti del Mar Morto\" \/>\n<meta property=\"og:description\" content=\"Il banco reception \u00e8 il primo elemento per l\u2019accoglienza e deve rispettare lo stile dell\u2019ambiente circostante. Light Desk \u00e8 una reception minimale che si caratterizza per la sua eleganza. \u00c8 realizzata in nobilitato bianco lucido. La reception pu\u00f2 essere composta dal solo modulo centrale (Light Desk) oppure si possono aggiungere una o due vetrine espositive Light (destra e\/o sinistra). Il modulo fisso centrale \u00e8 riservato e funzionale: \u00e8 dotato di piano estraibile porta-planning, foro passacavi, cassetto con chiusura, vano giorno e anta con ripiano. Il pannello frontale retro-illuminato oltre a garantire riservatezza permette di avere un piano d\u2019appoggio.\" \/>\n<meta property=\"og:url\" content=\"https:\/\/renewalestetica.com\/sito\/prodotto\/light-desk\/\" \/>\n<meta property=\"og:site_name\" content=\"Renewal-Prodotti del Mar Morto\" \/>\n<meta property=\"article:publisher\" content=\"https:\/\/www.facebook.com\/renewalestetica\/\" \/>\n<meta property=\"article:modified_time\" content=\"2021-12-29T10:03:31+00:00\" \/>\n<meta property=\"og:image\" content=\"https:\/\/renewalestetica.com\/sito\/wp-content\/uploads\/2021\/12\/Mobili-e-arredo-vismara-16-scaled.jpg\" \/>\n\t<meta property=\"og:image:width\" content=\"2560\" \/>\n\t<meta property=\"og:image:height\" content=\"1920\" \/>\n\t<meta property=\"og:image:type\" content=\"image\/jpeg\" \/>\n<script type=\"application\/ld+json\" class=\"yoast-schema-graph\">{\"@context\":\"https:\/\/schema.org\",\"@graph\":[{\"@type\":\"WebPage\",\"@id\":\"https:\/\/renewalestetica.com\/sito\/prodotto\/light-desk\/\",\"url\":\"https:\/\/renewalestetica.com\/sito\/prodotto\/light-desk\/\",\"name\":\"Light Desk - Renewal-Prodotti del Mar Morto\",\"isPartOf\":{\"@id\":\"https:\/\/renewalestetica.com\/sito\/#website\"},\"primaryImageOfPage\":{\"@id\":\"https:\/\/renewalestetica.com\/sito\/prodotto\/light-desk\/#primaryimage\"},\"image\":{\"@id\":\"https:\/\/renewalestetica.com\/sito\/prodotto\/light-desk\/#primaryimage\"},\"thumbnailUrl\":\"https:\/\/renewalestetica.com\/sito\/wp-content\/uploads\/2021\/12\/Mobili-e-arredo-vismara-16-scaled.jpg\",\"datePublished\":\"2021-12-29T10:02:47+00:00\",\"dateModified\":\"2021-12-29T10:03:31+00:00\",\"breadcrumb\":{\"@id\":\"https:\/\/renewalestetica.com\/sito\/prodotto\/light-desk\/#breadcrumb\"},\"inLanguage\":\"it-IT\",\"potentialAction\":[{\"@type\":\"ReadAction\",\"target\":[\"https:\/\/renewalestetica.com\/sito\/prodotto\/light-desk\/\"]}]},{\"@type\":\"ImageObject\",\"inLanguage\":\"it-IT\",\"@id\":\"https:\/\/renewalestetica.com\/sito\/prodotto\/light-desk\/#primaryimage\",\"url\":\"https:\/\/renewalestetica.com\/sito\/wp-content\/uploads\/2021\/12\/Mobili-e-arredo-vismara-16-scaled.jpg\",\"contentUrl\":\"https:\/\/renewalestetica.com\/sito\/wp-content\/uploads\/2021\/12\/Mobili-e-arredo-vismara-16-scaled.jpg\",\"width\":2560,\"height\":1920,\"caption\":\"Mobili e arredo vismara\"},{\"@type\":\"BreadcrumbList\",\"@id\":\"https:\/\/renewalestetica.com\/sito\/prodotto\/light-desk\/#breadcrumb\",\"itemListElement\":[{\"@type\":\"ListItem\",\"position\":1,\"name\":\"Home\",\"item\":\"https:\/\/renewalestetica.com\/sito\/\"},{\"@type\":\"ListItem\",\"position\":2,\"name\":\"Shop Online\",\"item\":\"https:\/\/renewalestetica.com\/sito\/shop-online\/\"},{\"@type\":\"ListItem\",\"position\":3,\"name\":\"Light Desk\"}]},{\"@type\":\"WebSite\",\"@id\":\"https:\/\/renewalestetica.com\/sito\/#website\",\"url\":\"https:\/\/renewalestetica.com\/sito\/\",\"name\":\"Renewal-Prodotti del Mar Morto\",\"description\":\"\",\"publisher\":{\"@id\":\"https:\/\/renewalestetica.com\/sito\/#organization\"},\"potentialAction\":[{\"@type\":\"SearchAction\",\"target\":{\"@type\":\"EntryPoint\",\"urlTemplate\":\"https:\/\/renewalestetica.com\/sito\/?s={search_term_string}\"},\"query-input\":{\"@type\":\"PropertyValueSpecification\",\"valueRequired\":true,\"valueName\":\"search_term_string\"}}],\"inLanguage\":\"it-IT\"},{\"@type\":\"Organization\",\"@id\":\"https:\/\/renewalestetica.com\/sito\/#organization\",\"name\":\"Renewal\",\"url\":\"https:\/\/renewalestetica.com\/sito\/\",\"logo\":{\"@type\":\"ImageObject\",\"inLanguage\":\"it-IT\",\"@id\":\"https:\/\/renewalestetica.com\/sito\/#\/schema\/logo\/image\/\",\"url\":\"https:\/\/renewalestetica.com\/sito\/wp-content\/uploads\/2021\/12\/LOGO_RENEWAL_ITALY-P.png\",\"contentUrl\":\"https:\/\/renewalestetica.com\/sito\/wp-content\/uploads\/2021\/12\/LOGO_RENEWAL_ITALY-P.png\",\"width\":500,\"height\":132,\"caption\":\"Renewal\"},\"image\":{\"@id\":\"https:\/\/renewalestetica.com\/sito\/#\/schema\/logo\/image\/\"},\"sameAs\":[\"https:\/\/www.facebook.com\/renewalestetica\/\",\"https:\/\/x.com\/RenewalEstetica\",\"https:\/\/www.instagram.com\/renewal.italy\/\",\"https:\/\/www.youtube.com\/channel\/UCLXMNtaF51hDO92FaRnJY7w\"]}]}<\/script>\n<!-- \/ Yoast SEO plugin. -->","yoast_head_json":{"title":"Light Desk - Renewal-Prodotti del Mar Morto","robots":{"index":"index","follow":"follow","max-snippet":"max-snippet:-1","max-image-preview":"max-image-preview:large","max-video-preview":"max-video-preview:-1"},"canonical":"https:\/\/renewalestetica.com\/sito\/prodotto\/light-desk\/","og_locale":"it_IT","og_type":"article","og_title":"Light Desk - Renewal-Prodotti del Mar Morto","og_description":"Il banco reception \u00e8 il primo elemento per l\u2019accoglienza e deve rispettare lo stile dell\u2019ambiente circostante. Light Desk \u00e8 una reception minimale che si caratterizza per la sua eleganza. \u00c8 realizzata in nobilitato bianco lucido. La reception pu\u00f2 essere composta dal solo modulo centrale (Light Desk) oppure si possono aggiungere una o due vetrine espositive Light (destra e\/o sinistra). Il modulo fisso centrale \u00e8 riservato e funzionale: \u00e8 dotato di piano estraibile porta-planning, foro passacavi, cassetto con chiusura, vano giorno e anta con ripiano. Il pannello frontale retro-illuminato oltre a garantire riservatezza permette di avere un piano d\u2019appoggio.","og_url":"https:\/\/renewalestetica.com\/sito\/prodotto\/light-desk\/","og_site_name":"Renewal-Prodotti del Mar Morto","article_publisher":"https:\/\/www.facebook.com\/renewalestetica\/","article_modified_time":"2021-12-29T10:03:31+00:00","og_image":[{"width":2560,"height":1920,"url":"https:\/\/renewalestetica.com\/sito\/wp-content\/uploads\/2021\/12\/Mobili-e-arredo-vismara-16-scaled.jpg","type":"image\/jpeg"}],"schema":{"@context":"https:\/\/schema.org","@graph":[{"@type":"WebPage","@id":"https:\/\/renewalestetica.com\/sito\/prodotto\/light-desk\/","url":"https:\/\/renewalestetica.com\/sito\/prodotto\/light-desk\/","name":"Light Desk - Renewal-Prodotti del Mar Morto","isPartOf":{"@id":"https:\/\/renewalestetica.com\/sito\/#website"},"primaryImageOfPage":{"@id":"https:\/\/renewalestetica.com\/sito\/prodotto\/light-desk\/#primaryimage"},"image":{"@id":"https:\/\/renewalestetica.com\/sito\/prodotto\/light-desk\/#primaryimage"},"thumbnailUrl":"https:\/\/renewalestetica.com\/sito\/wp-content\/uploads\/2021\/12\/Mobili-e-arredo-vismara-16-scaled.jpg","datePublished":"2021-12-29T10:02:47+00:00","dateModified":"2021-12-29T10:03:31+00:00","breadcrumb":{"@id":"https:\/\/renewalestetica.com\/sito\/prodotto\/light-desk\/#breadcrumb"},"inLanguage":"it-IT","potentialAction":[{"@type":"ReadAction","target":["https:\/\/renewalestetica.com\/sito\/prodotto\/light-desk\/"]}]},{"@type":"ImageObject","inLanguage":"it-IT","@id":"https:\/\/renewalestetica.com\/sito\/prodotto\/light-desk\/#primaryimage","url":"https:\/\/renewalestetica.com\/sito\/wp-content\/uploads\/2021\/12\/Mobili-e-arredo-vismara-16-scaled.jpg","contentUrl":"https:\/\/renewalestetica.com\/sito\/wp-content\/uploads\/2021\/12\/Mobili-e-arredo-vismara-16-scaled.jpg","width":2560,"height":1920,"caption":"Mobili e arredo vismara"},{"@type":"BreadcrumbList","@id":"https:\/\/renewalestetica.com\/sito\/prodotto\/light-desk\/#breadcrumb","itemListElement":[{"@type":"ListItem","position":1,"name":"Home","item":"https:\/\/renewalestetica.com\/sito\/"},{"@type":"ListItem","position":2,"name":"Shop Online","item":"https:\/\/renewalestetica.com\/sito\/shop-online\/"},{"@type":"ListItem","position":3,"name":"Light Desk"}]},{"@type":"WebSite","@id":"https:\/\/renewalestetica.com\/sito\/#website","url":"https:\/\/renewalestetica.com\/sito\/","name":"Renewal-Prodotti del Mar Morto","description":"","publisher":{"@id":"https:\/\/renewalestetica.com\/sito\/#organization"},"potentialAction":[{"@type":"SearchAction","target":{"@type":"EntryPoint","urlTemplate":"https:\/\/renewalestetica.com\/sito\/?s={search_term_string}"},"query-input":{"@type":"PropertyValueSpecification","valueRequired":true,"valueName":"search_term_string"}}],"inLanguage":"it-IT"},{"@type":"Organization","@id":"https:\/\/renewalestetica.com\/sito\/#organization","name":"Renewal","url":"https:\/\/renewalestetica.com\/sito\/","logo":{"@type":"ImageObject","inLanguage":"it-IT","@id":"https:\/\/renewalestetica.com\/sito\/#\/schema\/logo\/image\/","url":"https:\/\/renewalestetica.com\/sito\/wp-content\/uploads\/2021\/12\/LOGO_RENEWAL_ITALY-P.png","contentUrl":"https:\/\/renewalestetica.com\/sito\/wp-content\/uploads\/2021\/12\/LOGO_RENEWAL_ITALY-P.png","width":500,"height":132,"caption":"Renewal"},"image":{"@id":"https:\/\/renewalestetica.com\/sito\/#\/schema\/logo\/image\/"},"sameAs":["https:\/\/www.facebook.com\/renewalestetica\/","https:\/\/x.com\/RenewalEstetica","https:\/\/www.instagram.com\/renewal.italy\/","https:\/\/www.youtube.com\/channel\/UCLXMNtaF51hDO92FaRnJY7w"]}]}},"_links":{"self":[{"href":"https:\/\/renewalestetica.com\/sito\/wp-json\/wp\/v2\/product\/11628","targetHints":{"allow":["GET"]}}],"collection":[{"href":"https:\/\/renewalestetica.com\/sito\/wp-json\/wp\/v2\/product"}],"about":[{"href":"https:\/\/renewalestetica.com\/sito\/wp-json\/wp\/v2\/types\/product"}],"replies":[{"embeddable":true,"href":"https:\/\/renewalestetica.com\/sito\/wp-json\/wp\/v2\/comments?post=11628"}],"wp:featuredmedia":[{"embeddable":true,"href":"https:\/\/renewalestetica.com\/sito\/wp-json\/wp\/v2\/media\/11617"}],"wp:attachment":[{"href":"https:\/\/renewalestetica.com\/sito\/wp-json\/wp\/v2\/media?parent=11628"}],"wp:term":[{"taxonomy":"product_brand","embeddable":true,"href":"https:\/\/renewalestetica.com\/sito\/wp-json\/wp\/v2\/product_brand?post=11628"},{"taxonomy":"product_cat","embeddable":true,"href":"https:\/\/renewalestetica.com\/sito\/wp-json\/wp\/v2\/product_cat?post=11628"},{"taxonomy":"product_tag","embeddable":true,"href":"https:\/\/renewalestetica.com\/sito\/wp-json\/wp\/v2\/product_tag?post=11628"}],"curies":[{"name":"wp","href":"https:\/\/api.w.org\/{rel}","templated":true}]}}