{"id":11685,"date":"2021-12-29T15:15:09","date_gmt":"2021-12-29T14:15:09","guid":{"rendered":"https:\/\/renewalestetica.com\/sito\/?post_type=product&#038;p=11685"},"modified":"2022-01-25T15:27:59","modified_gmt":"2022-01-25T14:27:59","slug":"lettino-creo","status":"publish","type":"product","link":"https:\/\/renewalestetica.com\/sito\/prodotto\/lettino-creo\/","title":{"rendered":"Lettino Creo"},"content":{"rendered":"<p>Creo \u00e8 un lettino per massaggi in finitura bianco opaco con una struttura dalle linee curve ed aggraziate che gli conferiscono un aspetto originale e unico.<br \/>\nIl materasso, realizzato in skai bianco, \u00e8 dotato di angoli arrotondati e di foro facciale con relativo tappo di chiusura.<br \/>\nLa testata \u00e8 regolabile manualmente in diverse posizioni per poter lavorare al meglio.<br \/>\n\u00c8 dotato di piano d\u2019appoggio disponibile in tre diverse finiture, particolare che lo rende un lettino efficiente.<\/p>\n","protected":false},"excerpt":{"rendered":"<p>Creo \u00e8 un lettino per massaggi in finitura bianco opaco con una struttura dalle linee curve ed aggraziate che gli conferiscono un aspetto originale e unico.<br \/>\nIl materasso, realizzato in skai bianco, \u00e8 dotato di angoli arrotondati e di foro facciale con relativo tappo di chiusura.<br \/>\nLa testata \u00e8 regolabile manualmente in diverse posizioni per poter lavorare al meglio.<br \/>\n\u00c8 dotato di piano d\u2019appoggio disponibile in tre diverse finiture, particolare che lo rende un lettino efficiente.<\/p>\n","protected":false},"featured_media":11687,"comment_status":"closed","ping_status":"closed","template":"","meta":[],"product_brand":[],"product_cat":[1972,1970,28,31],"product_tag":[1967,1966],"class_list":{"0":"post-11685","1":"product","2":"type-product","3":"status-publish","4":"has-post-thumbnail","6":"product_cat-lettini","7":"product_cat-vismara","8":"product_cat-strumenti-e-apparecchiature-per-estetiste","9":"product_cat-lettini-per-fisioterapia-e-massaggi","10":"product_tag-lettini-vismara","11":"product_tag-vismara","13":"first","14":"instock","15":"taxable","16":"shipping-taxable","17":"product-type-simple"},"yoast_head":"<!-- This site is optimized with the Yoast SEO plugin v26.2 - https:\/\/yoast.com\/wordpress\/plugins\/seo\/ -->\n<title>Lettino Creo - Renewal-Prodotti del Mar Morto<\/title>\n<meta name=\"robots\" content=\"index, follow, max-snippet:-1, max-image-preview:large, max-video-preview:-1\" \/>\n<link rel=\"canonical\" href=\"https:\/\/renewalestetica.com\/sito\/prodotto\/lettino-creo\/\" \/>\n<meta property=\"og:locale\" content=\"it_IT\" \/>\n<meta property=\"og:type\" content=\"article\" \/>\n<meta property=\"og:title\" content=\"Lettino Creo - Renewal-Prodotti del Mar Morto\" \/>\n<meta property=\"og:description\" content=\"Creo \u00e8 un lettino per massaggi in finitura bianco opaco con una struttura dalle linee curve ed aggraziate che gli conferiscono un aspetto originale e unico. Il materasso, realizzato in skai bianco, \u00e8 dotato di angoli arrotondati e di foro facciale con relativo tappo di chiusura. La testata \u00e8 regolabile manualmente in diverse posizioni per poter lavorare al meglio. \u00c8 dotato di piano d\u2019appoggio disponibile in tre diverse finiture, particolare che lo rende un lettino efficiente.\" \/>\n<meta property=\"og:url\" content=\"https:\/\/renewalestetica.com\/sito\/prodotto\/lettino-creo\/\" \/>\n<meta property=\"og:site_name\" content=\"Renewal-Prodotti del Mar Morto\" \/>\n<meta property=\"article:publisher\" content=\"https:\/\/www.facebook.com\/renewalestetica\/\" \/>\n<meta property=\"article:modified_time\" content=\"2022-01-25T14:27:59+00:00\" \/>\n<meta property=\"og:image\" content=\"https:\/\/renewalestetica.com\/sito\/wp-content\/uploads\/2021\/12\/Creo-lettino-sf.bianco-scaled-1.jpg\" \/>\n\t<meta property=\"og:image:width\" content=\"2560\" \/>\n\t<meta property=\"og:image:height\" content=\"1741\" \/>\n\t<meta property=\"og:image:type\" content=\"image\/jpeg\" \/>\n<script type=\"application\/ld+json\" class=\"yoast-schema-graph\">{\"@context\":\"https:\/\/schema.org\",\"@graph\":[{\"@type\":\"WebPage\",\"@id\":\"https:\/\/renewalestetica.com\/sito\/prodotto\/lettino-creo\/\",\"url\":\"https:\/\/renewalestetica.com\/sito\/prodotto\/lettino-creo\/\",\"name\":\"Lettino Creo - Renewal-Prodotti del Mar Morto\",\"isPartOf\":{\"@id\":\"https:\/\/renewalestetica.com\/sito\/#website\"},\"primaryImageOfPage\":{\"@id\":\"https:\/\/renewalestetica.com\/sito\/prodotto\/lettino-creo\/#primaryimage\"},\"image\":{\"@id\":\"https:\/\/renewalestetica.com\/sito\/prodotto\/lettino-creo\/#primaryimage\"},\"thumbnailUrl\":\"https:\/\/renewalestetica.com\/sito\/wp-content\/uploads\/2021\/12\/Creo-lettino-sf.bianco-scaled-1.jpg\",\"datePublished\":\"2021-12-29T14:15:09+00:00\",\"dateModified\":\"2022-01-25T14:27:59+00:00\",\"breadcrumb\":{\"@id\":\"https:\/\/renewalestetica.com\/sito\/prodotto\/lettino-creo\/#breadcrumb\"},\"inLanguage\":\"it-IT\",\"potentialAction\":[{\"@type\":\"ReadAction\",\"target\":[\"https:\/\/renewalestetica.com\/sito\/prodotto\/lettino-creo\/\"]}]},{\"@type\":\"ImageObject\",\"inLanguage\":\"it-IT\",\"@id\":\"https:\/\/renewalestetica.com\/sito\/prodotto\/lettino-creo\/#primaryimage\",\"url\":\"https:\/\/renewalestetica.com\/sito\/wp-content\/uploads\/2021\/12\/Creo-lettino-sf.bianco-scaled-1.jpg\",\"contentUrl\":\"https:\/\/renewalestetica.com\/sito\/wp-content\/uploads\/2021\/12\/Creo-lettino-sf.bianco-scaled-1.jpg\",\"width\":2560,\"height\":1741,\"caption\":\"Lettino Creo, attrezzature centri estetici, attrezzature per centri benessere, Benessere, centri benessere, estetica, legno, lettino, lettino fisso, lettino in legno, Lettino in legno con uno snodo, relax, Renewal, Renewal estetica, spa, vismara\"},{\"@type\":\"BreadcrumbList\",\"@id\":\"https:\/\/renewalestetica.com\/sito\/prodotto\/lettino-creo\/#breadcrumb\",\"itemListElement\":[{\"@type\":\"ListItem\",\"position\":1,\"name\":\"Home\",\"item\":\"https:\/\/renewalestetica.com\/sito\/\"},{\"@type\":\"ListItem\",\"position\":2,\"name\":\"Shop Online\",\"item\":\"https:\/\/renewalestetica.com\/sito\/shop-online\/\"},{\"@type\":\"ListItem\",\"position\":3,\"name\":\"Lettino Creo\"}]},{\"@type\":\"WebSite\",\"@id\":\"https:\/\/renewalestetica.com\/sito\/#website\",\"url\":\"https:\/\/renewalestetica.com\/sito\/\",\"name\":\"Renewal-Prodotti del Mar Morto\",\"description\":\"\",\"publisher\":{\"@id\":\"https:\/\/renewalestetica.com\/sito\/#organization\"},\"potentialAction\":[{\"@type\":\"SearchAction\",\"target\":{\"@type\":\"EntryPoint\",\"urlTemplate\":\"https:\/\/renewalestetica.com\/sito\/?s={search_term_string}\"},\"query-input\":{\"@type\":\"PropertyValueSpecification\",\"valueRequired\":true,\"valueName\":\"search_term_string\"}}],\"inLanguage\":\"it-IT\"},{\"@type\":\"Organization\",\"@id\":\"https:\/\/renewalestetica.com\/sito\/#organization\",\"name\":\"Renewal\",\"url\":\"https:\/\/renewalestetica.com\/sito\/\",\"logo\":{\"@type\":\"ImageObject\",\"inLanguage\":\"it-IT\",\"@id\":\"https:\/\/renewalestetica.com\/sito\/#\/schema\/logo\/image\/\",\"url\":\"https:\/\/renewalestetica.com\/sito\/wp-content\/uploads\/2021\/12\/LOGO_RENEWAL_ITALY-P.png\",\"contentUrl\":\"https:\/\/renewalestetica.com\/sito\/wp-content\/uploads\/2021\/12\/LOGO_RENEWAL_ITALY-P.png\",\"width\":500,\"height\":132,\"caption\":\"Renewal\"},\"image\":{\"@id\":\"https:\/\/renewalestetica.com\/sito\/#\/schema\/logo\/image\/\"},\"sameAs\":[\"https:\/\/www.facebook.com\/renewalestetica\/\",\"https:\/\/x.com\/RenewalEstetica\",\"https:\/\/www.instagram.com\/renewal.italy\/\",\"https:\/\/www.youtube.com\/channel\/UCLXMNtaF51hDO92FaRnJY7w\"]}]}<\/script>\n<!-- \/ Yoast SEO plugin. -->","yoast_head_json":{"title":"Lettino Creo - Renewal-Prodotti del Mar Morto","robots":{"index":"index","follow":"follow","max-snippet":"max-snippet:-1","max-image-preview":"max-image-preview:large","max-video-preview":"max-video-preview:-1"},"canonical":"https:\/\/renewalestetica.com\/sito\/prodotto\/lettino-creo\/","og_locale":"it_IT","og_type":"article","og_title":"Lettino Creo - Renewal-Prodotti del Mar Morto","og_description":"Creo \u00e8 un lettino per massaggi in finitura bianco opaco con una struttura dalle linee curve ed aggraziate che gli conferiscono un aspetto originale e unico. Il materasso, realizzato in skai bianco, \u00e8 dotato di angoli arrotondati e di foro facciale con relativo tappo di chiusura. La testata \u00e8 regolabile manualmente in diverse posizioni per poter lavorare al meglio. \u00c8 dotato di piano d\u2019appoggio disponibile in tre diverse finiture, particolare che lo rende un lettino efficiente.","og_url":"https:\/\/renewalestetica.com\/sito\/prodotto\/lettino-creo\/","og_site_name":"Renewal-Prodotti del Mar Morto","article_publisher":"https:\/\/www.facebook.com\/renewalestetica\/","article_modified_time":"2022-01-25T14:27:59+00:00","og_image":[{"width":2560,"height":1741,"url":"https:\/\/renewalestetica.com\/sito\/wp-content\/uploads\/2021\/12\/Creo-lettino-sf.bianco-scaled-1.jpg","type":"image\/jpeg"}],"schema":{"@context":"https:\/\/schema.org","@graph":[{"@type":"WebPage","@id":"https:\/\/renewalestetica.com\/sito\/prodotto\/lettino-creo\/","url":"https:\/\/renewalestetica.com\/sito\/prodotto\/lettino-creo\/","name":"Lettino Creo - Renewal-Prodotti del Mar Morto","isPartOf":{"@id":"https:\/\/renewalestetica.com\/sito\/#website"},"primaryImageOfPage":{"@id":"https:\/\/renewalestetica.com\/sito\/prodotto\/lettino-creo\/#primaryimage"},"image":{"@id":"https:\/\/renewalestetica.com\/sito\/prodotto\/lettino-creo\/#primaryimage"},"thumbnailUrl":"https:\/\/renewalestetica.com\/sito\/wp-content\/uploads\/2021\/12\/Creo-lettino-sf.bianco-scaled-1.jpg","datePublished":"2021-12-29T14:15:09+00:00","dateModified":"2022-01-25T14:27:59+00:00","breadcrumb":{"@id":"https:\/\/renewalestetica.com\/sito\/prodotto\/lettino-creo\/#breadcrumb"},"inLanguage":"it-IT","potentialAction":[{"@type":"ReadAction","target":["https:\/\/renewalestetica.com\/sito\/prodotto\/lettino-creo\/"]}]},{"@type":"ImageObject","inLanguage":"it-IT","@id":"https:\/\/renewalestetica.com\/sito\/prodotto\/lettino-creo\/#primaryimage","url":"https:\/\/renewalestetica.com\/sito\/wp-content\/uploads\/2021\/12\/Creo-lettino-sf.bianco-scaled-1.jpg","contentUrl":"https:\/\/renewalestetica.com\/sito\/wp-content\/uploads\/2021\/12\/Creo-lettino-sf.bianco-scaled-1.jpg","width":2560,"height":1741,"caption":"Lettino Creo, attrezzature centri estetici, attrezzature per centri benessere, Benessere, centri benessere, estetica, legno, lettino, lettino fisso, lettino in legno, Lettino in legno con uno snodo, relax, Renewal, Renewal estetica, spa, vismara"},{"@type":"BreadcrumbList","@id":"https:\/\/renewalestetica.com\/sito\/prodotto\/lettino-creo\/#breadcrumb","itemListElement":[{"@type":"ListItem","position":1,"name":"Home","item":"https:\/\/renewalestetica.com\/sito\/"},{"@type":"ListItem","position":2,"name":"Shop Online","item":"https:\/\/renewalestetica.com\/sito\/shop-online\/"},{"@type":"ListItem","position":3,"name":"Lettino Creo"}]},{"@type":"WebSite","@id":"https:\/\/renewalestetica.com\/sito\/#website","url":"https:\/\/renewalestetica.com\/sito\/","name":"Renewal-Prodotti del Mar Morto","description":"","publisher":{"@id":"https:\/\/renewalestetica.com\/sito\/#organization"},"potentialAction":[{"@type":"SearchAction","target":{"@type":"EntryPoint","urlTemplate":"https:\/\/renewalestetica.com\/sito\/?s={search_term_string}"},"query-input":{"@type":"PropertyValueSpecification","valueRequired":true,"valueName":"search_term_string"}}],"inLanguage":"it-IT"},{"@type":"Organization","@id":"https:\/\/renewalestetica.com\/sito\/#organization","name":"Renewal","url":"https:\/\/renewalestetica.com\/sito\/","logo":{"@type":"ImageObject","inLanguage":"it-IT","@id":"https:\/\/renewalestetica.com\/sito\/#\/schema\/logo\/image\/","url":"https:\/\/renewalestetica.com\/sito\/wp-content\/uploads\/2021\/12\/LOGO_RENEWAL_ITALY-P.png","contentUrl":"https:\/\/renewalestetica.com\/sito\/wp-content\/uploads\/2021\/12\/LOGO_RENEWAL_ITALY-P.png","width":500,"height":132,"caption":"Renewal"},"image":{"@id":"https:\/\/renewalestetica.com\/sito\/#\/schema\/logo\/image\/"},"sameAs":["https:\/\/www.facebook.com\/renewalestetica\/","https:\/\/x.com\/RenewalEstetica","https:\/\/www.instagram.com\/renewal.italy\/","https:\/\/www.youtube.com\/channel\/UCLXMNtaF51hDO92FaRnJY7w"]}]}},"_links":{"self":[{"href":"https:\/\/renewalestetica.com\/sito\/wp-json\/wp\/v2\/product\/11685","targetHints":{"allow":["GET"]}}],"collection":[{"href":"https:\/\/renewalestetica.com\/sito\/wp-json\/wp\/v2\/product"}],"about":[{"href":"https:\/\/renewalestetica.com\/sito\/wp-json\/wp\/v2\/types\/product"}],"replies":[{"embeddable":true,"href":"https:\/\/renewalestetica.com\/sito\/wp-json\/wp\/v2\/comments?post=11685"}],"wp:featuredmedia":[{"embeddable":true,"href":"https:\/\/renewalestetica.com\/sito\/wp-json\/wp\/v2\/media\/11687"}],"wp:attachment":[{"href":"https:\/\/renewalestetica.com\/sito\/wp-json\/wp\/v2\/media?parent=11685"}],"wp:term":[{"taxonomy":"product_brand","embeddable":true,"href":"https:\/\/renewalestetica.com\/sito\/wp-json\/wp\/v2\/product_brand?post=11685"},{"taxonomy":"product_cat","embeddable":true,"href":"https:\/\/renewalestetica.com\/sito\/wp-json\/wp\/v2\/product_cat?post=11685"},{"taxonomy":"product_tag","embeddable":true,"href":"https:\/\/renewalestetica.com\/sito\/wp-json\/wp\/v2\/product_tag?post=11685"}],"curies":[{"name":"wp","href":"https:\/\/api.w.org\/{rel}","templated":true}]}}