{"id":11688,"date":"2021-12-29T15:17:42","date_gmt":"2021-12-29T14:17:42","guid":{"rendered":"https:\/\/renewalestetica.com\/sito\/?post_type=product&#038;p=11688"},"modified":"2022-01-25T15:27:59","modified_gmt":"2022-01-25T14:27:59","slug":"andromeda-hydro-mover","status":"publish","type":"product","link":"https:\/\/renewalestetica.com\/sito\/prodotto\/andromeda-hydro-mover\/","title":{"rendered":"ANDROMEDA Hydro Mover"},"content":{"rendered":"<p>Andromeda Hydro Mover \u00e8 un lettino multifunzionale che regala al cliente la possibilit\u00e0 di distendersi su un materassino ad acqua, unico nel suo genere. La temperatura pu\u00f2 variare da 30\u00b0a 42\u00b0 C. Distenditi e goditi il relax ottenuto da una fantastica combinazione di tepore e colore che sprigiona energia, vitalit\u00e0, armonia.<br \/>\nIl lettino Andromeda Hydro Mover incorpora la funzione cromorelax.<br \/>\nMover \u00e8 un sistema di sollevamento elettrico che permette di raggiungere un\u2019altezza massima di 79 cm ed una minima di 57 cm, per un perfetto comfort dell\u2019operatrice.<br \/>\nIl lettino pu\u00f2 essere realizzato in finitura laccato bianco opaco o weng\u00e9.<\/p>\n","protected":false},"excerpt":{"rendered":"<p>Andromeda Hydro Mover \u00e8 un lettino multifunzionale che regala al cliente la possibilit\u00e0 di distendersi su un materassino ad acqua, unico nel suo genere. La temperatura pu\u00f2 variare da 30\u00b0a 42\u00b0 C. Distenditi e goditi il relax ottenuto da una fantastica combinazione di tepore e colore che sprigiona energia, vitalit\u00e0, armonia.<br \/>\nIl lettino Andromeda Hydro Mover incorpora la funzione cromorelax.<br \/>\nMover \u00e8 un sistema di sollevamento elettrico che permette di raggiungere un\u2019altezza massima di 79 cm ed una minima di 57 cm, per un perfetto comfort dell\u2019operatrice.<br \/>\nIl lettino pu\u00f2 essere realizzato in finitura laccato bianco opaco o weng\u00e9.<\/p>\n","protected":false},"featured_media":11690,"comment_status":"closed","ping_status":"closed","template":"","meta":[],"product_brand":[],"product_cat":[1972,1970,28,31],"product_tag":[1967,1966],"class_list":{"0":"post-11688","1":"product","2":"type-product","3":"status-publish","4":"has-post-thumbnail","6":"product_cat-lettini","7":"product_cat-vismara","8":"product_cat-strumenti-e-apparecchiature-per-estetiste","9":"product_cat-lettini-per-fisioterapia-e-massaggi","10":"product_tag-lettini-vismara","11":"product_tag-vismara","13":"first","14":"instock","15":"taxable","16":"shipping-taxable","17":"product-type-simple"},"yoast_head":"<!-- This site is optimized with the Yoast SEO plugin v26.2 - https:\/\/yoast.com\/wordpress\/plugins\/seo\/ -->\n<title>ANDROMEDA Hydro Mover - Renewal-Prodotti del Mar Morto<\/title>\n<meta name=\"robots\" content=\"index, follow, max-snippet:-1, max-image-preview:large, max-video-preview:-1\" \/>\n<link rel=\"canonical\" href=\"https:\/\/renewalestetica.com\/sito\/prodotto\/andromeda-hydro-mover\/\" \/>\n<meta property=\"og:locale\" content=\"it_IT\" \/>\n<meta property=\"og:type\" content=\"article\" \/>\n<meta property=\"og:title\" content=\"ANDROMEDA Hydro Mover - Renewal-Prodotti del Mar Morto\" \/>\n<meta property=\"og:description\" content=\"Andromeda Hydro Mover \u00e8 un lettino multifunzionale che regala al cliente la possibilit\u00e0 di distendersi su un materassino ad acqua, unico nel suo genere. La temperatura pu\u00f2 variare da 30\u00b0a 42\u00b0 C. Distenditi e goditi il relax ottenuto da una fantastica combinazione di tepore e colore che sprigiona energia, vitalit\u00e0, armonia. Il lettino Andromeda Hydro Mover incorpora la funzione cromorelax. Mover \u00e8 un sistema di sollevamento elettrico che permette di raggiungere un\u2019altezza massima di 79 cm ed una minima di 57 cm, per un perfetto comfort dell\u2019operatrice. Il lettino pu\u00f2 essere realizzato in finitura laccato bianco opaco o weng\u00e9.\" \/>\n<meta property=\"og:url\" content=\"https:\/\/renewalestetica.com\/sito\/prodotto\/andromeda-hydro-mover\/\" \/>\n<meta property=\"og:site_name\" content=\"Renewal-Prodotti del Mar Morto\" \/>\n<meta property=\"article:publisher\" content=\"https:\/\/www.facebook.com\/renewalestetica\/\" \/>\n<meta property=\"article:modified_time\" content=\"2022-01-25T14:27:59+00:00\" \/>\n<meta property=\"og:image\" content=\"https:\/\/renewalestetica.com\/sito\/wp-content\/uploads\/2021\/12\/andromeda-Hydro-mover-sf.bianco-scaled-1.jpg\" \/>\n\t<meta property=\"og:image:width\" content=\"2560\" \/>\n\t<meta property=\"og:image:height\" content=\"1707\" \/>\n\t<meta property=\"og:image:type\" content=\"image\/jpeg\" \/>\n<script type=\"application\/ld+json\" class=\"yoast-schema-graph\">{\"@context\":\"https:\/\/schema.org\",\"@graph\":[{\"@type\":\"WebPage\",\"@id\":\"https:\/\/renewalestetica.com\/sito\/prodotto\/andromeda-hydro-mover\/\",\"url\":\"https:\/\/renewalestetica.com\/sito\/prodotto\/andromeda-hydro-mover\/\",\"name\":\"ANDROMEDA Hydro Mover - Renewal-Prodotti del Mar Morto\",\"isPartOf\":{\"@id\":\"https:\/\/renewalestetica.com\/sito\/#website\"},\"primaryImageOfPage\":{\"@id\":\"https:\/\/renewalestetica.com\/sito\/prodotto\/andromeda-hydro-mover\/#primaryimage\"},\"image\":{\"@id\":\"https:\/\/renewalestetica.com\/sito\/prodotto\/andromeda-hydro-mover\/#primaryimage\"},\"thumbnailUrl\":\"https:\/\/renewalestetica.com\/sito\/wp-content\/uploads\/2021\/12\/andromeda-Hydro-mover-sf.bianco-scaled-1.jpg\",\"datePublished\":\"2021-12-29T14:17:42+00:00\",\"dateModified\":\"2022-01-25T14:27:59+00:00\",\"breadcrumb\":{\"@id\":\"https:\/\/renewalestetica.com\/sito\/prodotto\/andromeda-hydro-mover\/#breadcrumb\"},\"inLanguage\":\"it-IT\",\"potentialAction\":[{\"@type\":\"ReadAction\",\"target\":[\"https:\/\/renewalestetica.com\/sito\/prodotto\/andromeda-hydro-mover\/\"]}]},{\"@type\":\"ImageObject\",\"inLanguage\":\"it-IT\",\"@id\":\"https:\/\/renewalestetica.com\/sito\/prodotto\/andromeda-hydro-mover\/#primaryimage\",\"url\":\"https:\/\/renewalestetica.com\/sito\/wp-content\/uploads\/2021\/12\/andromeda-Hydro-mover-sf.bianco-scaled-1.jpg\",\"contentUrl\":\"https:\/\/renewalestetica.com\/sito\/wp-content\/uploads\/2021\/12\/andromeda-Hydro-mover-sf.bianco-scaled-1.jpg\",\"width\":2560,\"height\":1707,\"caption\":\"lettino andromeda Hydro mover,attrezzature centri estetici, attrezzature per centri benessere, Benessere, centri benessere, estetica, legno, lettino, lettino fisso, lettino in legno, Lettino in legno con uno snodo, relax, Renewal, Renewal estetica, spa, vismara\"},{\"@type\":\"BreadcrumbList\",\"@id\":\"https:\/\/renewalestetica.com\/sito\/prodotto\/andromeda-hydro-mover\/#breadcrumb\",\"itemListElement\":[{\"@type\":\"ListItem\",\"position\":1,\"name\":\"Home\",\"item\":\"https:\/\/renewalestetica.com\/sito\/\"},{\"@type\":\"ListItem\",\"position\":2,\"name\":\"Shop Online\",\"item\":\"https:\/\/renewalestetica.com\/sito\/shop-online\/\"},{\"@type\":\"ListItem\",\"position\":3,\"name\":\"ANDROMEDA Hydro Mover\"}]},{\"@type\":\"WebSite\",\"@id\":\"https:\/\/renewalestetica.com\/sito\/#website\",\"url\":\"https:\/\/renewalestetica.com\/sito\/\",\"name\":\"Renewal-Prodotti del Mar Morto\",\"description\":\"\",\"publisher\":{\"@id\":\"https:\/\/renewalestetica.com\/sito\/#organization\"},\"potentialAction\":[{\"@type\":\"SearchAction\",\"target\":{\"@type\":\"EntryPoint\",\"urlTemplate\":\"https:\/\/renewalestetica.com\/sito\/?s={search_term_string}\"},\"query-input\":{\"@type\":\"PropertyValueSpecification\",\"valueRequired\":true,\"valueName\":\"search_term_string\"}}],\"inLanguage\":\"it-IT\"},{\"@type\":\"Organization\",\"@id\":\"https:\/\/renewalestetica.com\/sito\/#organization\",\"name\":\"Renewal\",\"url\":\"https:\/\/renewalestetica.com\/sito\/\",\"logo\":{\"@type\":\"ImageObject\",\"inLanguage\":\"it-IT\",\"@id\":\"https:\/\/renewalestetica.com\/sito\/#\/schema\/logo\/image\/\",\"url\":\"https:\/\/renewalestetica.com\/sito\/wp-content\/uploads\/2021\/12\/LOGO_RENEWAL_ITALY-P.png\",\"contentUrl\":\"https:\/\/renewalestetica.com\/sito\/wp-content\/uploads\/2021\/12\/LOGO_RENEWAL_ITALY-P.png\",\"width\":500,\"height\":132,\"caption\":\"Renewal\"},\"image\":{\"@id\":\"https:\/\/renewalestetica.com\/sito\/#\/schema\/logo\/image\/\"},\"sameAs\":[\"https:\/\/www.facebook.com\/renewalestetica\/\",\"https:\/\/x.com\/RenewalEstetica\",\"https:\/\/www.instagram.com\/renewal.italy\/\",\"https:\/\/www.youtube.com\/channel\/UCLXMNtaF51hDO92FaRnJY7w\"]}]}<\/script>\n<!-- \/ Yoast SEO plugin. -->","yoast_head_json":{"title":"ANDROMEDA Hydro Mover - Renewal-Prodotti del Mar Morto","robots":{"index":"index","follow":"follow","max-snippet":"max-snippet:-1","max-image-preview":"max-image-preview:large","max-video-preview":"max-video-preview:-1"},"canonical":"https:\/\/renewalestetica.com\/sito\/prodotto\/andromeda-hydro-mover\/","og_locale":"it_IT","og_type":"article","og_title":"ANDROMEDA Hydro Mover - Renewal-Prodotti del Mar Morto","og_description":"Andromeda Hydro Mover \u00e8 un lettino multifunzionale che regala al cliente la possibilit\u00e0 di distendersi su un materassino ad acqua, unico nel suo genere. La temperatura pu\u00f2 variare da 30\u00b0a 42\u00b0 C. Distenditi e goditi il relax ottenuto da una fantastica combinazione di tepore e colore che sprigiona energia, vitalit\u00e0, armonia. Il lettino Andromeda Hydro Mover incorpora la funzione cromorelax. Mover \u00e8 un sistema di sollevamento elettrico che permette di raggiungere un\u2019altezza massima di 79 cm ed una minima di 57 cm, per un perfetto comfort dell\u2019operatrice. Il lettino pu\u00f2 essere realizzato in finitura laccato bianco opaco o weng\u00e9.","og_url":"https:\/\/renewalestetica.com\/sito\/prodotto\/andromeda-hydro-mover\/","og_site_name":"Renewal-Prodotti del Mar Morto","article_publisher":"https:\/\/www.facebook.com\/renewalestetica\/","article_modified_time":"2022-01-25T14:27:59+00:00","og_image":[{"width":2560,"height":1707,"url":"https:\/\/renewalestetica.com\/sito\/wp-content\/uploads\/2021\/12\/andromeda-Hydro-mover-sf.bianco-scaled-1.jpg","type":"image\/jpeg"}],"schema":{"@context":"https:\/\/schema.org","@graph":[{"@type":"WebPage","@id":"https:\/\/renewalestetica.com\/sito\/prodotto\/andromeda-hydro-mover\/","url":"https:\/\/renewalestetica.com\/sito\/prodotto\/andromeda-hydro-mover\/","name":"ANDROMEDA Hydro Mover - Renewal-Prodotti del Mar Morto","isPartOf":{"@id":"https:\/\/renewalestetica.com\/sito\/#website"},"primaryImageOfPage":{"@id":"https:\/\/renewalestetica.com\/sito\/prodotto\/andromeda-hydro-mover\/#primaryimage"},"image":{"@id":"https:\/\/renewalestetica.com\/sito\/prodotto\/andromeda-hydro-mover\/#primaryimage"},"thumbnailUrl":"https:\/\/renewalestetica.com\/sito\/wp-content\/uploads\/2021\/12\/andromeda-Hydro-mover-sf.bianco-scaled-1.jpg","datePublished":"2021-12-29T14:17:42+00:00","dateModified":"2022-01-25T14:27:59+00:00","breadcrumb":{"@id":"https:\/\/renewalestetica.com\/sito\/prodotto\/andromeda-hydro-mover\/#breadcrumb"},"inLanguage":"it-IT","potentialAction":[{"@type":"ReadAction","target":["https:\/\/renewalestetica.com\/sito\/prodotto\/andromeda-hydro-mover\/"]}]},{"@type":"ImageObject","inLanguage":"it-IT","@id":"https:\/\/renewalestetica.com\/sito\/prodotto\/andromeda-hydro-mover\/#primaryimage","url":"https:\/\/renewalestetica.com\/sito\/wp-content\/uploads\/2021\/12\/andromeda-Hydro-mover-sf.bianco-scaled-1.jpg","contentUrl":"https:\/\/renewalestetica.com\/sito\/wp-content\/uploads\/2021\/12\/andromeda-Hydro-mover-sf.bianco-scaled-1.jpg","width":2560,"height":1707,"caption":"lettino andromeda Hydro mover,attrezzature centri estetici, attrezzature per centri benessere, Benessere, centri benessere, estetica, legno, lettino, lettino fisso, lettino in legno, Lettino in legno con uno snodo, relax, Renewal, Renewal estetica, spa, vismara"},{"@type":"BreadcrumbList","@id":"https:\/\/renewalestetica.com\/sito\/prodotto\/andromeda-hydro-mover\/#breadcrumb","itemListElement":[{"@type":"ListItem","position":1,"name":"Home","item":"https:\/\/renewalestetica.com\/sito\/"},{"@type":"ListItem","position":2,"name":"Shop Online","item":"https:\/\/renewalestetica.com\/sito\/shop-online\/"},{"@type":"ListItem","position":3,"name":"ANDROMEDA Hydro Mover"}]},{"@type":"WebSite","@id":"https:\/\/renewalestetica.com\/sito\/#website","url":"https:\/\/renewalestetica.com\/sito\/","name":"Renewal-Prodotti del Mar Morto","description":"","publisher":{"@id":"https:\/\/renewalestetica.com\/sito\/#organization"},"potentialAction":[{"@type":"SearchAction","target":{"@type":"EntryPoint","urlTemplate":"https:\/\/renewalestetica.com\/sito\/?s={search_term_string}"},"query-input":{"@type":"PropertyValueSpecification","valueRequired":true,"valueName":"search_term_string"}}],"inLanguage":"it-IT"},{"@type":"Organization","@id":"https:\/\/renewalestetica.com\/sito\/#organization","name":"Renewal","url":"https:\/\/renewalestetica.com\/sito\/","logo":{"@type":"ImageObject","inLanguage":"it-IT","@id":"https:\/\/renewalestetica.com\/sito\/#\/schema\/logo\/image\/","url":"https:\/\/renewalestetica.com\/sito\/wp-content\/uploads\/2021\/12\/LOGO_RENEWAL_ITALY-P.png","contentUrl":"https:\/\/renewalestetica.com\/sito\/wp-content\/uploads\/2021\/12\/LOGO_RENEWAL_ITALY-P.png","width":500,"height":132,"caption":"Renewal"},"image":{"@id":"https:\/\/renewalestetica.com\/sito\/#\/schema\/logo\/image\/"},"sameAs":["https:\/\/www.facebook.com\/renewalestetica\/","https:\/\/x.com\/RenewalEstetica","https:\/\/www.instagram.com\/renewal.italy\/","https:\/\/www.youtube.com\/channel\/UCLXMNtaF51hDO92FaRnJY7w"]}]}},"_links":{"self":[{"href":"https:\/\/renewalestetica.com\/sito\/wp-json\/wp\/v2\/product\/11688","targetHints":{"allow":["GET"]}}],"collection":[{"href":"https:\/\/renewalestetica.com\/sito\/wp-json\/wp\/v2\/product"}],"about":[{"href":"https:\/\/renewalestetica.com\/sito\/wp-json\/wp\/v2\/types\/product"}],"replies":[{"embeddable":true,"href":"https:\/\/renewalestetica.com\/sito\/wp-json\/wp\/v2\/comments?post=11688"}],"wp:featuredmedia":[{"embeddable":true,"href":"https:\/\/renewalestetica.com\/sito\/wp-json\/wp\/v2\/media\/11690"}],"wp:attachment":[{"href":"https:\/\/renewalestetica.com\/sito\/wp-json\/wp\/v2\/media?parent=11688"}],"wp:term":[{"taxonomy":"product_brand","embeddable":true,"href":"https:\/\/renewalestetica.com\/sito\/wp-json\/wp\/v2\/product_brand?post=11688"},{"taxonomy":"product_cat","embeddable":true,"href":"https:\/\/renewalestetica.com\/sito\/wp-json\/wp\/v2\/product_cat?post=11688"},{"taxonomy":"product_tag","embeddable":true,"href":"https:\/\/renewalestetica.com\/sito\/wp-json\/wp\/v2\/product_tag?post=11688"}],"curies":[{"name":"wp","href":"https:\/\/api.w.org\/{rel}","templated":true}]}}