{"id":11694,"date":"2021-12-29T15:23:37","date_gmt":"2021-12-29T14:23:37","guid":{"rendered":"https:\/\/renewalestetica.com\/sito\/?post_type=product&#038;p=11694"},"modified":"2022-01-25T15:27:59","modified_gmt":"2022-01-25T14:27:59","slug":"lettino-elettrico-lumina","status":"publish","type":"product","link":"https:\/\/renewalestetica.com\/sito\/prodotto\/lettino-elettrico-lumina\/","title":{"rendered":"Lettino elettrico Lumina"},"content":{"rendered":"<p>Lumina \u00e8 un lettino elettrico multifunzionale dotato di quattro motori e grazie alla funzione Trendelenburg offre innumerevoli opzioni di regolazione.<br \/>\nIl movimento elettrico del materasso \u00e8 gestito tramite telecomando e agevola qualsiasi tipo di trattamento.<br \/>\nLumina \u00e8 dotato di un basamento con illuminazione LED che pu\u00f2 essere utilizzato come appoggio per il posizionamento di prodotti.<br \/>\nIl materasso, estremamente confortevole, \u00e8 in skai bianco, il basamento in finitura bianco opaco<\/p>\n","protected":false},"excerpt":{"rendered":"<p>Lumina \u00e8 un lettino elettrico multifunzionale dotato di quattro motori e grazie alla funzione Trendelenburg offre innumerevoli opzioni di regolazione.<br \/>\nIl movimento elettrico del materasso \u00e8 gestito tramite telecomando e agevola qualsiasi tipo di trattamento.<br \/>\nLumina \u00e8 dotato di un basamento con illuminazione LED che pu\u00f2 essere utilizzato come appoggio per il posizionamento di prodotti.<br \/>\nIl materasso, estremamente confortevole, \u00e8 in skai bianco, il basamento in finitura bianco opaco<\/p>\n","protected":false},"featured_media":11695,"comment_status":"closed","ping_status":"closed","template":"","meta":[],"product_brand":[],"product_cat":[1972,1970,28,31],"product_tag":[1967,1966],"class_list":{"0":"post-11694","1":"product","2":"type-product","3":"status-publish","4":"has-post-thumbnail","6":"product_cat-lettini","7":"product_cat-vismara","8":"product_cat-strumenti-e-apparecchiature-per-estetiste","9":"product_cat-lettini-per-fisioterapia-e-massaggi","10":"product_tag-lettini-vismara","11":"product_tag-vismara","13":"first","14":"instock","15":"taxable","16":"shipping-taxable","17":"product-type-simple"},"yoast_head":"<!-- This site is optimized with the Yoast SEO plugin v26.2 - https:\/\/yoast.com\/wordpress\/plugins\/seo\/ -->\n<title>Lettino elettrico Lumina - Renewal-Prodotti del Mar Morto<\/title>\n<meta name=\"robots\" content=\"index, follow, max-snippet:-1, max-image-preview:large, max-video-preview:-1\" \/>\n<link rel=\"canonical\" href=\"https:\/\/renewalestetica.com\/sito\/prodotto\/lettino-elettrico-lumina\/\" \/>\n<meta property=\"og:locale\" content=\"it_IT\" \/>\n<meta property=\"og:type\" content=\"article\" \/>\n<meta property=\"og:title\" content=\"Lettino elettrico Lumina - Renewal-Prodotti del Mar Morto\" \/>\n<meta property=\"og:description\" content=\"Lumina \u00e8 un lettino elettrico multifunzionale dotato di quattro motori e grazie alla funzione Trendelenburg offre innumerevoli opzioni di regolazione. Il movimento elettrico del materasso \u00e8 gestito tramite telecomando e agevola qualsiasi tipo di trattamento. Lumina \u00e8 dotato di un basamento con illuminazione LED che pu\u00f2 essere utilizzato come appoggio per il posizionamento di prodotti. Il materasso, estremamente confortevole, \u00e8 in skai bianco, il basamento in finitura bianco opaco\" \/>\n<meta property=\"og:url\" content=\"https:\/\/renewalestetica.com\/sito\/prodotto\/lettino-elettrico-lumina\/\" \/>\n<meta property=\"og:site_name\" content=\"Renewal-Prodotti del Mar Morto\" \/>\n<meta property=\"article:publisher\" content=\"https:\/\/www.facebook.com\/renewalestetica\/\" \/>\n<meta property=\"article:modified_time\" content=\"2022-01-25T14:27:59+00:00\" \/>\n<meta property=\"og:image\" content=\"https:\/\/renewalestetica.com\/sito\/wp-content\/uploads\/2021\/12\/Lettino-elettrico-Lumina.jpg\" \/>\n\t<meta property=\"og:image:width\" content=\"2560\" \/>\n\t<meta property=\"og:image:height\" content=\"1694\" \/>\n\t<meta property=\"og:image:type\" content=\"image\/jpeg\" \/>\n<script type=\"application\/ld+json\" class=\"yoast-schema-graph\">{\"@context\":\"https:\/\/schema.org\",\"@graph\":[{\"@type\":\"WebPage\",\"@id\":\"https:\/\/renewalestetica.com\/sito\/prodotto\/lettino-elettrico-lumina\/\",\"url\":\"https:\/\/renewalestetica.com\/sito\/prodotto\/lettino-elettrico-lumina\/\",\"name\":\"Lettino elettrico Lumina - Renewal-Prodotti del Mar Morto\",\"isPartOf\":{\"@id\":\"https:\/\/renewalestetica.com\/sito\/#website\"},\"primaryImageOfPage\":{\"@id\":\"https:\/\/renewalestetica.com\/sito\/prodotto\/lettino-elettrico-lumina\/#primaryimage\"},\"image\":{\"@id\":\"https:\/\/renewalestetica.com\/sito\/prodotto\/lettino-elettrico-lumina\/#primaryimage\"},\"thumbnailUrl\":\"https:\/\/renewalestetica.com\/sito\/wp-content\/uploads\/2021\/12\/Lettino-elettrico-Lumina.jpg\",\"datePublished\":\"2021-12-29T14:23:37+00:00\",\"dateModified\":\"2022-01-25T14:27:59+00:00\",\"breadcrumb\":{\"@id\":\"https:\/\/renewalestetica.com\/sito\/prodotto\/lettino-elettrico-lumina\/#breadcrumb\"},\"inLanguage\":\"it-IT\",\"potentialAction\":[{\"@type\":\"ReadAction\",\"target\":[\"https:\/\/renewalestetica.com\/sito\/prodotto\/lettino-elettrico-lumina\/\"]}]},{\"@type\":\"ImageObject\",\"inLanguage\":\"it-IT\",\"@id\":\"https:\/\/renewalestetica.com\/sito\/prodotto\/lettino-elettrico-lumina\/#primaryimage\",\"url\":\"https:\/\/renewalestetica.com\/sito\/wp-content\/uploads\/2021\/12\/Lettino-elettrico-Lumina.jpg\",\"contentUrl\":\"https:\/\/renewalestetica.com\/sito\/wp-content\/uploads\/2021\/12\/Lettino-elettrico-Lumina.jpg\",\"width\":2560,\"height\":1694,\"caption\":\"Lettino elettrico Lumina, attrezzature centri estetici, attrezzature per centri benessere, Benessere, centri benessere, estetica, legno, lettino, lettino fisso, lettino in legno, Lettino in legno con uno snodo, relax, Renewal, Renewal estetica, spa, vismara\"},{\"@type\":\"BreadcrumbList\",\"@id\":\"https:\/\/renewalestetica.com\/sito\/prodotto\/lettino-elettrico-lumina\/#breadcrumb\",\"itemListElement\":[{\"@type\":\"ListItem\",\"position\":1,\"name\":\"Home\",\"item\":\"https:\/\/renewalestetica.com\/sito\/\"},{\"@type\":\"ListItem\",\"position\":2,\"name\":\"Shop Online\",\"item\":\"https:\/\/renewalestetica.com\/sito\/shop-online\/\"},{\"@type\":\"ListItem\",\"position\":3,\"name\":\"Lettino elettrico Lumina\"}]},{\"@type\":\"WebSite\",\"@id\":\"https:\/\/renewalestetica.com\/sito\/#website\",\"url\":\"https:\/\/renewalestetica.com\/sito\/\",\"name\":\"Renewal-Prodotti del Mar Morto\",\"description\":\"\",\"publisher\":{\"@id\":\"https:\/\/renewalestetica.com\/sito\/#organization\"},\"potentialAction\":[{\"@type\":\"SearchAction\",\"target\":{\"@type\":\"EntryPoint\",\"urlTemplate\":\"https:\/\/renewalestetica.com\/sito\/?s={search_term_string}\"},\"query-input\":{\"@type\":\"PropertyValueSpecification\",\"valueRequired\":true,\"valueName\":\"search_term_string\"}}],\"inLanguage\":\"it-IT\"},{\"@type\":\"Organization\",\"@id\":\"https:\/\/renewalestetica.com\/sito\/#organization\",\"name\":\"Renewal\",\"url\":\"https:\/\/renewalestetica.com\/sito\/\",\"logo\":{\"@type\":\"ImageObject\",\"inLanguage\":\"it-IT\",\"@id\":\"https:\/\/renewalestetica.com\/sito\/#\/schema\/logo\/image\/\",\"url\":\"https:\/\/renewalestetica.com\/sito\/wp-content\/uploads\/2021\/12\/LOGO_RENEWAL_ITALY-P.png\",\"contentUrl\":\"https:\/\/renewalestetica.com\/sito\/wp-content\/uploads\/2021\/12\/LOGO_RENEWAL_ITALY-P.png\",\"width\":500,\"height\":132,\"caption\":\"Renewal\"},\"image\":{\"@id\":\"https:\/\/renewalestetica.com\/sito\/#\/schema\/logo\/image\/\"},\"sameAs\":[\"https:\/\/www.facebook.com\/renewalestetica\/\",\"https:\/\/x.com\/RenewalEstetica\",\"https:\/\/www.instagram.com\/renewal.italy\/\",\"https:\/\/www.youtube.com\/channel\/UCLXMNtaF51hDO92FaRnJY7w\"]}]}<\/script>\n<!-- \/ Yoast SEO plugin. -->","yoast_head_json":{"title":"Lettino elettrico Lumina - Renewal-Prodotti del Mar Morto","robots":{"index":"index","follow":"follow","max-snippet":"max-snippet:-1","max-image-preview":"max-image-preview:large","max-video-preview":"max-video-preview:-1"},"canonical":"https:\/\/renewalestetica.com\/sito\/prodotto\/lettino-elettrico-lumina\/","og_locale":"it_IT","og_type":"article","og_title":"Lettino elettrico Lumina - Renewal-Prodotti del Mar Morto","og_description":"Lumina \u00e8 un lettino elettrico multifunzionale dotato di quattro motori e grazie alla funzione Trendelenburg offre innumerevoli opzioni di regolazione. Il movimento elettrico del materasso \u00e8 gestito tramite telecomando e agevola qualsiasi tipo di trattamento. Lumina \u00e8 dotato di un basamento con illuminazione LED che pu\u00f2 essere utilizzato come appoggio per il posizionamento di prodotti. Il materasso, estremamente confortevole, \u00e8 in skai bianco, il basamento in finitura bianco opaco","og_url":"https:\/\/renewalestetica.com\/sito\/prodotto\/lettino-elettrico-lumina\/","og_site_name":"Renewal-Prodotti del Mar Morto","article_publisher":"https:\/\/www.facebook.com\/renewalestetica\/","article_modified_time":"2022-01-25T14:27:59+00:00","og_image":[{"width":2560,"height":1694,"url":"https:\/\/renewalestetica.com\/sito\/wp-content\/uploads\/2021\/12\/Lettino-elettrico-Lumina.jpg","type":"image\/jpeg"}],"schema":{"@context":"https:\/\/schema.org","@graph":[{"@type":"WebPage","@id":"https:\/\/renewalestetica.com\/sito\/prodotto\/lettino-elettrico-lumina\/","url":"https:\/\/renewalestetica.com\/sito\/prodotto\/lettino-elettrico-lumina\/","name":"Lettino elettrico Lumina - Renewal-Prodotti del Mar Morto","isPartOf":{"@id":"https:\/\/renewalestetica.com\/sito\/#website"},"primaryImageOfPage":{"@id":"https:\/\/renewalestetica.com\/sito\/prodotto\/lettino-elettrico-lumina\/#primaryimage"},"image":{"@id":"https:\/\/renewalestetica.com\/sito\/prodotto\/lettino-elettrico-lumina\/#primaryimage"},"thumbnailUrl":"https:\/\/renewalestetica.com\/sito\/wp-content\/uploads\/2021\/12\/Lettino-elettrico-Lumina.jpg","datePublished":"2021-12-29T14:23:37+00:00","dateModified":"2022-01-25T14:27:59+00:00","breadcrumb":{"@id":"https:\/\/renewalestetica.com\/sito\/prodotto\/lettino-elettrico-lumina\/#breadcrumb"},"inLanguage":"it-IT","potentialAction":[{"@type":"ReadAction","target":["https:\/\/renewalestetica.com\/sito\/prodotto\/lettino-elettrico-lumina\/"]}]},{"@type":"ImageObject","inLanguage":"it-IT","@id":"https:\/\/renewalestetica.com\/sito\/prodotto\/lettino-elettrico-lumina\/#primaryimage","url":"https:\/\/renewalestetica.com\/sito\/wp-content\/uploads\/2021\/12\/Lettino-elettrico-Lumina.jpg","contentUrl":"https:\/\/renewalestetica.com\/sito\/wp-content\/uploads\/2021\/12\/Lettino-elettrico-Lumina.jpg","width":2560,"height":1694,"caption":"Lettino elettrico Lumina, attrezzature centri estetici, attrezzature per centri benessere, Benessere, centri benessere, estetica, legno, lettino, lettino fisso, lettino in legno, Lettino in legno con uno snodo, relax, Renewal, Renewal estetica, spa, vismara"},{"@type":"BreadcrumbList","@id":"https:\/\/renewalestetica.com\/sito\/prodotto\/lettino-elettrico-lumina\/#breadcrumb","itemListElement":[{"@type":"ListItem","position":1,"name":"Home","item":"https:\/\/renewalestetica.com\/sito\/"},{"@type":"ListItem","position":2,"name":"Shop Online","item":"https:\/\/renewalestetica.com\/sito\/shop-online\/"},{"@type":"ListItem","position":3,"name":"Lettino elettrico Lumina"}]},{"@type":"WebSite","@id":"https:\/\/renewalestetica.com\/sito\/#website","url":"https:\/\/renewalestetica.com\/sito\/","name":"Renewal-Prodotti del Mar Morto","description":"","publisher":{"@id":"https:\/\/renewalestetica.com\/sito\/#organization"},"potentialAction":[{"@type":"SearchAction","target":{"@type":"EntryPoint","urlTemplate":"https:\/\/renewalestetica.com\/sito\/?s={search_term_string}"},"query-input":{"@type":"PropertyValueSpecification","valueRequired":true,"valueName":"search_term_string"}}],"inLanguage":"it-IT"},{"@type":"Organization","@id":"https:\/\/renewalestetica.com\/sito\/#organization","name":"Renewal","url":"https:\/\/renewalestetica.com\/sito\/","logo":{"@type":"ImageObject","inLanguage":"it-IT","@id":"https:\/\/renewalestetica.com\/sito\/#\/schema\/logo\/image\/","url":"https:\/\/renewalestetica.com\/sito\/wp-content\/uploads\/2021\/12\/LOGO_RENEWAL_ITALY-P.png","contentUrl":"https:\/\/renewalestetica.com\/sito\/wp-content\/uploads\/2021\/12\/LOGO_RENEWAL_ITALY-P.png","width":500,"height":132,"caption":"Renewal"},"image":{"@id":"https:\/\/renewalestetica.com\/sito\/#\/schema\/logo\/image\/"},"sameAs":["https:\/\/www.facebook.com\/renewalestetica\/","https:\/\/x.com\/RenewalEstetica","https:\/\/www.instagram.com\/renewal.italy\/","https:\/\/www.youtube.com\/channel\/UCLXMNtaF51hDO92FaRnJY7w"]}]}},"_links":{"self":[{"href":"https:\/\/renewalestetica.com\/sito\/wp-json\/wp\/v2\/product\/11694","targetHints":{"allow":["GET"]}}],"collection":[{"href":"https:\/\/renewalestetica.com\/sito\/wp-json\/wp\/v2\/product"}],"about":[{"href":"https:\/\/renewalestetica.com\/sito\/wp-json\/wp\/v2\/types\/product"}],"replies":[{"embeddable":true,"href":"https:\/\/renewalestetica.com\/sito\/wp-json\/wp\/v2\/comments?post=11694"}],"wp:featuredmedia":[{"embeddable":true,"href":"https:\/\/renewalestetica.com\/sito\/wp-json\/wp\/v2\/media\/11695"}],"wp:attachment":[{"href":"https:\/\/renewalestetica.com\/sito\/wp-json\/wp\/v2\/media?parent=11694"}],"wp:term":[{"taxonomy":"product_brand","embeddable":true,"href":"https:\/\/renewalestetica.com\/sito\/wp-json\/wp\/v2\/product_brand?post=11694"},{"taxonomy":"product_cat","embeddable":true,"href":"https:\/\/renewalestetica.com\/sito\/wp-json\/wp\/v2\/product_cat?post=11694"},{"taxonomy":"product_tag","embeddable":true,"href":"https:\/\/renewalestetica.com\/sito\/wp-json\/wp\/v2\/product_tag?post=11694"}],"curies":[{"name":"wp","href":"https:\/\/api.w.org\/{rel}","templated":true}]}}