{"id":12054,"date":"2021-12-30T16:59:19","date_gmt":"2021-12-30T15:59:19","guid":{"rendered":"https:\/\/renewalestetica.com\/sito\/?post_type=product&#038;p=12054"},"modified":"2022-01-25T15:26:10","modified_gmt":"2022-01-25T14:26:10","slug":"tavolo-manicure-living-led","status":"publish","type":"product","link":"https:\/\/renewalestetica.com\/sito\/prodotto\/tavolo-manicure-living-led\/","title":{"rendered":"Tavolo Manicure Living Led"},"content":{"rendered":"<div class=\"wpb_text_column wpb_content_element \">\n<div class=\"wpb_wrapper\">\n<p><strong>Tavolo Manicure Living Led<\/strong><br \/>\nLiving Led \u00e8 il nuovo tavolo professionale per manicure dalle dimensioni compatte realizzato in nobilitato bianco opaco e piano disponibile in 3 diverse finiture: rovere bardolino, weng\u00e8 naturale o larice bianco.<br \/>\nCon il tavolo Living \u00e8 possibile avere una singola postazione o creare pi\u00f9 postazioni di lavoro affiancando due o pi\u00f9 moduli, personalizzandolo secondo le proprie esigenze grazie all\u2019innovativo sistema componibile.<br \/>\nLa struttura \u00e8 inoltre dotata di foro passacavi, ideale per avere sempre una postazione ordinata e libera da fili e prese, in modo da garantire una gestione dello spazio pi\u00f9 semplice possibile.<br \/>\nIl tavolo Living Led si differenzia dal precedente per la possibilit\u00e0 di aggiungere un modulo dotato di illuminazione a led composto da mensole su cui \u00e8 possibile esporre smalti e prodotti.<br \/>\nLa nuova lampada a led regolabile pu\u00f2 impreziosire il tavolo e migliorare la prestazione professionale.<\/p>\n<p>&nbsp;<\/p>\n<p><strong>Cassettiera Living<\/strong><br \/>\nCassettiera realizzata in nobilitato bianco opaco con cassetti disponibili in tre diverse finiture: rovere bardolino, weng\u00e8 naturale e larice bianco. \u00c8 utilizzata come complemento dei tavoli living e living Led.<\/p>\n<\/div>\n<\/div>\n","protected":false},"excerpt":{"rendered":"<div class=\"wpb_text_column wpb_content_element \">\n<div class=\"wpb_wrapper\">\n<p><strong>Tavolo Manicure Living Led<\/strong><br \/>\nLiving Led \u00e8 il nuovo tavolo professionale per manicure dalle dimensioni compatte realizzato in nobilitato bianco opaco e piano disponibile in 3 diverse finiture: rovere bardolino, weng\u00e8 naturale o larice bianco.<br \/>\nCon il tavolo Living \u00e8 possibile avere una singola postazione o creare pi\u00f9 postazioni di lavoro affiancando due o pi\u00f9 moduli, personalizzandolo secondo le proprie esigenze grazie all\u2019innovativo sistema componibile.<br \/>\nLa struttura \u00e8 inoltre dotata di foro passacavi, ideale per avere sempre una postazione ordinata e libera da fili e prese, in modo da garantire una gestione dello spazio pi\u00f9 semplice possibile.<br \/>\nIl tavolo Living Led si differenzia dal precedente per la possibilit\u00e0 di aggiungere un modulo dotato di illuminazione a led composto da mensole su cui \u00e8 possibile esporre smalti e prodotti.<br \/>\nLa nuova lampada a led regolabile pu\u00f2 impreziosire il tavolo e migliorare la prestazione professionale.<\/p>\n<p>&nbsp;<\/p>\n<p><strong>Cassettiera Living<\/strong><br \/>\nCassettiera realizzata in nobilitato bianco opaco con cassetti disponibili in tre diverse finiture: rovere bardolino, weng\u00e8 naturale e larice bianco. \u00c8 utilizzata come complemento dei tavoli living e living Led.<\/p>\n<\/div>\n<\/div>\n","protected":false},"featured_media":12222,"comment_status":"closed","ping_status":"closed","template":"","meta":[],"product_brand":[],"product_cat":[1973,1970,28],"product_tag":[470,468,116,1966],"class_list":{"0":"post-12054","1":"product","2":"type-product","3":"status-publish","4":"has-post-thumbnail","6":"product_cat-isole","7":"product_cat-vismara","8":"product_cat-strumenti-e-apparecchiature-per-estetiste","9":"product_tag-attrezzature-da-manicure","10":"product_tag-attrezzature-manicure","11":"product_tag-manicure-2","12":"product_tag-vismara","14":"first","15":"instock","16":"taxable","17":"shipping-taxable","18":"product-type-simple"},"yoast_head":"<!-- This site is optimized with the Yoast SEO plugin v26.2 - https:\/\/yoast.com\/wordpress\/plugins\/seo\/ -->\n<title>Tavolo Manicure Living Led - Renewal-Prodotti del Mar Morto<\/title>\n<meta name=\"robots\" content=\"index, follow, max-snippet:-1, max-image-preview:large, max-video-preview:-1\" \/>\n<link rel=\"canonical\" href=\"https:\/\/renewalestetica.com\/sito\/prodotto\/tavolo-manicure-living-led\/\" \/>\n<meta property=\"og:locale\" content=\"it_IT\" \/>\n<meta property=\"og:type\" content=\"article\" \/>\n<meta property=\"og:title\" content=\"Tavolo Manicure Living Led - Renewal-Prodotti del Mar Morto\" \/>\n<meta property=\"og:description\" content=\"Tavolo Manicure Living Led Living Led \u00e8 il nuovo tavolo professionale per manicure dalle dimensioni compatte realizzato in nobilitato bianco opaco e piano disponibile in 3 diverse finiture: rovere bardolino, weng\u00e8 naturale o larice bianco. Con il tavolo Living \u00e8 possibile avere una singola postazione o creare pi\u00f9 postazioni di lavoro affiancando due o pi\u00f9 moduli, personalizzandolo secondo le proprie esigenze grazie all\u2019innovativo sistema componibile. La struttura \u00e8 inoltre dotata di foro passacavi, ideale per avere sempre una postazione ordinata e libera da fili e prese, in modo da garantire una gestione dello spazio pi\u00f9 semplice possibile. Il tavolo Living Led si differenzia dal precedente per la possibilit\u00e0 di aggiungere un modulo dotato di illuminazione a led composto da mensole su cui \u00e8 possibile esporre smalti e prodotti. La nuova lampada a led regolabile pu\u00f2 impreziosire il tavolo e migliorare la prestazione professionale.  &nbsp;  Cassettiera Living Cassettiera realizzata in nobilitato bianco opaco con cassetti disponibili in tre diverse finiture: rovere bardolino, weng\u00e8 naturale e larice bianco. \u00c8 utilizzata come complemento dei tavoli living e living Led.\" \/>\n<meta property=\"og:url\" content=\"https:\/\/renewalestetica.com\/sito\/prodotto\/tavolo-manicure-living-led\/\" \/>\n<meta property=\"og:site_name\" content=\"Renewal-Prodotti del Mar Morto\" \/>\n<meta property=\"article:publisher\" content=\"https:\/\/www.facebook.com\/renewalestetica\/\" \/>\n<meta property=\"article:modified_time\" content=\"2022-01-25T14:26:10+00:00\" \/>\n<meta property=\"og:image\" content=\"https:\/\/renewalestetica.com\/sito\/wp-content\/uploads\/2021\/12\/tavolo-living-led-sfondo-bianco-scaled.jpg\" \/>\n\t<meta property=\"og:image:width\" content=\"2520\" \/>\n\t<meta property=\"og:image:height\" content=\"2560\" \/>\n\t<meta property=\"og:image:type\" content=\"image\/jpeg\" \/>\n<meta name=\"twitter:label1\" content=\"Tempo di lettura stimato\" \/>\n\t<meta name=\"twitter:data1\" content=\"1 minuto\" \/>\n<script type=\"application\/ld+json\" class=\"yoast-schema-graph\">{\"@context\":\"https:\/\/schema.org\",\"@graph\":[{\"@type\":\"WebPage\",\"@id\":\"https:\/\/renewalestetica.com\/sito\/prodotto\/tavolo-manicure-living-led\/\",\"url\":\"https:\/\/renewalestetica.com\/sito\/prodotto\/tavolo-manicure-living-led\/\",\"name\":\"Tavolo Manicure Living Led - Renewal-Prodotti del Mar Morto\",\"isPartOf\":{\"@id\":\"https:\/\/renewalestetica.com\/sito\/#website\"},\"primaryImageOfPage\":{\"@id\":\"https:\/\/renewalestetica.com\/sito\/prodotto\/tavolo-manicure-living-led\/#primaryimage\"},\"image\":{\"@id\":\"https:\/\/renewalestetica.com\/sito\/prodotto\/tavolo-manicure-living-led\/#primaryimage\"},\"thumbnailUrl\":\"https:\/\/renewalestetica.com\/sito\/wp-content\/uploads\/2021\/12\/tavolo-living-led-sfondo-bianco-scaled.jpg\",\"datePublished\":\"2021-12-30T15:59:19+00:00\",\"dateModified\":\"2022-01-25T14:26:10+00:00\",\"breadcrumb\":{\"@id\":\"https:\/\/renewalestetica.com\/sito\/prodotto\/tavolo-manicure-living-led\/#breadcrumb\"},\"inLanguage\":\"it-IT\",\"potentialAction\":[{\"@type\":\"ReadAction\",\"target\":[\"https:\/\/renewalestetica.com\/sito\/prodotto\/tavolo-manicure-living-led\/\"]}]},{\"@type\":\"ImageObject\",\"inLanguage\":\"it-IT\",\"@id\":\"https:\/\/renewalestetica.com\/sito\/prodotto\/tavolo-manicure-living-led\/#primaryimage\",\"url\":\"https:\/\/renewalestetica.com\/sito\/wp-content\/uploads\/2021\/12\/tavolo-living-led-sfondo-bianco-scaled.jpg\",\"contentUrl\":\"https:\/\/renewalestetica.com\/sito\/wp-content\/uploads\/2021\/12\/tavolo-living-led-sfondo-bianco-scaled.jpg\",\"width\":2520,\"height\":2560,\"caption\":\"Tavolo Manicure Living Led, attrezzature centri estetici, attrezzature per centri benessere, Benessere, centri benessere, estetica, tavolo, manicure, unghierelax, Renewal, Renewal estetica, spa, vismara\"},{\"@type\":\"BreadcrumbList\",\"@id\":\"https:\/\/renewalestetica.com\/sito\/prodotto\/tavolo-manicure-living-led\/#breadcrumb\",\"itemListElement\":[{\"@type\":\"ListItem\",\"position\":1,\"name\":\"Home\",\"item\":\"https:\/\/renewalestetica.com\/sito\/\"},{\"@type\":\"ListItem\",\"position\":2,\"name\":\"Shop Online\",\"item\":\"https:\/\/renewalestetica.com\/sito\/shop-online\/\"},{\"@type\":\"ListItem\",\"position\":3,\"name\":\"Tavolo Manicure Living Led\"}]},{\"@type\":\"WebSite\",\"@id\":\"https:\/\/renewalestetica.com\/sito\/#website\",\"url\":\"https:\/\/renewalestetica.com\/sito\/\",\"name\":\"Renewal-Prodotti del Mar Morto\",\"description\":\"\",\"publisher\":{\"@id\":\"https:\/\/renewalestetica.com\/sito\/#organization\"},\"potentialAction\":[{\"@type\":\"SearchAction\",\"target\":{\"@type\":\"EntryPoint\",\"urlTemplate\":\"https:\/\/renewalestetica.com\/sito\/?s={search_term_string}\"},\"query-input\":{\"@type\":\"PropertyValueSpecification\",\"valueRequired\":true,\"valueName\":\"search_term_string\"}}],\"inLanguage\":\"it-IT\"},{\"@type\":\"Organization\",\"@id\":\"https:\/\/renewalestetica.com\/sito\/#organization\",\"name\":\"Renewal\",\"url\":\"https:\/\/renewalestetica.com\/sito\/\",\"logo\":{\"@type\":\"ImageObject\",\"inLanguage\":\"it-IT\",\"@id\":\"https:\/\/renewalestetica.com\/sito\/#\/schema\/logo\/image\/\",\"url\":\"https:\/\/renewalestetica.com\/sito\/wp-content\/uploads\/2021\/12\/LOGO_RENEWAL_ITALY-P.png\",\"contentUrl\":\"https:\/\/renewalestetica.com\/sito\/wp-content\/uploads\/2021\/12\/LOGO_RENEWAL_ITALY-P.png\",\"width\":500,\"height\":132,\"caption\":\"Renewal\"},\"image\":{\"@id\":\"https:\/\/renewalestetica.com\/sito\/#\/schema\/logo\/image\/\"},\"sameAs\":[\"https:\/\/www.facebook.com\/renewalestetica\/\",\"https:\/\/x.com\/RenewalEstetica\",\"https:\/\/www.instagram.com\/renewal.italy\/\",\"https:\/\/www.youtube.com\/channel\/UCLXMNtaF51hDO92FaRnJY7w\"]}]}<\/script>\n<!-- \/ Yoast SEO plugin. -->","yoast_head_json":{"title":"Tavolo Manicure Living Led - Renewal-Prodotti del Mar Morto","robots":{"index":"index","follow":"follow","max-snippet":"max-snippet:-1","max-image-preview":"max-image-preview:large","max-video-preview":"max-video-preview:-1"},"canonical":"https:\/\/renewalestetica.com\/sito\/prodotto\/tavolo-manicure-living-led\/","og_locale":"it_IT","og_type":"article","og_title":"Tavolo Manicure Living Led - Renewal-Prodotti del Mar Morto","og_description":"Tavolo Manicure Living Led Living Led \u00e8 il nuovo tavolo professionale per manicure dalle dimensioni compatte realizzato in nobilitato bianco opaco e piano disponibile in 3 diverse finiture: rovere bardolino, weng\u00e8 naturale o larice bianco. Con il tavolo Living \u00e8 possibile avere una singola postazione o creare pi\u00f9 postazioni di lavoro affiancando due o pi\u00f9 moduli, personalizzandolo secondo le proprie esigenze grazie all\u2019innovativo sistema componibile. La struttura \u00e8 inoltre dotata di foro passacavi, ideale per avere sempre una postazione ordinata e libera da fili e prese, in modo da garantire una gestione dello spazio pi\u00f9 semplice possibile. Il tavolo Living Led si differenzia dal precedente per la possibilit\u00e0 di aggiungere un modulo dotato di illuminazione a led composto da mensole su cui \u00e8 possibile esporre smalti e prodotti. La nuova lampada a led regolabile pu\u00f2 impreziosire il tavolo e migliorare la prestazione professionale.  &nbsp;  Cassettiera Living Cassettiera realizzata in nobilitato bianco opaco con cassetti disponibili in tre diverse finiture: rovere bardolino, weng\u00e8 naturale e larice bianco. \u00c8 utilizzata come complemento dei tavoli living e living Led.","og_url":"https:\/\/renewalestetica.com\/sito\/prodotto\/tavolo-manicure-living-led\/","og_site_name":"Renewal-Prodotti del Mar Morto","article_publisher":"https:\/\/www.facebook.com\/renewalestetica\/","article_modified_time":"2022-01-25T14:26:10+00:00","og_image":[{"width":2520,"height":2560,"url":"https:\/\/renewalestetica.com\/sito\/wp-content\/uploads\/2021\/12\/tavolo-living-led-sfondo-bianco-scaled.jpg","type":"image\/jpeg"}],"twitter_misc":{"Tempo di lettura stimato":"1 minuto"},"schema":{"@context":"https:\/\/schema.org","@graph":[{"@type":"WebPage","@id":"https:\/\/renewalestetica.com\/sito\/prodotto\/tavolo-manicure-living-led\/","url":"https:\/\/renewalestetica.com\/sito\/prodotto\/tavolo-manicure-living-led\/","name":"Tavolo Manicure Living Led - Renewal-Prodotti del Mar Morto","isPartOf":{"@id":"https:\/\/renewalestetica.com\/sito\/#website"},"primaryImageOfPage":{"@id":"https:\/\/renewalestetica.com\/sito\/prodotto\/tavolo-manicure-living-led\/#primaryimage"},"image":{"@id":"https:\/\/renewalestetica.com\/sito\/prodotto\/tavolo-manicure-living-led\/#primaryimage"},"thumbnailUrl":"https:\/\/renewalestetica.com\/sito\/wp-content\/uploads\/2021\/12\/tavolo-living-led-sfondo-bianco-scaled.jpg","datePublished":"2021-12-30T15:59:19+00:00","dateModified":"2022-01-25T14:26:10+00:00","breadcrumb":{"@id":"https:\/\/renewalestetica.com\/sito\/prodotto\/tavolo-manicure-living-led\/#breadcrumb"},"inLanguage":"it-IT","potentialAction":[{"@type":"ReadAction","target":["https:\/\/renewalestetica.com\/sito\/prodotto\/tavolo-manicure-living-led\/"]}]},{"@type":"ImageObject","inLanguage":"it-IT","@id":"https:\/\/renewalestetica.com\/sito\/prodotto\/tavolo-manicure-living-led\/#primaryimage","url":"https:\/\/renewalestetica.com\/sito\/wp-content\/uploads\/2021\/12\/tavolo-living-led-sfondo-bianco-scaled.jpg","contentUrl":"https:\/\/renewalestetica.com\/sito\/wp-content\/uploads\/2021\/12\/tavolo-living-led-sfondo-bianco-scaled.jpg","width":2520,"height":2560,"caption":"Tavolo Manicure Living Led, attrezzature centri estetici, attrezzature per centri benessere, Benessere, centri benessere, estetica, tavolo, manicure, unghierelax, Renewal, Renewal estetica, spa, vismara"},{"@type":"BreadcrumbList","@id":"https:\/\/renewalestetica.com\/sito\/prodotto\/tavolo-manicure-living-led\/#breadcrumb","itemListElement":[{"@type":"ListItem","position":1,"name":"Home","item":"https:\/\/renewalestetica.com\/sito\/"},{"@type":"ListItem","position":2,"name":"Shop Online","item":"https:\/\/renewalestetica.com\/sito\/shop-online\/"},{"@type":"ListItem","position":3,"name":"Tavolo Manicure Living Led"}]},{"@type":"WebSite","@id":"https:\/\/renewalestetica.com\/sito\/#website","url":"https:\/\/renewalestetica.com\/sito\/","name":"Renewal-Prodotti del Mar Morto","description":"","publisher":{"@id":"https:\/\/renewalestetica.com\/sito\/#organization"},"potentialAction":[{"@type":"SearchAction","target":{"@type":"EntryPoint","urlTemplate":"https:\/\/renewalestetica.com\/sito\/?s={search_term_string}"},"query-input":{"@type":"PropertyValueSpecification","valueRequired":true,"valueName":"search_term_string"}}],"inLanguage":"it-IT"},{"@type":"Organization","@id":"https:\/\/renewalestetica.com\/sito\/#organization","name":"Renewal","url":"https:\/\/renewalestetica.com\/sito\/","logo":{"@type":"ImageObject","inLanguage":"it-IT","@id":"https:\/\/renewalestetica.com\/sito\/#\/schema\/logo\/image\/","url":"https:\/\/renewalestetica.com\/sito\/wp-content\/uploads\/2021\/12\/LOGO_RENEWAL_ITALY-P.png","contentUrl":"https:\/\/renewalestetica.com\/sito\/wp-content\/uploads\/2021\/12\/LOGO_RENEWAL_ITALY-P.png","width":500,"height":132,"caption":"Renewal"},"image":{"@id":"https:\/\/renewalestetica.com\/sito\/#\/schema\/logo\/image\/"},"sameAs":["https:\/\/www.facebook.com\/renewalestetica\/","https:\/\/x.com\/RenewalEstetica","https:\/\/www.instagram.com\/renewal.italy\/","https:\/\/www.youtube.com\/channel\/UCLXMNtaF51hDO92FaRnJY7w"]}]}},"_links":{"self":[{"href":"https:\/\/renewalestetica.com\/sito\/wp-json\/wp\/v2\/product\/12054","targetHints":{"allow":["GET"]}}],"collection":[{"href":"https:\/\/renewalestetica.com\/sito\/wp-json\/wp\/v2\/product"}],"about":[{"href":"https:\/\/renewalestetica.com\/sito\/wp-json\/wp\/v2\/types\/product"}],"replies":[{"embeddable":true,"href":"https:\/\/renewalestetica.com\/sito\/wp-json\/wp\/v2\/comments?post=12054"}],"wp:featuredmedia":[{"embeddable":true,"href":"https:\/\/renewalestetica.com\/sito\/wp-json\/wp\/v2\/media\/12222"}],"wp:attachment":[{"href":"https:\/\/renewalestetica.com\/sito\/wp-json\/wp\/v2\/media?parent=12054"}],"wp:term":[{"taxonomy":"product_brand","embeddable":true,"href":"https:\/\/renewalestetica.com\/sito\/wp-json\/wp\/v2\/product_brand?post=12054"},{"taxonomy":"product_cat","embeddable":true,"href":"https:\/\/renewalestetica.com\/sito\/wp-json\/wp\/v2\/product_cat?post=12054"},{"taxonomy":"product_tag","embeddable":true,"href":"https:\/\/renewalestetica.com\/sito\/wp-json\/wp\/v2\/product_tag?post=12054"}],"curies":[{"name":"wp","href":"https:\/\/api.w.org\/{rel}","templated":true}]}}