{"id":2407,"date":"2017-03-07T15:46:45","date_gmt":"2017-03-07T14:46:45","guid":{"rendered":"http:\/\/www.renewalestetica.com\/sito\/prodotto\/latte-detergente-fiordaliso\/"},"modified":"2021-12-29T17:22:01","modified_gmt":"2021-12-29T16:22:01","slug":"latte-detergente-fiordaliso","status":"publish","type":"product","link":"https:\/\/renewalestetica.com\/sito\/prodotto\/latte-detergente-fiordaliso\/","title":{"rendered":"LATTE DETERGENTE al fiordaliso con Sali del Mar Morto"},"content":{"rendered":"<div id=\"pl-2407\" class=\"panel-layout\">\n<div id=\"pg-2407-0\" class=\"panel-grid panel-no-style\" data-style=\"{&quot;background_display&quot;:&quot;tile&quot;}\">\n<div id=\"pgc-2407-0-0\" class=\"panel-grid-cell\" data-weight=\"0.7\">\n<div id=\"panel-2407-0-0-0\" class=\"so-panel widget widget_black-studio-tinymce widget_black_studio_tinymce panel-first-child panel-last-child\" data-index=\"0\" data-style=\"{&quot;background_image_attachment&quot;:false,&quot;background_display&quot;:&quot;tile&quot;}\">\n<div class=\"textwidget\">\n<h3><span style=\"color: #003366; font-family: trebuchet ms,geneva,sans-serif; font-size: 20px;\">Modalit\u00e0 d\u2019uso:<\/span><\/h3>\n<p><strong><span style=\"font-family: 'trebuchet ms', geneva, sans-serif; color: #003366;\">Latte Detergente<\/span><\/strong><\/p>\n<ul style=\"list-style-type: disc;\">\n<li><span style=\"color: #808080; font-family: trebuchet ms,geneva,sans-serif; font-size: 16px;\">Applicare la giusta quantit\u00e0 di prodotto su viso, collo e d\u00e9collet\u00e9<\/span><\/li>\n<li><span style=\"color: #808080; font-family: trebuchet ms,geneva,sans-serif; font-size: 16px;\">Massaggiare delicatamente con movimenti circolari<\/span><\/li>\n<li><span style=\"color: #808080; font-family: trebuchet ms,geneva,sans-serif; font-size: 16px;\">Risciacquare<\/span><\/li>\n<\/ul>\n<p>&nbsp;<\/p>\n<p><span style=\"color: #003366; font-family: trebuchet ms,geneva,sans-serif; font-size: 28px;\">LATTE DERGENTE<br \/>\n<span style=\"font-size: 24px;\">al fiordaliso<\/span> <span style=\"font-size: 24px;\">con Sali del Mar Morto<\/span><\/span><\/p>\n<p align=\"LEFT\"><span style=\"color: #808080; font-family: trebuchet ms,geneva,sans-serif; font-size: 16px;\">Latte Detergente dall\u2019esclusiva formula arricchita con Sali del Mar Morto per eliminare tutte le impurit\u00e0 e tracce di make-up. Dona alla pelle splendore e una sensazione piacevole di pulito, confort e idratazione.<\/span><\/p>\n<p align=\"LEFT\"><span style=\"color: #ffffff; font-size: 8px;\"><span style=\"font-family: 'trebuchet ms', geneva, sans-serif;\">dall\u2019esclusiva formula arricchita con Sali del Mar Morto per eliminare tutte le impurit\u00e0 e tracce di make-up. Dona alla pelle splendore e una sensazione piacevole di pulito, confort e idratazione.<\/span><span style=\"font-family: 'trebuchet ms', geneva, sans-serif;\">dall\u2019esclusiva formula arricchita con Sali del Mar Morto per eliminare tutte le impurit\u00e0 e tracce di make-up. Dona alla pelle splendore e una sensazione piacevole di pulito, confort e idratazione.<\/span><span style=\"font-family: 'trebuchet ms', geneva, sans-serif;\">dall\u2019esclusiva formula arricchita con Sali del Mar Morto per eliminare tutte le impurit\u00e0 e tracce di make-up. Dona alla pelle splendore e una sensazione piacevole di pulito, confort e idratazione.<\/span><\/span><\/p>\n<\/div>\n<\/div>\n<\/div>\n<div id=\"pgc-2407-0-1\" class=\"panel-grid-cell\" data-weight=\"0.3\">\n<div id=\"panel-2407-0-1-0\" class=\"so-panel widget widget_black-studio-tinymce widget_black_studio_tinymce panel-first-child panel-last-child\" data-index=\"1\" data-style=\"{&quot;background_image_attachment&quot;:false,&quot;background_display&quot;:&quot;tile&quot;}\">\n<div class=\"textwidget\">\n<p><a href=\"https:\/\/www.renewalestetica.com\/sito\/wp-content\/uploads\/2017\/03\/LATTE-DETERGENTE-AL-FIORDALISO-CON-SALI-DEL-MAR-MORTO.pdf\" target=\"_blank\" rel=\"nofollow noopener\"><img decoding=\"async\" class=\"alignnone wp-image-4265 size-medium\" src=\"https:\/\/www.renewalestetica.com\/sito\/wp-content\/uploads\/2016\/12\/pdf-download-300x89.jpg\" alt=\"\" width=\"300\" height=\"89\" srcset=\"https:\/\/renewalestetica.com\/sito\/wp-content\/uploads\/2016\/12\/pdf-download-300x89.jpg 300w, https:\/\/renewalestetica.com\/sito\/wp-content\/uploads\/2016\/12\/pdf-download-500x148.jpg 500w, https:\/\/renewalestetica.com\/sito\/wp-content\/uploads\/2016\/12\/pdf-download.jpg 610w\" sizes=\"(max-width: 300px) 100vw, 300px\" \/><\/a><br \/>\n<a href=\"https:\/\/www.renewalestetica.com\/sito\/wp-content\/uploads\/2017\/03\/LATTE-DETERGENTE-AL-FIORDALISO-CON-SALI-DEL-MAR-MORTO.pdf\" target=\"_blank\" rel=\"nofollow noopener\"><span style=\"font-family: 'trebuchet ms', geneva, sans-serif;\"> <span style=\"color: #003366; text-decoration: underline;\"><span style=\"text-decoration: underline;\">Scarica la<\/span> <span style=\"text-decoration: underline;\">scheda prodotto<\/span><\/span><\/span><\/a><\/p>\n<\/div>\n<\/div>\n<\/div>\n<\/div>\n<\/div>\n","protected":false},"excerpt":{"rendered":"<p><span style=\"color: #003366; font-family: trebuchet ms,geneva,sans-serif; font-size: 28px;\">LATTE DERGENTE<br \/>\n<span style=\"font-size: 24px;\">al fiordaliso<\/span> <span style=\"font-size: 24px;\">con Sali del Mar Morto<\/span><\/span><\/p>\n<p align=\"LEFT\"><span style=\"color: #808080; font-family: trebuchet ms,geneva,sans-serif; font-size: 16px;\">Latte Detergente dall\u2019esclusiva formula arricchita con Sali del Mar Morto per eliminare tutte le impurit\u00e0 e tracce di make-up. Dona alla pelle splendore e una sensazione piacevole di pulito, confort e idratazione.<\/span><\/p>\n","protected":false},"featured_media":11289,"comment_status":"closed","ping_status":"closed","template":"","meta":[],"product_brand":[],"product_cat":[21,1153,1190],"product_tag":[59,83,93,1399,1396,149,157,1166,76,1168,1391,182,185,1167,1389,43,156,1363,190,266,1397,1393,170,109,110,1390,61,46,52,1392,1398,1395,1394,602,267],"class_list":{"0":"post-2407","1":"product","2":"type-product","3":"status-publish","4":"has-post-thumbnail","6":"product_cat-mar-morto","7":"product_cat-linea-viso","8":"product_cat-detersione","9":"product_tag-benessere","10":"product_tag-centro-benessere","11":"product_tag-centro-estetico","12":"product_tag-conforto","13":"product_tag-corposo","14":"product_tag-crema","15":"product_tag-delicato","16":"product_tag-detergente","17":"product_tag-estetica","18":"product_tag-fiordaliso","19":"product_tag-fondotinta","20":"product_tag-grasso","21":"product_tag-impurita","22":"product_tag-latte","23":"product_tag-latte-detergente","24":"product_tag-mar-morto-2","25":"product_tag-naturale","26":"product_tag-oleosita","27":"product_tag-pelle","28":"product_tag-pori","29":"product_tag-profumato-vellutato","30":"product_tag-pulire","31":"product_tag-remineralizzante","32":"product_tag-renewal","33":"product_tag-renewal-estetica","34":"product_tag-rimuovere","35":"product_tag-sale","36":"product_tag-sali","37":"product_tag-sali-del-mar-morto","38":"product_tag-sebo","39":"product_tag-sensazione","40":"product_tag-struccante-fiordaliso","41":"product_tag-tracce","42":"product_tag-trucco","43":"product_tag-viso","44":"product_shipping_class-gratuita","46":"first","47":"instock","48":"taxable","49":"shipping-taxable","50":"purchasable","51":"product-type-variable","52":"has-default-attributes"},"yoast_head":"<!-- This site is optimized with the Yoast SEO plugin v26.2 - https:\/\/yoast.com\/wordpress\/plugins\/seo\/ -->\n<title>Latte Detergente al Fiordaliso - Renewal-Prodotti del Mar Morto<\/title>\n<meta name=\"description\" content=\"Latte Detergente dall\u2019esclusiva formula arricchita con Sali del Mar Morto per eliminare tutte le impurit\u00e0 e tracce di make-up.\" \/>\n<meta name=\"robots\" content=\"index, follow, max-snippet:-1, max-image-preview:large, max-video-preview:-1\" \/>\n<link rel=\"canonical\" href=\"https:\/\/renewalestetica.com\/sito\/prodotto\/latte-detergente-fiordaliso\/\" \/>\n<meta property=\"og:locale\" content=\"it_IT\" \/>\n<meta property=\"og:type\" content=\"article\" \/>\n<meta property=\"og:title\" content=\"Latte Detergente al Fiordaliso - Renewal-Prodotti del Mar Morto\" \/>\n<meta property=\"og:description\" content=\"Latte Detergente dall\u2019esclusiva formula arricchita con Sali del Mar Morto per eliminare tutte le impurit\u00e0 e tracce di make-up.\" \/>\n<meta property=\"og:url\" content=\"https:\/\/renewalestetica.com\/sito\/prodotto\/latte-detergente-fiordaliso\/\" \/>\n<meta property=\"og:site_name\" content=\"Renewal-Prodotti del Mar Morto\" \/>\n<meta property=\"article:publisher\" content=\"https:\/\/www.facebook.com\/renewalestetica\/\" \/>\n<meta property=\"article:modified_time\" content=\"2021-12-29T16:22:01+00:00\" \/>\n<meta property=\"og:image\" content=\"https:\/\/renewalestetica.com\/sito\/wp-content\/uploads\/2017\/03\/LATTE-DETERGENTE-1.jpg\" \/>\n\t<meta property=\"og:image:width\" content=\"1000\" \/>\n\t<meta property=\"og:image:height\" content=\"1000\" \/>\n\t<meta property=\"og:image:type\" content=\"image\/jpeg\" \/>\n<meta name=\"twitter:label1\" content=\"Tempo di lettura stimato\" \/>\n\t<meta name=\"twitter:data1\" content=\"1 minuto\" \/>\n<script type=\"application\/ld+json\" class=\"yoast-schema-graph\">{\"@context\":\"https:\/\/schema.org\",\"@graph\":[{\"@type\":\"WebPage\",\"@id\":\"https:\/\/renewalestetica.com\/sito\/prodotto\/latte-detergente-fiordaliso\/\",\"url\":\"https:\/\/renewalestetica.com\/sito\/prodotto\/latte-detergente-fiordaliso\/\",\"name\":\"Latte Detergente al Fiordaliso - Renewal-Prodotti del Mar Morto\",\"isPartOf\":{\"@id\":\"https:\/\/renewalestetica.com\/sito\/#website\"},\"primaryImageOfPage\":{\"@id\":\"https:\/\/renewalestetica.com\/sito\/prodotto\/latte-detergente-fiordaliso\/#primaryimage\"},\"image\":{\"@id\":\"https:\/\/renewalestetica.com\/sito\/prodotto\/latte-detergente-fiordaliso\/#primaryimage\"},\"thumbnailUrl\":\"https:\/\/renewalestetica.com\/sito\/wp-content\/uploads\/2017\/03\/LATTE-DETERGENTE-1.jpg\",\"datePublished\":\"2017-03-07T14:46:45+00:00\",\"dateModified\":\"2021-12-29T16:22:01+00:00\",\"description\":\"Latte Detergente dall\u2019esclusiva formula arricchita con Sali del Mar Morto per eliminare tutte le impurit\u00e0 e tracce di make-up.\",\"breadcrumb\":{\"@id\":\"https:\/\/renewalestetica.com\/sito\/prodotto\/latte-detergente-fiordaliso\/#breadcrumb\"},\"inLanguage\":\"it-IT\",\"potentialAction\":[{\"@type\":\"ReadAction\",\"target\":[\"https:\/\/renewalestetica.com\/sito\/prodotto\/latte-detergente-fiordaliso\/\"]}]},{\"@type\":\"ImageObject\",\"inLanguage\":\"it-IT\",\"@id\":\"https:\/\/renewalestetica.com\/sito\/prodotto\/latte-detergente-fiordaliso\/#primaryimage\",\"url\":\"https:\/\/renewalestetica.com\/sito\/wp-content\/uploads\/2017\/03\/LATTE-DETERGENTE-1.jpg\",\"contentUrl\":\"https:\/\/renewalestetica.com\/sito\/wp-content\/uploads\/2017\/03\/LATTE-DETERGENTE-1.jpg\",\"width\":1000,\"height\":1000,\"caption\":\"LATTE DETERGENTE 250ml, Benessere, centro benessere, centro estetico, conforto, corposo, crema, delicato, detergente, estetica, fiordaliso, fondotinta, grasso, impurit\u00e0, latte, latte detergente, Mar Morto, naturale, oleosit\u00e0, pelle, pori, profumato vellutato, pulire, remineralizzante, Renewal, Renewal estetica, rimuovere, sale, sali, sali del Mar Morto, sebo, sensazione, struccante fiordaliso, tracce, trucco, viso\"},{\"@type\":\"BreadcrumbList\",\"@id\":\"https:\/\/renewalestetica.com\/sito\/prodotto\/latte-detergente-fiordaliso\/#breadcrumb\",\"itemListElement\":[{\"@type\":\"ListItem\",\"position\":1,\"name\":\"Home\",\"item\":\"https:\/\/renewalestetica.com\/sito\/\"},{\"@type\":\"ListItem\",\"position\":2,\"name\":\"Shop Online\",\"item\":\"https:\/\/renewalestetica.com\/sito\/shop-online\/\"},{\"@type\":\"ListItem\",\"position\":3,\"name\":\"LATTE DETERGENTE al fiordaliso con Sali del Mar Morto\"}]},{\"@type\":\"WebSite\",\"@id\":\"https:\/\/renewalestetica.com\/sito\/#website\",\"url\":\"https:\/\/renewalestetica.com\/sito\/\",\"name\":\"Renewal-Prodotti del Mar Morto\",\"description\":\"\",\"publisher\":{\"@id\":\"https:\/\/renewalestetica.com\/sito\/#organization\"},\"potentialAction\":[{\"@type\":\"SearchAction\",\"target\":{\"@type\":\"EntryPoint\",\"urlTemplate\":\"https:\/\/renewalestetica.com\/sito\/?s={search_term_string}\"},\"query-input\":{\"@type\":\"PropertyValueSpecification\",\"valueRequired\":true,\"valueName\":\"search_term_string\"}}],\"inLanguage\":\"it-IT\"},{\"@type\":\"Organization\",\"@id\":\"https:\/\/renewalestetica.com\/sito\/#organization\",\"name\":\"Renewal\",\"url\":\"https:\/\/renewalestetica.com\/sito\/\",\"logo\":{\"@type\":\"ImageObject\",\"inLanguage\":\"it-IT\",\"@id\":\"https:\/\/renewalestetica.com\/sito\/#\/schema\/logo\/image\/\",\"url\":\"https:\/\/renewalestetica.com\/sito\/wp-content\/uploads\/2021\/12\/LOGO_RENEWAL_ITALY-P.png\",\"contentUrl\":\"https:\/\/renewalestetica.com\/sito\/wp-content\/uploads\/2021\/12\/LOGO_RENEWAL_ITALY-P.png\",\"width\":500,\"height\":132,\"caption\":\"Renewal\"},\"image\":{\"@id\":\"https:\/\/renewalestetica.com\/sito\/#\/schema\/logo\/image\/\"},\"sameAs\":[\"https:\/\/www.facebook.com\/renewalestetica\/\",\"https:\/\/x.com\/RenewalEstetica\",\"https:\/\/www.instagram.com\/renewal.italy\/\",\"https:\/\/www.youtube.com\/channel\/UCLXMNtaF51hDO92FaRnJY7w\"]}]}<\/script>\n<!-- \/ Yoast SEO plugin. -->","yoast_head_json":{"title":"Latte Detergente al Fiordaliso - Renewal-Prodotti del Mar Morto","description":"Latte Detergente dall\u2019esclusiva formula arricchita con Sali del Mar Morto per eliminare tutte le impurit\u00e0 e tracce di make-up.","robots":{"index":"index","follow":"follow","max-snippet":"max-snippet:-1","max-image-preview":"max-image-preview:large","max-video-preview":"max-video-preview:-1"},"canonical":"https:\/\/renewalestetica.com\/sito\/prodotto\/latte-detergente-fiordaliso\/","og_locale":"it_IT","og_type":"article","og_title":"Latte Detergente al Fiordaliso - Renewal-Prodotti del Mar Morto","og_description":"Latte Detergente dall\u2019esclusiva formula arricchita con Sali del Mar Morto per eliminare tutte le impurit\u00e0 e tracce di make-up.","og_url":"https:\/\/renewalestetica.com\/sito\/prodotto\/latte-detergente-fiordaliso\/","og_site_name":"Renewal-Prodotti del Mar Morto","article_publisher":"https:\/\/www.facebook.com\/renewalestetica\/","article_modified_time":"2021-12-29T16:22:01+00:00","og_image":[{"width":1000,"height":1000,"url":"https:\/\/renewalestetica.com\/sito\/wp-content\/uploads\/2017\/03\/LATTE-DETERGENTE-1.jpg","type":"image\/jpeg"}],"twitter_misc":{"Tempo di lettura stimato":"1 minuto"},"schema":{"@context":"https:\/\/schema.org","@graph":[{"@type":"WebPage","@id":"https:\/\/renewalestetica.com\/sito\/prodotto\/latte-detergente-fiordaliso\/","url":"https:\/\/renewalestetica.com\/sito\/prodotto\/latte-detergente-fiordaliso\/","name":"Latte Detergente al Fiordaliso - Renewal-Prodotti del Mar Morto","isPartOf":{"@id":"https:\/\/renewalestetica.com\/sito\/#website"},"primaryImageOfPage":{"@id":"https:\/\/renewalestetica.com\/sito\/prodotto\/latte-detergente-fiordaliso\/#primaryimage"},"image":{"@id":"https:\/\/renewalestetica.com\/sito\/prodotto\/latte-detergente-fiordaliso\/#primaryimage"},"thumbnailUrl":"https:\/\/renewalestetica.com\/sito\/wp-content\/uploads\/2017\/03\/LATTE-DETERGENTE-1.jpg","datePublished":"2017-03-07T14:46:45+00:00","dateModified":"2021-12-29T16:22:01+00:00","description":"Latte Detergente dall\u2019esclusiva formula arricchita con Sali del Mar Morto per eliminare tutte le impurit\u00e0 e tracce di make-up.","breadcrumb":{"@id":"https:\/\/renewalestetica.com\/sito\/prodotto\/latte-detergente-fiordaliso\/#breadcrumb"},"inLanguage":"it-IT","potentialAction":[{"@type":"ReadAction","target":["https:\/\/renewalestetica.com\/sito\/prodotto\/latte-detergente-fiordaliso\/"]}]},{"@type":"ImageObject","inLanguage":"it-IT","@id":"https:\/\/renewalestetica.com\/sito\/prodotto\/latte-detergente-fiordaliso\/#primaryimage","url":"https:\/\/renewalestetica.com\/sito\/wp-content\/uploads\/2017\/03\/LATTE-DETERGENTE-1.jpg","contentUrl":"https:\/\/renewalestetica.com\/sito\/wp-content\/uploads\/2017\/03\/LATTE-DETERGENTE-1.jpg","width":1000,"height":1000,"caption":"LATTE DETERGENTE 250ml, Benessere, centro benessere, centro estetico, conforto, corposo, crema, delicato, detergente, estetica, fiordaliso, fondotinta, grasso, impurit\u00e0, latte, latte detergente, Mar Morto, naturale, oleosit\u00e0, pelle, pori, profumato vellutato, pulire, remineralizzante, Renewal, Renewal estetica, rimuovere, sale, sali, sali del Mar Morto, sebo, sensazione, struccante fiordaliso, tracce, trucco, viso"},{"@type":"BreadcrumbList","@id":"https:\/\/renewalestetica.com\/sito\/prodotto\/latte-detergente-fiordaliso\/#breadcrumb","itemListElement":[{"@type":"ListItem","position":1,"name":"Home","item":"https:\/\/renewalestetica.com\/sito\/"},{"@type":"ListItem","position":2,"name":"Shop Online","item":"https:\/\/renewalestetica.com\/sito\/shop-online\/"},{"@type":"ListItem","position":3,"name":"LATTE DETERGENTE al fiordaliso con Sali del Mar Morto"}]},{"@type":"WebSite","@id":"https:\/\/renewalestetica.com\/sito\/#website","url":"https:\/\/renewalestetica.com\/sito\/","name":"Renewal-Prodotti del Mar Morto","description":"","publisher":{"@id":"https:\/\/renewalestetica.com\/sito\/#organization"},"potentialAction":[{"@type":"SearchAction","target":{"@type":"EntryPoint","urlTemplate":"https:\/\/renewalestetica.com\/sito\/?s={search_term_string}"},"query-input":{"@type":"PropertyValueSpecification","valueRequired":true,"valueName":"search_term_string"}}],"inLanguage":"it-IT"},{"@type":"Organization","@id":"https:\/\/renewalestetica.com\/sito\/#organization","name":"Renewal","url":"https:\/\/renewalestetica.com\/sito\/","logo":{"@type":"ImageObject","inLanguage":"it-IT","@id":"https:\/\/renewalestetica.com\/sito\/#\/schema\/logo\/image\/","url":"https:\/\/renewalestetica.com\/sito\/wp-content\/uploads\/2021\/12\/LOGO_RENEWAL_ITALY-P.png","contentUrl":"https:\/\/renewalestetica.com\/sito\/wp-content\/uploads\/2021\/12\/LOGO_RENEWAL_ITALY-P.png","width":500,"height":132,"caption":"Renewal"},"image":{"@id":"https:\/\/renewalestetica.com\/sito\/#\/schema\/logo\/image\/"},"sameAs":["https:\/\/www.facebook.com\/renewalestetica\/","https:\/\/x.com\/RenewalEstetica","https:\/\/www.instagram.com\/renewal.italy\/","https:\/\/www.youtube.com\/channel\/UCLXMNtaF51hDO92FaRnJY7w"]}]}},"_links":{"self":[{"href":"https:\/\/renewalestetica.com\/sito\/wp-json\/wp\/v2\/product\/2407","targetHints":{"allow":["GET"]}}],"collection":[{"href":"https:\/\/renewalestetica.com\/sito\/wp-json\/wp\/v2\/product"}],"about":[{"href":"https:\/\/renewalestetica.com\/sito\/wp-json\/wp\/v2\/types\/product"}],"replies":[{"embeddable":true,"href":"https:\/\/renewalestetica.com\/sito\/wp-json\/wp\/v2\/comments?post=2407"}],"wp:featuredmedia":[{"embeddable":true,"href":"https:\/\/renewalestetica.com\/sito\/wp-json\/wp\/v2\/media\/11289"}],"wp:attachment":[{"href":"https:\/\/renewalestetica.com\/sito\/wp-json\/wp\/v2\/media?parent=2407"}],"wp:term":[{"taxonomy":"product_brand","embeddable":true,"href":"https:\/\/renewalestetica.com\/sito\/wp-json\/wp\/v2\/product_brand?post=2407"},{"taxonomy":"product_cat","embeddable":true,"href":"https:\/\/renewalestetica.com\/sito\/wp-json\/wp\/v2\/product_cat?post=2407"},{"taxonomy":"product_tag","embeddable":true,"href":"https:\/\/renewalestetica.com\/sito\/wp-json\/wp\/v2\/product_tag?post=2407"}],"curies":[{"name":"wp","href":"https:\/\/api.w.org\/{rel}","templated":true}]}}