{"id":2410,"date":"2017-03-07T15:58:10","date_gmt":"2017-03-07T14:58:10","guid":{"rendered":"http:\/\/www.renewalestetica.com\/sito\/prodotto\/acqua-tonica-fiordaliso\/"},"modified":"2021-12-28T12:32:49","modified_gmt":"2021-12-28T11:32:49","slug":"acqua-tonica-fiordaliso","status":"publish","type":"product","link":"https:\/\/renewalestetica.com\/sito\/prodotto\/acqua-tonica-fiordaliso\/","title":{"rendered":"ACQUA TONICA al fiordaliso con Sali del Mar Morto"},"content":{"rendered":"<div id=\"pl-2410\" class=\"panel-layout\">\n<div id=\"pg-2410-0\" class=\"panel-grid panel-no-style\" data-style=\"{&quot;background_display&quot;:&quot;tile&quot;}\">\n<div id=\"pgc-2410-0-0\" class=\"panel-grid-cell\" data-weight=\"0.7\">\n<div id=\"panel-2410-0-0-0\" class=\"so-panel widget widget_black-studio-tinymce widget_black_studio_tinymce panel-first-child panel-last-child\" data-index=\"0\" data-style=\"{&quot;background_display&quot;:&quot;tile&quot;}\">\n<div class=\"textwidget\">\n<h3><span style=\"color: #003366; font-family: trebuchet ms,geneva,sans-serif; font-size: 20px;\">Modalit\u00e0 d\u2019uso:<\/span><\/h3>\n<p><strong><span style=\"font-family: 'trebuchet ms', geneva, sans-serif; color: #003366;\">Acqua Tonica<\/span><\/strong><\/p>\n<ul style=\"list-style-type: disc;\">\n<li><span style=\"color: #808080; font-family: trebuchet ms,geneva,sans-serif; font-size: 16px;\">Applicare la giusta quantit\u00e0 di prodotto su un batuffolo di cotone picchettando su viso, collo e d\u00e9collet\u00e9.<\/span><\/li>\n<\/ul>\n<p>&nbsp;<\/p>\n<p><span style=\"color: #003366; font-family: trebuchet ms,geneva,sans-serif; font-size: 28px;\">ACQUA TONICA<br \/>\n<span style=\"font-size: 24px;\">al fiordaliso<\/span> <span style=\"font-size: 24px;\">con Sali del Mar Morto<\/span><\/span><\/p>\n<p align=\"LEFT\"><span style=\"color: #808080; font-family: trebuchet ms,geneva,sans-serif; font-size: 16px;\">Acqua Tonica al fiordaliso, arricchita con preziosissimi sali del Mar Morto per eliminare tracce di trucco e impurit\u00e0.<\/span><br \/>\n<span style=\"color: #808080; font-family: trebuchet ms,geneva,sans-serif; font-size: 16px;\">Delicatissima, dal gradevole profumo naturale, rinfresca, lenisce, tonifica la pelle attraverso un\u2019azione decongestionante.<\/span><\/p>\n<p align=\"LEFT\"><span style=\"color: #ffffff; font-family: 'trebuchet ms', geneva, sans-serif; font-size: 8px;\">\u00a0arricchita con preziosissimi sali del Mar Morto per eliminare tracce di trucco e impurit\u00e0.<\/span><br \/>\n<span style=\"color: #ffffff; font-size: 8px;\"><span style=\"font-family: 'trebuchet ms', geneva, sans-serif;\">Delicatissima, dal gradevole profumo naturale, rinfresca, lenisce, tonifica la pelle attraverso un\u2019azione decongestionante.<\/span><span style=\"font-family: 'trebuchet ms', geneva, sans-serif;\">\u00a0al fiordaliso, arricchita con preziosissimi sali del Mar Morto per eliminare tracce di trucco e impurit\u00e0.<\/span><\/span><br \/>\n<span style=\"color: #ffffff; font-family: 'trebuchet ms', geneva, sans-serif; font-size: 8px;\">Delicatissima, dal gradevole profumo naturale, rinfresca, lenisce, tonifica la pelle attraverso un\u2019azione decongestionante.<\/span><\/p>\n<\/div>\n<\/div>\n<\/div>\n<div id=\"pgc-2410-0-1\" class=\"panel-grid-cell\" data-weight=\"0.3\">\n<div id=\"panel-2410-0-1-0\" class=\"so-panel widget widget_black-studio-tinymce widget_black_studio_tinymce panel-first-child panel-last-child\" data-index=\"1\" data-style=\"{&quot;background_image_attachment&quot;:false,&quot;background_display&quot;:&quot;tile&quot;}\">\n<div class=\"textwidget\">\n<p><a href=\"https:\/\/www.renewalestetica.com\/sito\/wp-content\/uploads\/2017\/03\/ACQUA-TONICA-AL-FIORDALISO-CON-SALI-DEL-MAR-MORTO.pdf\" target=\"_blank\" rel=\"nofollow noopener\"><img decoding=\"async\" class=\"alignnone wp-image-4265 size-medium\" src=\"https:\/\/www.renewalestetica.com\/sito\/wp-content\/uploads\/2016\/12\/pdf-download-300x89.jpg\" alt=\"\" width=\"300\" height=\"89\" srcset=\"https:\/\/renewalestetica.com\/sito\/wp-content\/uploads\/2016\/12\/pdf-download-300x89.jpg 300w, https:\/\/renewalestetica.com\/sito\/wp-content\/uploads\/2016\/12\/pdf-download-500x148.jpg 500w, https:\/\/renewalestetica.com\/sito\/wp-content\/uploads\/2016\/12\/pdf-download.jpg 610w\" sizes=\"(max-width: 300px) 100vw, 300px\" \/><\/a><br \/>\n<a href=\"https:\/\/www.renewalestetica.com\/sito\/wp-content\/uploads\/2017\/03\/ACQUA-TONICA-AL-FIORDALISO-CON-SALI-DEL-MAR-MORTO.pdf\" target=\"_blank\" rel=\"nofollow noopener\"><span style=\"font-family: 'trebuchet ms', geneva, sans-serif;\"> <span style=\"color: #003366; text-decoration: underline;\"><span style=\"text-decoration: underline;\">Scarica la<\/span> <span style=\"text-decoration: underline;\">scheda prodotto<\/span><\/span><\/span><\/a><\/p>\n<\/div>\n<\/div>\n<\/div>\n<\/div>\n<\/div>\n","protected":false},"excerpt":{"rendered":"<p><span style=\"color: #003366; font-family: trebuchet ms,geneva,sans-serif; font-size: 28px;\">ACQUA TONICA<br \/>\n<span style=\"font-size: 24px;\">al fiordaliso<\/span> <span style=\"font-size: 24px;\">con Sali del Mar Morto<\/span><\/span><\/p>\n<p align=\"LEFT\"><span style=\"color: #808080; font-family: trebuchet ms,geneva,sans-serif; font-size: 16px;\">Acqua Tonica al fiordaliso, arricchita con preziosissimi sali del Mar Morto per eliminare tracce di trucco e impurit\u00e0.<\/span><br \/>\n<span style=\"color: #808080; font-family: trebuchet ms,geneva,sans-serif; font-size: 16px;\">Delicatissima, dal gradevole profumo naturale, rinfresca, lenisce, tonifica la pelle attraverso un\u2019azione decongestionante.<\/span><\/p>\n","protected":false},"featured_media":11288,"comment_status":"closed","ping_status":"closed","template":"","meta":[],"product_brand":[],"product_cat":[21,1153,1190],"product_tag":[57,1384,59,83,93,427,149,201,157,1388,1166,1346,1381,76,1168,1380,1382,1378,122,1277,43,156,1379,1182,190,1383,266,1387,170,109,110,1386,61,46,52,1385,1169,1377,602,267],"class_list":{"0":"post-2410","1":"product","2":"type-product","3":"status-publish","4":"has-post-thumbnail","6":"product_cat-mar-morto","7":"product_cat-linea-viso","8":"product_cat-detersione","9":"product_tag-acqua","10":"product_tag-avvizzite","11":"product_tag-benessere","12":"product_tag-centro-benessere","13":"product_tag-centro-estetico","14":"product_tag-corpo","15":"product_tag-crema","16":"product_tag-decongestionante","17":"product_tag-delicato","18":"product_tag-deterge","19":"product_tag-detergente","20":"product_tag-detersione","21":"product_tag-dopo-sole","22":"product_tag-estetica","23":"product_tag-fiordaliso","24":"product_tag-fresco","25":"product_tag-gambe-affaticate","26":"product_tag-idratata","27":"product_tag-lenitivo","28":"product_tag-luminosa","29":"product_tag-mar-morto-2","30":"product_tag-naturale","31":"product_tag-nutrita","32":"product_tag-occhi","33":"product_tag-pelle","34":"product_tag-pelli-spente","35":"product_tag-pori","36":"product_tag-pulisce","37":"product_tag-remineralizzante","38":"product_tag-renewal","39":"product_tag-renewal-estetica","40":"product_tag-riequilibra-ph","41":"product_tag-sale","42":"product_tag-sali","43":"product_tag-sali-del-mar-morto","44":"product_tag-stanche","45":"product_tag-tonica","46":"product_tag-tonico","47":"product_tag-trucco","48":"product_tag-viso","49":"product_shipping_class-gratuita","51":"first","52":"instock","53":"taxable","54":"shipping-taxable","55":"purchasable","56":"product-type-variable","57":"has-default-attributes"},"yoast_head":"<!-- This site is optimized with the Yoast SEO plugin v26.2 - https:\/\/yoast.com\/wordpress\/plugins\/seo\/ -->\n<title>Acqua Tonica al Fiordaliso - Renewal-Prodotti del Mar Morto<\/title>\n<meta name=\"description\" content=\"Acqua Tonica arricchita con sali del Mar Morto per eliminare tracce di trucco e impurit\u00e0. Rinfresca, lenisce, tonifica la pelle.\" \/>\n<meta name=\"robots\" content=\"index, follow, max-snippet:-1, max-image-preview:large, max-video-preview:-1\" \/>\n<link rel=\"canonical\" href=\"https:\/\/renewalestetica.com\/sito\/prodotto\/acqua-tonica-fiordaliso\/\" \/>\n<meta property=\"og:locale\" content=\"it_IT\" \/>\n<meta property=\"og:type\" content=\"article\" \/>\n<meta property=\"og:title\" content=\"Acqua Tonica al Fiordaliso - Renewal-Prodotti del Mar Morto\" \/>\n<meta property=\"og:description\" content=\"Acqua Tonica arricchita con sali del Mar Morto per eliminare tracce di trucco e impurit\u00e0. Rinfresca, lenisce, tonifica la pelle.\" \/>\n<meta property=\"og:url\" content=\"https:\/\/renewalestetica.com\/sito\/prodotto\/acqua-tonica-fiordaliso\/\" \/>\n<meta property=\"og:site_name\" content=\"Renewal-Prodotti del Mar Morto\" \/>\n<meta property=\"article:publisher\" content=\"https:\/\/www.facebook.com\/renewalestetica\/\" \/>\n<meta property=\"article:modified_time\" content=\"2021-12-28T11:32:49+00:00\" \/>\n<meta property=\"og:image\" content=\"https:\/\/renewalestetica.com\/sito\/wp-content\/uploads\/2017\/03\/ACQUA-TONICA-200-ml-1.jpg\" \/>\n\t<meta property=\"og:image:width\" content=\"1000\" \/>\n\t<meta property=\"og:image:height\" content=\"1000\" \/>\n\t<meta property=\"og:image:type\" content=\"image\/jpeg\" \/>\n<meta name=\"twitter:label1\" content=\"Tempo di lettura stimato\" \/>\n\t<meta name=\"twitter:data1\" content=\"1 minuto\" \/>\n<script type=\"application\/ld+json\" class=\"yoast-schema-graph\">{\"@context\":\"https:\/\/schema.org\",\"@graph\":[{\"@type\":\"WebPage\",\"@id\":\"https:\/\/renewalestetica.com\/sito\/prodotto\/acqua-tonica-fiordaliso\/\",\"url\":\"https:\/\/renewalestetica.com\/sito\/prodotto\/acqua-tonica-fiordaliso\/\",\"name\":\"Acqua Tonica al Fiordaliso - Renewal-Prodotti del Mar Morto\",\"isPartOf\":{\"@id\":\"https:\/\/renewalestetica.com\/sito\/#website\"},\"primaryImageOfPage\":{\"@id\":\"https:\/\/renewalestetica.com\/sito\/prodotto\/acqua-tonica-fiordaliso\/#primaryimage\"},\"image\":{\"@id\":\"https:\/\/renewalestetica.com\/sito\/prodotto\/acqua-tonica-fiordaliso\/#primaryimage\"},\"thumbnailUrl\":\"https:\/\/renewalestetica.com\/sito\/wp-content\/uploads\/2017\/03\/ACQUA-TONICA-200-ml-1.jpg\",\"datePublished\":\"2017-03-07T14:58:10+00:00\",\"dateModified\":\"2021-12-28T11:32:49+00:00\",\"description\":\"Acqua Tonica arricchita con sali del Mar Morto per eliminare tracce di trucco e impurit\u00e0. Rinfresca, lenisce, tonifica la pelle.\",\"breadcrumb\":{\"@id\":\"https:\/\/renewalestetica.com\/sito\/prodotto\/acqua-tonica-fiordaliso\/#breadcrumb\"},\"inLanguage\":\"it-IT\",\"potentialAction\":[{\"@type\":\"ReadAction\",\"target\":[\"https:\/\/renewalestetica.com\/sito\/prodotto\/acqua-tonica-fiordaliso\/\"]}]},{\"@type\":\"ImageObject\",\"inLanguage\":\"it-IT\",\"@id\":\"https:\/\/renewalestetica.com\/sito\/prodotto\/acqua-tonica-fiordaliso\/#primaryimage\",\"url\":\"https:\/\/renewalestetica.com\/sito\/wp-content\/uploads\/2017\/03\/ACQUA-TONICA-200-ml-1.jpg\",\"contentUrl\":\"https:\/\/renewalestetica.com\/sito\/wp-content\/uploads\/2017\/03\/ACQUA-TONICA-200-ml-1.jpg\",\"width\":1000,\"height\":1000,\"caption\":\"ACQUA TONICA 200ml, acqua, avvizzite, Benessere, centro benessere, centro estetico, corpo, crema, decongestionante, delicato, deterge, detergente, detersione, dopo sole, estetica, fiordaliso, fresco, gambe affaticate, idratata, lenitivo, luminosa, Mar Morto, naturale, nutrita, occhi, pelle, pelli spente, pori, pulisce, remineralizzante, Renewal, Renewal estetica, riequilibra PH, sale, sali, sali del Mar Morto, stanche, tonica, tonico, trucco, viso\"},{\"@type\":\"BreadcrumbList\",\"@id\":\"https:\/\/renewalestetica.com\/sito\/prodotto\/acqua-tonica-fiordaliso\/#breadcrumb\",\"itemListElement\":[{\"@type\":\"ListItem\",\"position\":1,\"name\":\"Home\",\"item\":\"https:\/\/renewalestetica.com\/sito\/\"},{\"@type\":\"ListItem\",\"position\":2,\"name\":\"Shop Online\",\"item\":\"https:\/\/renewalestetica.com\/sito\/shop-online\/\"},{\"@type\":\"ListItem\",\"position\":3,\"name\":\"ACQUA TONICA al fiordaliso con Sali del Mar Morto\"}]},{\"@type\":\"WebSite\",\"@id\":\"https:\/\/renewalestetica.com\/sito\/#website\",\"url\":\"https:\/\/renewalestetica.com\/sito\/\",\"name\":\"Renewal-Prodotti del Mar Morto\",\"description\":\"\",\"publisher\":{\"@id\":\"https:\/\/renewalestetica.com\/sito\/#organization\"},\"potentialAction\":[{\"@type\":\"SearchAction\",\"target\":{\"@type\":\"EntryPoint\",\"urlTemplate\":\"https:\/\/renewalestetica.com\/sito\/?s={search_term_string}\"},\"query-input\":{\"@type\":\"PropertyValueSpecification\",\"valueRequired\":true,\"valueName\":\"search_term_string\"}}],\"inLanguage\":\"it-IT\"},{\"@type\":\"Organization\",\"@id\":\"https:\/\/renewalestetica.com\/sito\/#organization\",\"name\":\"Renewal\",\"url\":\"https:\/\/renewalestetica.com\/sito\/\",\"logo\":{\"@type\":\"ImageObject\",\"inLanguage\":\"it-IT\",\"@id\":\"https:\/\/renewalestetica.com\/sito\/#\/schema\/logo\/image\/\",\"url\":\"https:\/\/renewalestetica.com\/sito\/wp-content\/uploads\/2021\/12\/LOGO_RENEWAL_ITALY-P.png\",\"contentUrl\":\"https:\/\/renewalestetica.com\/sito\/wp-content\/uploads\/2021\/12\/LOGO_RENEWAL_ITALY-P.png\",\"width\":500,\"height\":132,\"caption\":\"Renewal\"},\"image\":{\"@id\":\"https:\/\/renewalestetica.com\/sito\/#\/schema\/logo\/image\/\"},\"sameAs\":[\"https:\/\/www.facebook.com\/renewalestetica\/\",\"https:\/\/x.com\/RenewalEstetica\",\"https:\/\/www.instagram.com\/renewal.italy\/\",\"https:\/\/www.youtube.com\/channel\/UCLXMNtaF51hDO92FaRnJY7w\"]}]}<\/script>\n<!-- \/ Yoast SEO plugin. -->","yoast_head_json":{"title":"Acqua Tonica al Fiordaliso - Renewal-Prodotti del Mar Morto","description":"Acqua Tonica arricchita con sali del Mar Morto per eliminare tracce di trucco e impurit\u00e0. Rinfresca, lenisce, tonifica la pelle.","robots":{"index":"index","follow":"follow","max-snippet":"max-snippet:-1","max-image-preview":"max-image-preview:large","max-video-preview":"max-video-preview:-1"},"canonical":"https:\/\/renewalestetica.com\/sito\/prodotto\/acqua-tonica-fiordaliso\/","og_locale":"it_IT","og_type":"article","og_title":"Acqua Tonica al Fiordaliso - Renewal-Prodotti del Mar Morto","og_description":"Acqua Tonica arricchita con sali del Mar Morto per eliminare tracce di trucco e impurit\u00e0. Rinfresca, lenisce, tonifica la pelle.","og_url":"https:\/\/renewalestetica.com\/sito\/prodotto\/acqua-tonica-fiordaliso\/","og_site_name":"Renewal-Prodotti del Mar Morto","article_publisher":"https:\/\/www.facebook.com\/renewalestetica\/","article_modified_time":"2021-12-28T11:32:49+00:00","og_image":[{"width":1000,"height":1000,"url":"https:\/\/renewalestetica.com\/sito\/wp-content\/uploads\/2017\/03\/ACQUA-TONICA-200-ml-1.jpg","type":"image\/jpeg"}],"twitter_misc":{"Tempo di lettura stimato":"1 minuto"},"schema":{"@context":"https:\/\/schema.org","@graph":[{"@type":"WebPage","@id":"https:\/\/renewalestetica.com\/sito\/prodotto\/acqua-tonica-fiordaliso\/","url":"https:\/\/renewalestetica.com\/sito\/prodotto\/acqua-tonica-fiordaliso\/","name":"Acqua Tonica al Fiordaliso - Renewal-Prodotti del Mar Morto","isPartOf":{"@id":"https:\/\/renewalestetica.com\/sito\/#website"},"primaryImageOfPage":{"@id":"https:\/\/renewalestetica.com\/sito\/prodotto\/acqua-tonica-fiordaliso\/#primaryimage"},"image":{"@id":"https:\/\/renewalestetica.com\/sito\/prodotto\/acqua-tonica-fiordaliso\/#primaryimage"},"thumbnailUrl":"https:\/\/renewalestetica.com\/sito\/wp-content\/uploads\/2017\/03\/ACQUA-TONICA-200-ml-1.jpg","datePublished":"2017-03-07T14:58:10+00:00","dateModified":"2021-12-28T11:32:49+00:00","description":"Acqua Tonica arricchita con sali del Mar Morto per eliminare tracce di trucco e impurit\u00e0. Rinfresca, lenisce, tonifica la pelle.","breadcrumb":{"@id":"https:\/\/renewalestetica.com\/sito\/prodotto\/acqua-tonica-fiordaliso\/#breadcrumb"},"inLanguage":"it-IT","potentialAction":[{"@type":"ReadAction","target":["https:\/\/renewalestetica.com\/sito\/prodotto\/acqua-tonica-fiordaliso\/"]}]},{"@type":"ImageObject","inLanguage":"it-IT","@id":"https:\/\/renewalestetica.com\/sito\/prodotto\/acqua-tonica-fiordaliso\/#primaryimage","url":"https:\/\/renewalestetica.com\/sito\/wp-content\/uploads\/2017\/03\/ACQUA-TONICA-200-ml-1.jpg","contentUrl":"https:\/\/renewalestetica.com\/sito\/wp-content\/uploads\/2017\/03\/ACQUA-TONICA-200-ml-1.jpg","width":1000,"height":1000,"caption":"ACQUA TONICA 200ml, acqua, avvizzite, Benessere, centro benessere, centro estetico, corpo, crema, decongestionante, delicato, deterge, detergente, detersione, dopo sole, estetica, fiordaliso, fresco, gambe affaticate, idratata, lenitivo, luminosa, Mar Morto, naturale, nutrita, occhi, pelle, pelli spente, pori, pulisce, remineralizzante, Renewal, Renewal estetica, riequilibra PH, sale, sali, sali del Mar Morto, stanche, tonica, tonico, trucco, viso"},{"@type":"BreadcrumbList","@id":"https:\/\/renewalestetica.com\/sito\/prodotto\/acqua-tonica-fiordaliso\/#breadcrumb","itemListElement":[{"@type":"ListItem","position":1,"name":"Home","item":"https:\/\/renewalestetica.com\/sito\/"},{"@type":"ListItem","position":2,"name":"Shop Online","item":"https:\/\/renewalestetica.com\/sito\/shop-online\/"},{"@type":"ListItem","position":3,"name":"ACQUA TONICA al fiordaliso con Sali del Mar Morto"}]},{"@type":"WebSite","@id":"https:\/\/renewalestetica.com\/sito\/#website","url":"https:\/\/renewalestetica.com\/sito\/","name":"Renewal-Prodotti del Mar Morto","description":"","publisher":{"@id":"https:\/\/renewalestetica.com\/sito\/#organization"},"potentialAction":[{"@type":"SearchAction","target":{"@type":"EntryPoint","urlTemplate":"https:\/\/renewalestetica.com\/sito\/?s={search_term_string}"},"query-input":{"@type":"PropertyValueSpecification","valueRequired":true,"valueName":"search_term_string"}}],"inLanguage":"it-IT"},{"@type":"Organization","@id":"https:\/\/renewalestetica.com\/sito\/#organization","name":"Renewal","url":"https:\/\/renewalestetica.com\/sito\/","logo":{"@type":"ImageObject","inLanguage":"it-IT","@id":"https:\/\/renewalestetica.com\/sito\/#\/schema\/logo\/image\/","url":"https:\/\/renewalestetica.com\/sito\/wp-content\/uploads\/2021\/12\/LOGO_RENEWAL_ITALY-P.png","contentUrl":"https:\/\/renewalestetica.com\/sito\/wp-content\/uploads\/2021\/12\/LOGO_RENEWAL_ITALY-P.png","width":500,"height":132,"caption":"Renewal"},"image":{"@id":"https:\/\/renewalestetica.com\/sito\/#\/schema\/logo\/image\/"},"sameAs":["https:\/\/www.facebook.com\/renewalestetica\/","https:\/\/x.com\/RenewalEstetica","https:\/\/www.instagram.com\/renewal.italy\/","https:\/\/www.youtube.com\/channel\/UCLXMNtaF51hDO92FaRnJY7w"]}]}},"_links":{"self":[{"href":"https:\/\/renewalestetica.com\/sito\/wp-json\/wp\/v2\/product\/2410","targetHints":{"allow":["GET"]}}],"collection":[{"href":"https:\/\/renewalestetica.com\/sito\/wp-json\/wp\/v2\/product"}],"about":[{"href":"https:\/\/renewalestetica.com\/sito\/wp-json\/wp\/v2\/types\/product"}],"replies":[{"embeddable":true,"href":"https:\/\/renewalestetica.com\/sito\/wp-json\/wp\/v2\/comments?post=2410"}],"wp:featuredmedia":[{"embeddable":true,"href":"https:\/\/renewalestetica.com\/sito\/wp-json\/wp\/v2\/media\/11288"}],"wp:attachment":[{"href":"https:\/\/renewalestetica.com\/sito\/wp-json\/wp\/v2\/media?parent=2410"}],"wp:term":[{"taxonomy":"product_brand","embeddable":true,"href":"https:\/\/renewalestetica.com\/sito\/wp-json\/wp\/v2\/product_brand?post=2410"},{"taxonomy":"product_cat","embeddable":true,"href":"https:\/\/renewalestetica.com\/sito\/wp-json\/wp\/v2\/product_cat?post=2410"},{"taxonomy":"product_tag","embeddable":true,"href":"https:\/\/renewalestetica.com\/sito\/wp-json\/wp\/v2\/product_tag?post=2410"}],"curies":[{"name":"wp","href":"https:\/\/api.w.org\/{rel}","templated":true}]}}