{"id":2431,"date":"2017-03-07T17:06:08","date_gmt":"2017-03-07T16:06:08","guid":{"rendered":"http:\/\/www.renewalestetica.com\/sito\/prodotto\/crema-giorno-pelli-grasse-impure\/"},"modified":"2021-12-28T11:32:12","modified_gmt":"2021-12-28T10:32:12","slug":"crema-giorno-pelli-grasse-impure","status":"publish","type":"product","link":"https:\/\/renewalestetica.com\/sito\/prodotto\/crema-giorno-pelli-grasse-impure\/","title":{"rendered":"CREMA GIORNO PELLI GRASSE E IMPURE con Sali del Mar Morto"},"content":{"rendered":"<div id=\"pl-2431\" class=\"panel-layout\">\n<div id=\"pg-2431-0\" class=\"panel-grid panel-no-style\" data-style=\"{&quot;background_display&quot;:&quot;tile&quot;}\">\n<div id=\"pgc-2431-0-0\" class=\"panel-grid-cell\" data-weight=\"0.7\">\n<div id=\"panel-2431-0-0-0\" class=\"so-panel widget widget_black-studio-tinymce widget_black_studio_tinymce panel-first-child panel-last-child\" data-index=\"0\" data-style=\"{&quot;background_image_attachment&quot;:false,&quot;background_display&quot;:&quot;tile&quot;}\">\n<div class=\"textwidget\">\n<h3><span style=\"color: #003366; font-family: trebuchet ms,geneva,sans-serif; font-size: 20px;\">Modalit\u00e0 d\u2019uso:<\/span><\/h3>\n<p><strong><span style=\"font-family: 'trebuchet ms', geneva, sans-serif; color: #003366;\">Crema Giorno Pelli Grasse e Impure<\/span><\/strong><\/p>\n<ul style=\"list-style-type: disc;\">\n<li><span style=\"color: #808080; font-family: trebuchet ms,geneva,sans-serif; font-size: 16px;\">Applicare la giusta quantit\u00e0 di prodotto su viso, collo e d\u00e9collet\u00e9, fino a completo assorbimento<\/span><\/li>\n<\/ul>\n<p>&nbsp;<\/p>\n<p><span style=\"color: #003366; font-family: trebuchet ms,geneva,sans-serif; font-size: 28px;\">CREMA GIORNO<br \/>\n<span style=\"font-size: 24px;\">PELLI GRASSE E IMPURE<\/span><br \/>\n<span style=\"font-size: 24px;\">con Sali del Mar Morto<\/span><\/span><\/p>\n<p><span style=\"color: #808080; font-family: trebuchet ms,geneva,sans-serif; font-size: 16px;\">Formula arricchita di preziosissimi Sali del Mar Morto, riduce la comparsa di comedoni attraverso un azione sebo-riequilibrante.<\/span><\/p>\n<p><span style=\"font-size: 8px; color: #ffffff;\"><span style=\"font-family: 'trebuchet ms', geneva, sans-serif;\">Formula arricchita di preziosissimi Sali del Mar Morto, riduce la comparsa di comedoni attraverso un azione sebo-riequilibrante.<\/span><span style=\"font-family: 'trebuchet ms', geneva, sans-serif;\">Formula arricchita di preziosissimi Sali del Mar Morto, riduce la comparsa di comedoni attraverso un azione sebo-riequilibrante.<\/span><span style=\"font-family: 'trebuchet ms', geneva, sans-serif;\">Formula arricchita di preziosissimi Sali del Mar Morto, riduce la comparsa di comedoni attraverso un azione sebo-riequilibrante.<\/span><span style=\"font-family: 'trebuchet ms', geneva, sans-serif;\">Formula arricchita di preziosissimi Sali del Mar Morto, riduce la comparsa di comedoni attraverso un azione sebo-riequilibrante.<\/span><\/span><\/p>\n<\/div>\n<\/div>\n<\/div>\n<div id=\"pgc-2431-0-1\" class=\"panel-grid-cell\" data-weight=\"0.3\">\n<div id=\"panel-2431-0-1-0\" class=\"so-panel widget widget_black-studio-tinymce widget_black_studio_tinymce panel-first-child panel-last-child\" data-index=\"1\" data-style=\"{&quot;background_image_attachment&quot;:false,&quot;background_display&quot;:&quot;tile&quot;}\">\n<div class=\"textwidget\">\n<p><a href=\"https:\/\/www.renewalestetica.com\/sito\/wp-content\/uploads\/2017\/03\/CREMA-GIORNO-PELLI-GRASSE-con-sali-del-mar-morto.pdf\" target=\"_blank\" rel=\"nofollow noopener\"><img decoding=\"async\" class=\"alignnone wp-image-4265 size-medium\" src=\"https:\/\/www.renewalestetica.com\/sito\/wp-content\/uploads\/2016\/12\/pdf-download-300x89.jpg\" alt=\"\" width=\"300\" height=\"89\" srcset=\"https:\/\/renewalestetica.com\/sito\/wp-content\/uploads\/2016\/12\/pdf-download-300x89.jpg 300w, https:\/\/renewalestetica.com\/sito\/wp-content\/uploads\/2016\/12\/pdf-download-500x148.jpg 500w, https:\/\/renewalestetica.com\/sito\/wp-content\/uploads\/2016\/12\/pdf-download.jpg 610w\" sizes=\"(max-width: 300px) 100vw, 300px\" \/><\/a><br \/>\n<a href=\"https:\/\/www.renewalestetica.com\/sito\/wp-content\/uploads\/2017\/03\/CREMA-GIORNO-PELLI-GRASSE-con-sali-del-mar-morto.pdf\" target=\"_blank\" rel=\"nofollow noopener\"><span style=\"font-family: 'trebuchet ms', geneva, sans-serif;\"> <span style=\"color: #003366; text-decoration: underline;\"><span style=\"text-decoration: underline;\">Scarica la<\/span> <span style=\"text-decoration: underline;\">scheda prodotto<\/span><\/span><\/span><\/a><\/p>\n<\/div>\n<\/div>\n<\/div>\n<\/div>\n<\/div>\n","protected":false},"excerpt":{"rendered":"<p><span style=\"color: #003366; font-family: trebuchet ms,geneva,sans-serif; font-size: 28px;\">CREMA GIORNO<br \/>\n<span style=\"font-size: 24px;\">PELLI GRASSE E IMPURE<\/span><br \/>\n<span style=\"font-size: 24px;\">con Sali del Mar Morto<\/span><\/span><\/p>\n<p><span style=\"color: #808080; font-family: trebuchet ms,geneva,sans-serif; font-size: 16px;\">Formula arricchita di preziosissimi Sali del Mar Morto, riduce la comparsa di comedoni attraverso un azione sebo-riequilibrante.<\/span><\/p>\n","protected":false},"featured_media":11263,"comment_status":"closed","ping_status":"closed","template":"","meta":[],"product_brand":[],"product_cat":[21,1153,1193],"product_tag":[184,211,1334,59,83,93,149,1284,76,1173,1222,1335,1286,43,156,1273,1363,190,1174,1175,1362,1361,191,183,170,109,110,61,52,1365,1333,1364,267],"class_list":{"0":"post-2431","1":"product","2":"type-product","3":"status-publish","4":"has-post-thumbnail","6":"product_cat-mar-morto","7":"product_cat-linea-viso","8":"product_cat-creme-giorno","9":"product_tag-acne","10":"product_tag-antibatterico","11":"product_tag-asfittiche","12":"product_tag-benessere","13":"product_tag-centro-benessere","14":"product_tag-centro-estetico","15":"product_tag-crema","16":"product_tag-epidermide","17":"product_tag-estetica","18":"product_tag-giorno","19":"product_tag-idratare","20":"product_tag-ispessite","21":"product_tag-lenire","22":"product_tag-mar-morto-2","23":"product_tag-naturale","24":"product_tag-nutrire","25":"product_tag-oleosita","26":"product_tag-pelle","27":"product_tag-pelle-grassa","28":"product_tag-pelle-sensibile","29":"product_tag-pelli-grasse","30":"product_tag-pelli-impure","31":"product_tag-pori-dilatati","32":"product_tag-purificante","33":"product_tag-remineralizzante","34":"product_tag-renewal","35":"product_tag-renewal-estetica","36":"product_tag-sale","37":"product_tag-sali-del-mar-morto","38":"product_tag-skin-cream","39":"product_tag-skincare","40":"product_tag-untuosita","41":"product_tag-viso","42":"product_shipping_class-gratuita","44":"first","45":"instock","46":"taxable","47":"shipping-taxable","48":"purchasable","49":"product-type-variable","50":"has-default-attributes"},"yoast_head":"<!-- This site is optimized with the Yoast SEO plugin v26.2 - https:\/\/yoast.com\/wordpress\/plugins\/seo\/ -->\n<title>Crema Giorno Pelli Grasse e Impure - Renewal-Prodotti del Mar Morto<\/title>\n<meta name=\"description\" content=\"La Crema Giorno Pelli Grasse e Impure ha una formula arricchita di preziosissimi Sali del Mar Morto, riduce la comparsa di comedoni.\" \/>\n<meta name=\"robots\" content=\"index, follow, max-snippet:-1, max-image-preview:large, max-video-preview:-1\" \/>\n<link rel=\"canonical\" href=\"https:\/\/renewalestetica.com\/sito\/prodotto\/crema-giorno-pelli-grasse-impure\/\" \/>\n<meta property=\"og:locale\" content=\"it_IT\" \/>\n<meta property=\"og:type\" content=\"article\" \/>\n<meta property=\"og:title\" content=\"Crema Giorno Pelli Grasse e Impure - Renewal-Prodotti del Mar Morto\" \/>\n<meta property=\"og:description\" content=\"La Crema Giorno Pelli Grasse e Impure ha una formula arricchita di preziosissimi Sali del Mar Morto, riduce la comparsa di comedoni.\" \/>\n<meta property=\"og:url\" content=\"https:\/\/renewalestetica.com\/sito\/prodotto\/crema-giorno-pelli-grasse-impure\/\" \/>\n<meta property=\"og:site_name\" content=\"Renewal-Prodotti del Mar Morto\" \/>\n<meta property=\"article:publisher\" content=\"https:\/\/www.facebook.com\/renewalestetica\/\" \/>\n<meta property=\"article:modified_time\" content=\"2021-12-28T10:32:12+00:00\" \/>\n<meta property=\"og:image\" content=\"https:\/\/renewalestetica.com\/sito\/wp-content\/uploads\/2017\/03\/CREMA-GIORNO-50-200-ml-1.jpg\" \/>\n\t<meta property=\"og:image:width\" content=\"1000\" \/>\n\t<meta property=\"og:image:height\" content=\"1000\" \/>\n\t<meta property=\"og:image:type\" content=\"image\/jpeg\" \/>\n<meta name=\"twitter:label1\" content=\"Tempo di lettura stimato\" \/>\n\t<meta name=\"twitter:data1\" content=\"1 minuto\" \/>\n<script type=\"application\/ld+json\" class=\"yoast-schema-graph\">{\"@context\":\"https:\/\/schema.org\",\"@graph\":[{\"@type\":\"WebPage\",\"@id\":\"https:\/\/renewalestetica.com\/sito\/prodotto\/crema-giorno-pelli-grasse-impure\/\",\"url\":\"https:\/\/renewalestetica.com\/sito\/prodotto\/crema-giorno-pelli-grasse-impure\/\",\"name\":\"Crema Giorno Pelli Grasse e Impure - Renewal-Prodotti del Mar Morto\",\"isPartOf\":{\"@id\":\"https:\/\/renewalestetica.com\/sito\/#website\"},\"primaryImageOfPage\":{\"@id\":\"https:\/\/renewalestetica.com\/sito\/prodotto\/crema-giorno-pelli-grasse-impure\/#primaryimage\"},\"image\":{\"@id\":\"https:\/\/renewalestetica.com\/sito\/prodotto\/crema-giorno-pelli-grasse-impure\/#primaryimage\"},\"thumbnailUrl\":\"https:\/\/renewalestetica.com\/sito\/wp-content\/uploads\/2017\/03\/CREMA-GIORNO-50-200-ml-1.jpg\",\"datePublished\":\"2017-03-07T16:06:08+00:00\",\"dateModified\":\"2021-12-28T10:32:12+00:00\",\"description\":\"La Crema Giorno Pelli Grasse e Impure ha una formula arricchita di preziosissimi Sali del Mar Morto, riduce la comparsa di comedoni.\",\"breadcrumb\":{\"@id\":\"https:\/\/renewalestetica.com\/sito\/prodotto\/crema-giorno-pelli-grasse-impure\/#breadcrumb\"},\"inLanguage\":\"it-IT\",\"potentialAction\":[{\"@type\":\"ReadAction\",\"target\":[\"https:\/\/renewalestetica.com\/sito\/prodotto\/crema-giorno-pelli-grasse-impure\/\"]}]},{\"@type\":\"ImageObject\",\"inLanguage\":\"it-IT\",\"@id\":\"https:\/\/renewalestetica.com\/sito\/prodotto\/crema-giorno-pelli-grasse-impure\/#primaryimage\",\"url\":\"https:\/\/renewalestetica.com\/sito\/wp-content\/uploads\/2017\/03\/CREMA-GIORNO-50-200-ml-1.jpg\",\"contentUrl\":\"https:\/\/renewalestetica.com\/sito\/wp-content\/uploads\/2017\/03\/CREMA-GIORNO-50-200-ml-1.jpg\",\"width\":1000,\"height\":1000,\"caption\":\"CREMA GIORNO 50-200 ml-1\"},{\"@type\":\"BreadcrumbList\",\"@id\":\"https:\/\/renewalestetica.com\/sito\/prodotto\/crema-giorno-pelli-grasse-impure\/#breadcrumb\",\"itemListElement\":[{\"@type\":\"ListItem\",\"position\":1,\"name\":\"Home\",\"item\":\"https:\/\/renewalestetica.com\/sito\/\"},{\"@type\":\"ListItem\",\"position\":2,\"name\":\"Shop Online\",\"item\":\"https:\/\/renewalestetica.com\/sito\/shop-online\/\"},{\"@type\":\"ListItem\",\"position\":3,\"name\":\"CREMA GIORNO PELLI GRASSE E IMPURE con Sali del Mar Morto\"}]},{\"@type\":\"WebSite\",\"@id\":\"https:\/\/renewalestetica.com\/sito\/#website\",\"url\":\"https:\/\/renewalestetica.com\/sito\/\",\"name\":\"Renewal-Prodotti del Mar Morto\",\"description\":\"\",\"publisher\":{\"@id\":\"https:\/\/renewalestetica.com\/sito\/#organization\"},\"potentialAction\":[{\"@type\":\"SearchAction\",\"target\":{\"@type\":\"EntryPoint\",\"urlTemplate\":\"https:\/\/renewalestetica.com\/sito\/?s={search_term_string}\"},\"query-input\":{\"@type\":\"PropertyValueSpecification\",\"valueRequired\":true,\"valueName\":\"search_term_string\"}}],\"inLanguage\":\"it-IT\"},{\"@type\":\"Organization\",\"@id\":\"https:\/\/renewalestetica.com\/sito\/#organization\",\"name\":\"Renewal\",\"url\":\"https:\/\/renewalestetica.com\/sito\/\",\"logo\":{\"@type\":\"ImageObject\",\"inLanguage\":\"it-IT\",\"@id\":\"https:\/\/renewalestetica.com\/sito\/#\/schema\/logo\/image\/\",\"url\":\"https:\/\/renewalestetica.com\/sito\/wp-content\/uploads\/2021\/12\/LOGO_RENEWAL_ITALY-P.png\",\"contentUrl\":\"https:\/\/renewalestetica.com\/sito\/wp-content\/uploads\/2021\/12\/LOGO_RENEWAL_ITALY-P.png\",\"width\":500,\"height\":132,\"caption\":\"Renewal\"},\"image\":{\"@id\":\"https:\/\/renewalestetica.com\/sito\/#\/schema\/logo\/image\/\"},\"sameAs\":[\"https:\/\/www.facebook.com\/renewalestetica\/\",\"https:\/\/x.com\/RenewalEstetica\",\"https:\/\/www.instagram.com\/renewal.italy\/\",\"https:\/\/www.youtube.com\/channel\/UCLXMNtaF51hDO92FaRnJY7w\"]}]}<\/script>\n<!-- \/ Yoast SEO plugin. -->","yoast_head_json":{"title":"Crema Giorno Pelli Grasse e Impure - Renewal-Prodotti del Mar Morto","description":"La Crema Giorno Pelli Grasse e Impure ha una formula arricchita di preziosissimi Sali del Mar Morto, riduce la comparsa di comedoni.","robots":{"index":"index","follow":"follow","max-snippet":"max-snippet:-1","max-image-preview":"max-image-preview:large","max-video-preview":"max-video-preview:-1"},"canonical":"https:\/\/renewalestetica.com\/sito\/prodotto\/crema-giorno-pelli-grasse-impure\/","og_locale":"it_IT","og_type":"article","og_title":"Crema Giorno Pelli Grasse e Impure - Renewal-Prodotti del Mar Morto","og_description":"La Crema Giorno Pelli Grasse e Impure ha una formula arricchita di preziosissimi Sali del Mar Morto, riduce la comparsa di comedoni.","og_url":"https:\/\/renewalestetica.com\/sito\/prodotto\/crema-giorno-pelli-grasse-impure\/","og_site_name":"Renewal-Prodotti del Mar Morto","article_publisher":"https:\/\/www.facebook.com\/renewalestetica\/","article_modified_time":"2021-12-28T10:32:12+00:00","og_image":[{"width":1000,"height":1000,"url":"https:\/\/renewalestetica.com\/sito\/wp-content\/uploads\/2017\/03\/CREMA-GIORNO-50-200-ml-1.jpg","type":"image\/jpeg"}],"twitter_misc":{"Tempo di lettura stimato":"1 minuto"},"schema":{"@context":"https:\/\/schema.org","@graph":[{"@type":"WebPage","@id":"https:\/\/renewalestetica.com\/sito\/prodotto\/crema-giorno-pelli-grasse-impure\/","url":"https:\/\/renewalestetica.com\/sito\/prodotto\/crema-giorno-pelli-grasse-impure\/","name":"Crema Giorno Pelli Grasse e Impure - Renewal-Prodotti del Mar Morto","isPartOf":{"@id":"https:\/\/renewalestetica.com\/sito\/#website"},"primaryImageOfPage":{"@id":"https:\/\/renewalestetica.com\/sito\/prodotto\/crema-giorno-pelli-grasse-impure\/#primaryimage"},"image":{"@id":"https:\/\/renewalestetica.com\/sito\/prodotto\/crema-giorno-pelli-grasse-impure\/#primaryimage"},"thumbnailUrl":"https:\/\/renewalestetica.com\/sito\/wp-content\/uploads\/2017\/03\/CREMA-GIORNO-50-200-ml-1.jpg","datePublished":"2017-03-07T16:06:08+00:00","dateModified":"2021-12-28T10:32:12+00:00","description":"La Crema Giorno Pelli Grasse e Impure ha una formula arricchita di preziosissimi Sali del Mar Morto, riduce la comparsa di comedoni.","breadcrumb":{"@id":"https:\/\/renewalestetica.com\/sito\/prodotto\/crema-giorno-pelli-grasse-impure\/#breadcrumb"},"inLanguage":"it-IT","potentialAction":[{"@type":"ReadAction","target":["https:\/\/renewalestetica.com\/sito\/prodotto\/crema-giorno-pelli-grasse-impure\/"]}]},{"@type":"ImageObject","inLanguage":"it-IT","@id":"https:\/\/renewalestetica.com\/sito\/prodotto\/crema-giorno-pelli-grasse-impure\/#primaryimage","url":"https:\/\/renewalestetica.com\/sito\/wp-content\/uploads\/2017\/03\/CREMA-GIORNO-50-200-ml-1.jpg","contentUrl":"https:\/\/renewalestetica.com\/sito\/wp-content\/uploads\/2017\/03\/CREMA-GIORNO-50-200-ml-1.jpg","width":1000,"height":1000,"caption":"CREMA GIORNO 50-200 ml-1"},{"@type":"BreadcrumbList","@id":"https:\/\/renewalestetica.com\/sito\/prodotto\/crema-giorno-pelli-grasse-impure\/#breadcrumb","itemListElement":[{"@type":"ListItem","position":1,"name":"Home","item":"https:\/\/renewalestetica.com\/sito\/"},{"@type":"ListItem","position":2,"name":"Shop Online","item":"https:\/\/renewalestetica.com\/sito\/shop-online\/"},{"@type":"ListItem","position":3,"name":"CREMA GIORNO PELLI GRASSE E IMPURE con Sali del Mar Morto"}]},{"@type":"WebSite","@id":"https:\/\/renewalestetica.com\/sito\/#website","url":"https:\/\/renewalestetica.com\/sito\/","name":"Renewal-Prodotti del Mar Morto","description":"","publisher":{"@id":"https:\/\/renewalestetica.com\/sito\/#organization"},"potentialAction":[{"@type":"SearchAction","target":{"@type":"EntryPoint","urlTemplate":"https:\/\/renewalestetica.com\/sito\/?s={search_term_string}"},"query-input":{"@type":"PropertyValueSpecification","valueRequired":true,"valueName":"search_term_string"}}],"inLanguage":"it-IT"},{"@type":"Organization","@id":"https:\/\/renewalestetica.com\/sito\/#organization","name":"Renewal","url":"https:\/\/renewalestetica.com\/sito\/","logo":{"@type":"ImageObject","inLanguage":"it-IT","@id":"https:\/\/renewalestetica.com\/sito\/#\/schema\/logo\/image\/","url":"https:\/\/renewalestetica.com\/sito\/wp-content\/uploads\/2021\/12\/LOGO_RENEWAL_ITALY-P.png","contentUrl":"https:\/\/renewalestetica.com\/sito\/wp-content\/uploads\/2021\/12\/LOGO_RENEWAL_ITALY-P.png","width":500,"height":132,"caption":"Renewal"},"image":{"@id":"https:\/\/renewalestetica.com\/sito\/#\/schema\/logo\/image\/"},"sameAs":["https:\/\/www.facebook.com\/renewalestetica\/","https:\/\/x.com\/RenewalEstetica","https:\/\/www.instagram.com\/renewal.italy\/","https:\/\/www.youtube.com\/channel\/UCLXMNtaF51hDO92FaRnJY7w"]}]}},"_links":{"self":[{"href":"https:\/\/renewalestetica.com\/sito\/wp-json\/wp\/v2\/product\/2431","targetHints":{"allow":["GET"]}}],"collection":[{"href":"https:\/\/renewalestetica.com\/sito\/wp-json\/wp\/v2\/product"}],"about":[{"href":"https:\/\/renewalestetica.com\/sito\/wp-json\/wp\/v2\/types\/product"}],"replies":[{"embeddable":true,"href":"https:\/\/renewalestetica.com\/sito\/wp-json\/wp\/v2\/comments?post=2431"}],"wp:featuredmedia":[{"embeddable":true,"href":"https:\/\/renewalestetica.com\/sito\/wp-json\/wp\/v2\/media\/11263"}],"wp:attachment":[{"href":"https:\/\/renewalestetica.com\/sito\/wp-json\/wp\/v2\/media?parent=2431"}],"wp:term":[{"taxonomy":"product_brand","embeddable":true,"href":"https:\/\/renewalestetica.com\/sito\/wp-json\/wp\/v2\/product_brand?post=2431"},{"taxonomy":"product_cat","embeddable":true,"href":"https:\/\/renewalestetica.com\/sito\/wp-json\/wp\/v2\/product_cat?post=2431"},{"taxonomy":"product_tag","embeddable":true,"href":"https:\/\/renewalestetica.com\/sito\/wp-json\/wp\/v2\/product_tag?post=2431"}],"curies":[{"name":"wp","href":"https:\/\/api.w.org\/{rel}","templated":true}]}}