{"id":266,"date":"2014-11-07T11:57:09","date_gmt":"2014-11-07T10:57:09","guid":{"rendered":"http:\/\/www.renewalestetica.com\/sito\/?post_type=product&#038;p=266"},"modified":"2022-01-25T15:58:58","modified_gmt":"2022-01-25T14:58:58","slug":"articolo-rw-268","status":"publish","type":"product","link":"https:\/\/renewalestetica.com\/sito\/prodotto\/articolo-rw-268\/","title":{"rendered":"Lettino regolabile elettricamente con telecomando"},"content":{"rendered":"<p>Lettino a 1 snodo dalla struttura metallica molto stabile, dotato di 1 motore che controlla l&#8217;altezza. L\u2019inclinazione dello schienale \u00e8 regolabile con un pistone a gas. Facile spostamento tramite due ruote incorporate. \u00c8 dotato di un foro facciale e cuscino poggiatesta estraibile. Rivestimento in PVC bianco di gran qualit\u00e0 e facile pulizia.<\/p>\n<table style=\"height: 40px;border-color: #000000\" width=\"373\">\n<tbody>\n<tr>\n<td>Misura prodotto\u00a0(cm)<\/td>\n<td>186x68x54<\/td>\n<\/tr>\n<tr>\n<td>Peso (Kg)<\/td>\n<td>57,5<\/td>\n<\/tr>\n<tr>\n<td>Rivestimento<\/td>\n<td>PVC<\/td>\n<\/tr>\n<tr>\n<td>Colori<\/td>\n<td>Bianco, Nero<\/td>\n<\/tr>\n<tr>\n<td>Motori<\/td>\n<td>1<\/td>\n<\/tr>\n<\/tbody>\n<\/table>\n","protected":false},"excerpt":{"rendered":"<p>Lettino a 1 snodo dalla struttura metallica molto stabile, dotato di 1 motore che controlla l&#8217;altezza. L\u2019inclinazione dello schienale \u00e8 regolabile con un pistone a gas. Facile spostamento tramite due ruote incorporate. \u00c8 dotato di un foro facciale e cuscino poggiatesta estraibile. Rivestimento in PVC bianco di gran qualit\u00e0 e facile pulizia. Misura prodotto\u00a0(cm) 186x68x54 &#8230; <a title=\"Lettino regolabile elettricamente con telecomando\" class=\"read-more\" href=\"https:\/\/renewalestetica.com\/sito\/prodotto\/articolo-rw-268\/\" aria-label=\"Per saperne di pi\u00f9 su Lettino regolabile elettricamente con telecomando\">Leggi tutto<\/a><\/p>\n","protected":false},"featured_media":8667,"comment_status":"open","ping_status":"closed","template":"","meta":[],"product_brand":[],"product_cat":[28,31],"product_tag":[108,59,393,342,76,69,68,788,787,784,790,789,785,1088,70,325,343,341,67,109,110,96,948,77,1139],"class_list":{"0":"post-266","1":"product","2":"type-product","3":"status-publish","4":"has-post-thumbnail","6":"product_cat-strumenti-e-apparecchiature-per-estetiste","7":"product_cat-lettini-per-fisioterapia-e-massaggi","8":"product_tag-attrezzature-centri-benessere","9":"product_tag-benessere","10":"product_tag-centri-benessere","11":"product_tag-elettrico","12":"product_tag-estetica","13":"product_tag-fisioterapia","14":"product_tag-lettino","15":"product_tag-lettino-con-comandi","16":"product_tag-lettino-con-telecomando","17":"product_tag-lettino-meccanico","18":"product_tag-lettino-per-professionisti","19":"product_tag-lettino-professionale","20":"product_tag-lettino-regolabile","21":"product_tag-lettino-regolabile-elettricamente-con-telecomando","22":"product_tag-massaggi","23":"product_tag-metallo","24":"product_tag-motore","25":"product_tag-prefessionale","26":"product_tag-relax","27":"product_tag-renewal","28":"product_tag-renewal-estetica","29":"product_tag-ruote","30":"product_tag-snodo","31":"product_tag-spa","32":"product_tag-weelko","33":"product_shipping_class-weelko","35":"first","36":"instock","37":"taxable","38":"shipping-taxable","39":"purchasable","40":"product-type-simple"},"yoast_head":"<!-- This site is optimized with the Yoast SEO plugin v26.2 - https:\/\/yoast.com\/wordpress\/plugins\/seo\/ -->\n<title>Lettino regolabile elettricamente con telecomando - Renewal-Prodotti del Mar Morto<\/title>\n<meta name=\"description\" content=\"Lettino regolabile elettricamente con telecomando\" \/>\n<meta name=\"robots\" content=\"index, follow, max-snippet:-1, max-image-preview:large, max-video-preview:-1\" \/>\n<link rel=\"canonical\" href=\"https:\/\/renewalestetica.com\/sito\/prodotto\/articolo-rw-268\/\" \/>\n<meta property=\"og:locale\" content=\"it_IT\" \/>\n<meta property=\"og:type\" content=\"article\" \/>\n<meta property=\"og:title\" content=\"Lettino regolabile elettricamente con telecomando - Renewal-Prodotti del Mar Morto\" \/>\n<meta property=\"og:description\" content=\"Lettino regolabile elettricamente con telecomando\" \/>\n<meta property=\"og:url\" content=\"https:\/\/renewalestetica.com\/sito\/prodotto\/articolo-rw-268\/\" \/>\n<meta property=\"og:site_name\" content=\"Renewal-Prodotti del Mar Morto\" \/>\n<meta property=\"article:publisher\" content=\"https:\/\/www.facebook.com\/renewalestetica\/\" \/>\n<meta property=\"article:modified_time\" content=\"2022-01-25T14:58:58+00:00\" \/>\n<meta property=\"og:image\" content=\"https:\/\/renewalestetica.com\/sito\/wp-content\/uploads\/2014\/11\/2212.jpg\" \/>\n\t<meta property=\"og:image:width\" content=\"770\" \/>\n\t<meta property=\"og:image:height\" content=\"440\" \/>\n\t<meta property=\"og:image:type\" content=\"image\/jpeg\" \/>\n<script type=\"application\/ld+json\" class=\"yoast-schema-graph\">{\"@context\":\"https:\/\/schema.org\",\"@graph\":[{\"@type\":\"WebPage\",\"@id\":\"https:\/\/renewalestetica.com\/sito\/prodotto\/articolo-rw-268\/\",\"url\":\"https:\/\/renewalestetica.com\/sito\/prodotto\/articolo-rw-268\/\",\"name\":\"Lettino regolabile elettricamente con telecomando - Renewal-Prodotti del Mar Morto\",\"isPartOf\":{\"@id\":\"https:\/\/renewalestetica.com\/sito\/#website\"},\"primaryImageOfPage\":{\"@id\":\"https:\/\/renewalestetica.com\/sito\/prodotto\/articolo-rw-268\/#primaryimage\"},\"image\":{\"@id\":\"https:\/\/renewalestetica.com\/sito\/prodotto\/articolo-rw-268\/#primaryimage\"},\"thumbnailUrl\":\"https:\/\/renewalestetica.com\/sito\/wp-content\/uploads\/2014\/11\/2212.jpg\",\"datePublished\":\"2014-11-07T10:57:09+00:00\",\"dateModified\":\"2022-01-25T14:58:58+00:00\",\"description\":\"Lettino regolabile elettricamente con telecomando\",\"breadcrumb\":{\"@id\":\"https:\/\/renewalestetica.com\/sito\/prodotto\/articolo-rw-268\/#breadcrumb\"},\"inLanguage\":\"it-IT\",\"potentialAction\":[{\"@type\":\"ReadAction\",\"target\":[\"https:\/\/renewalestetica.com\/sito\/prodotto\/articolo-rw-268\/\"]}]},{\"@type\":\"ImageObject\",\"inLanguage\":\"it-IT\",\"@id\":\"https:\/\/renewalestetica.com\/sito\/prodotto\/articolo-rw-268\/#primaryimage\",\"url\":\"https:\/\/renewalestetica.com\/sito\/wp-content\/uploads\/2014\/11\/2212.jpg\",\"contentUrl\":\"https:\/\/renewalestetica.com\/sito\/wp-content\/uploads\/2014\/11\/2212.jpg\",\"width\":770,\"height\":440,\"caption\":\"2212, attrezzature centri benessere, Benessere, centri benessere, elettrico, estetica, fisioterapia, lettino, lettino con comandi, lettino con telecomando, lettino meccanico, lettino per professionisti, lettino professionale, lettino regolabile, Lettino regolabile elettricamente con telecomando, massaggi, metallo, motore, prefessionale, relax, Renewal, Renewal estetica, ruote, snodo, spa, WEELKO\"},{\"@type\":\"BreadcrumbList\",\"@id\":\"https:\/\/renewalestetica.com\/sito\/prodotto\/articolo-rw-268\/#breadcrumb\",\"itemListElement\":[{\"@type\":\"ListItem\",\"position\":1,\"name\":\"Home\",\"item\":\"https:\/\/renewalestetica.com\/sito\/\"},{\"@type\":\"ListItem\",\"position\":2,\"name\":\"Shop Online\",\"item\":\"https:\/\/renewalestetica.com\/sito\/shop-online\/\"},{\"@type\":\"ListItem\",\"position\":3,\"name\":\"Lettino regolabile elettricamente con telecomando\"}]},{\"@type\":\"WebSite\",\"@id\":\"https:\/\/renewalestetica.com\/sito\/#website\",\"url\":\"https:\/\/renewalestetica.com\/sito\/\",\"name\":\"Renewal-Prodotti del Mar Morto\",\"description\":\"\",\"publisher\":{\"@id\":\"https:\/\/renewalestetica.com\/sito\/#organization\"},\"potentialAction\":[{\"@type\":\"SearchAction\",\"target\":{\"@type\":\"EntryPoint\",\"urlTemplate\":\"https:\/\/renewalestetica.com\/sito\/?s={search_term_string}\"},\"query-input\":{\"@type\":\"PropertyValueSpecification\",\"valueRequired\":true,\"valueName\":\"search_term_string\"}}],\"inLanguage\":\"it-IT\"},{\"@type\":\"Organization\",\"@id\":\"https:\/\/renewalestetica.com\/sito\/#organization\",\"name\":\"Renewal\",\"url\":\"https:\/\/renewalestetica.com\/sito\/\",\"logo\":{\"@type\":\"ImageObject\",\"inLanguage\":\"it-IT\",\"@id\":\"https:\/\/renewalestetica.com\/sito\/#\/schema\/logo\/image\/\",\"url\":\"https:\/\/renewalestetica.com\/sito\/wp-content\/uploads\/2021\/12\/LOGO_RENEWAL_ITALY-P.png\",\"contentUrl\":\"https:\/\/renewalestetica.com\/sito\/wp-content\/uploads\/2021\/12\/LOGO_RENEWAL_ITALY-P.png\",\"width\":500,\"height\":132,\"caption\":\"Renewal\"},\"image\":{\"@id\":\"https:\/\/renewalestetica.com\/sito\/#\/schema\/logo\/image\/\"},\"sameAs\":[\"https:\/\/www.facebook.com\/renewalestetica\/\",\"https:\/\/x.com\/RenewalEstetica\",\"https:\/\/www.instagram.com\/renewal.italy\/\",\"https:\/\/www.youtube.com\/channel\/UCLXMNtaF51hDO92FaRnJY7w\"]}]}<\/script>\n<!-- \/ Yoast SEO plugin. -->","yoast_head_json":{"title":"Lettino regolabile elettricamente con telecomando - Renewal-Prodotti del Mar Morto","description":"Lettino regolabile elettricamente con telecomando","robots":{"index":"index","follow":"follow","max-snippet":"max-snippet:-1","max-image-preview":"max-image-preview:large","max-video-preview":"max-video-preview:-1"},"canonical":"https:\/\/renewalestetica.com\/sito\/prodotto\/articolo-rw-268\/","og_locale":"it_IT","og_type":"article","og_title":"Lettino regolabile elettricamente con telecomando - Renewal-Prodotti del Mar Morto","og_description":"Lettino regolabile elettricamente con telecomando","og_url":"https:\/\/renewalestetica.com\/sito\/prodotto\/articolo-rw-268\/","og_site_name":"Renewal-Prodotti del Mar Morto","article_publisher":"https:\/\/www.facebook.com\/renewalestetica\/","article_modified_time":"2022-01-25T14:58:58+00:00","og_image":[{"width":770,"height":440,"url":"https:\/\/renewalestetica.com\/sito\/wp-content\/uploads\/2014\/11\/2212.jpg","type":"image\/jpeg"}],"schema":{"@context":"https:\/\/schema.org","@graph":[{"@type":"WebPage","@id":"https:\/\/renewalestetica.com\/sito\/prodotto\/articolo-rw-268\/","url":"https:\/\/renewalestetica.com\/sito\/prodotto\/articolo-rw-268\/","name":"Lettino regolabile elettricamente con telecomando - Renewal-Prodotti del Mar Morto","isPartOf":{"@id":"https:\/\/renewalestetica.com\/sito\/#website"},"primaryImageOfPage":{"@id":"https:\/\/renewalestetica.com\/sito\/prodotto\/articolo-rw-268\/#primaryimage"},"image":{"@id":"https:\/\/renewalestetica.com\/sito\/prodotto\/articolo-rw-268\/#primaryimage"},"thumbnailUrl":"https:\/\/renewalestetica.com\/sito\/wp-content\/uploads\/2014\/11\/2212.jpg","datePublished":"2014-11-07T10:57:09+00:00","dateModified":"2022-01-25T14:58:58+00:00","description":"Lettino regolabile elettricamente con telecomando","breadcrumb":{"@id":"https:\/\/renewalestetica.com\/sito\/prodotto\/articolo-rw-268\/#breadcrumb"},"inLanguage":"it-IT","potentialAction":[{"@type":"ReadAction","target":["https:\/\/renewalestetica.com\/sito\/prodotto\/articolo-rw-268\/"]}]},{"@type":"ImageObject","inLanguage":"it-IT","@id":"https:\/\/renewalestetica.com\/sito\/prodotto\/articolo-rw-268\/#primaryimage","url":"https:\/\/renewalestetica.com\/sito\/wp-content\/uploads\/2014\/11\/2212.jpg","contentUrl":"https:\/\/renewalestetica.com\/sito\/wp-content\/uploads\/2014\/11\/2212.jpg","width":770,"height":440,"caption":"2212, attrezzature centri benessere, Benessere, centri benessere, elettrico, estetica, fisioterapia, lettino, lettino con comandi, lettino con telecomando, lettino meccanico, lettino per professionisti, lettino professionale, lettino regolabile, Lettino regolabile elettricamente con telecomando, massaggi, metallo, motore, prefessionale, relax, Renewal, Renewal estetica, ruote, snodo, spa, WEELKO"},{"@type":"BreadcrumbList","@id":"https:\/\/renewalestetica.com\/sito\/prodotto\/articolo-rw-268\/#breadcrumb","itemListElement":[{"@type":"ListItem","position":1,"name":"Home","item":"https:\/\/renewalestetica.com\/sito\/"},{"@type":"ListItem","position":2,"name":"Shop Online","item":"https:\/\/renewalestetica.com\/sito\/shop-online\/"},{"@type":"ListItem","position":3,"name":"Lettino regolabile elettricamente con telecomando"}]},{"@type":"WebSite","@id":"https:\/\/renewalestetica.com\/sito\/#website","url":"https:\/\/renewalestetica.com\/sito\/","name":"Renewal-Prodotti del Mar Morto","description":"","publisher":{"@id":"https:\/\/renewalestetica.com\/sito\/#organization"},"potentialAction":[{"@type":"SearchAction","target":{"@type":"EntryPoint","urlTemplate":"https:\/\/renewalestetica.com\/sito\/?s={search_term_string}"},"query-input":{"@type":"PropertyValueSpecification","valueRequired":true,"valueName":"search_term_string"}}],"inLanguage":"it-IT"},{"@type":"Organization","@id":"https:\/\/renewalestetica.com\/sito\/#organization","name":"Renewal","url":"https:\/\/renewalestetica.com\/sito\/","logo":{"@type":"ImageObject","inLanguage":"it-IT","@id":"https:\/\/renewalestetica.com\/sito\/#\/schema\/logo\/image\/","url":"https:\/\/renewalestetica.com\/sito\/wp-content\/uploads\/2021\/12\/LOGO_RENEWAL_ITALY-P.png","contentUrl":"https:\/\/renewalestetica.com\/sito\/wp-content\/uploads\/2021\/12\/LOGO_RENEWAL_ITALY-P.png","width":500,"height":132,"caption":"Renewal"},"image":{"@id":"https:\/\/renewalestetica.com\/sito\/#\/schema\/logo\/image\/"},"sameAs":["https:\/\/www.facebook.com\/renewalestetica\/","https:\/\/x.com\/RenewalEstetica","https:\/\/www.instagram.com\/renewal.italy\/","https:\/\/www.youtube.com\/channel\/UCLXMNtaF51hDO92FaRnJY7w"]}]}},"_links":{"self":[{"href":"https:\/\/renewalestetica.com\/sito\/wp-json\/wp\/v2\/product\/266","targetHints":{"allow":["GET"]}}],"collection":[{"href":"https:\/\/renewalestetica.com\/sito\/wp-json\/wp\/v2\/product"}],"about":[{"href":"https:\/\/renewalestetica.com\/sito\/wp-json\/wp\/v2\/types\/product"}],"replies":[{"embeddable":true,"href":"https:\/\/renewalestetica.com\/sito\/wp-json\/wp\/v2\/comments?post=266"}],"wp:featuredmedia":[{"embeddable":true,"href":"https:\/\/renewalestetica.com\/sito\/wp-json\/wp\/v2\/media\/8667"}],"wp:attachment":[{"href":"https:\/\/renewalestetica.com\/sito\/wp-json\/wp\/v2\/media?parent=266"}],"wp:term":[{"taxonomy":"product_brand","embeddable":true,"href":"https:\/\/renewalestetica.com\/sito\/wp-json\/wp\/v2\/product_brand?post=266"},{"taxonomy":"product_cat","embeddable":true,"href":"https:\/\/renewalestetica.com\/sito\/wp-json\/wp\/v2\/product_cat?post=266"},{"taxonomy":"product_tag","embeddable":true,"href":"https:\/\/renewalestetica.com\/sito\/wp-json\/wp\/v2\/product_tag?post=266"}],"curies":[{"name":"wp","href":"https:\/\/api.w.org\/{rel}","templated":true}]}}