{"id":618,"date":"2015-01-28T12:49:19","date_gmt":"2015-01-28T11:49:19","guid":{"rendered":"http:\/\/www.renewalestetica.com\/sito\/?post_type=product&#038;p=618"},"modified":"2022-01-25T16:01:27","modified_gmt":"2022-01-25T15:01:27","slug":"adipe-synergy-mud","status":"publish","type":"product","link":"https:\/\/renewalestetica.com\/sito\/prodotto\/adipe-synergy-mud\/","title":{"rendered":"ADIPE &#8211; SYNERGY MUD"},"content":{"rendered":"<div id=\"pl-618\"  class=\"panel-layout\" >\n<div id=\"pg-618-0\"  class=\"panel-grid panel-no-style\"  data-style=\"{&quot;background_image_attachment&quot;:false,&quot;background_display&quot;:&quot;tile&quot;,&quot;cell_alignment&quot;:&quot;flex-start&quot;}\" >\n<div id=\"pgc-618-0-0\"  class=\"panel-grid-cell\"  data-weight=\"0.7\" >\n<div id=\"panel-618-0-0-0\" class=\"so-panel widget widget_black-studio-tinymce widget_black_studio_tinymce panel-first-child panel-last-child\" data-index=\"0\" data-style=\"{&quot;background_image_attachment&quot;:false,&quot;background_display&quot;:&quot;tile&quot;}\" >\n<div class=\"textwidget\">\n<h3><span style=\"color: #003366; font-family: trebuchet ms,geneva,sans-serif; font-size: 20px;\">Modalit\u00e0 d\u2019uso:<\/span><\/h3>\n<p><strong><span style=\"font-family: 'trebuchet ms', geneva, sans-serif; color: #003366;\">Adipe<\/span><\/strong><\/p>\n<ul style=\"list-style-type: disc;\">\n<li>\n<div class=\"page\" title=\"Page 1\">\n<div class=\"layoutArea\">\n<div class=\"column\">\n<p><span style=\"font-family: 'trebuchet ms', geneva, sans-serif; color: #808080;\">Corpo: utilizzate max 10 gocce di sinergia per zona.<\/span><\/p>\n<\/div>\n<\/div>\n<\/div>\n<\/li>\n<\/ul>\n<p>&nbsp;<\/p>\n<p><span style=\"color: #3366ff; font-family: 'trebuchet ms', geneva, sans-serif; font-size: 28px;\"><span style=\"color: #003366; font-family: 'trebuchet ms', geneva, sans-serif;\">SYNERGY ADIPE<\/span><\/span><\/p>\n<div class=\"page\" title=\"Page 1\">\n<div class=\"layoutArea\">\n<div class=\"column\">\n<div class=\"page\" title=\"Page 1\">\n<div class=\"layoutArea\">\n<div class=\"column\">\n<p><span style=\"font-family: 'trebuchet ms', geneva, sans-serif; color: #808080;\">La sinergia adipe e\u0300 una miscela di principi attivi lipolitica ad alta funzionalita\u0300 indicata nei trattamenti di adiposita\u0300 localizzate.<\/span><\/p>\n<p><span style=\"font-family: 'trebuchet ms', geneva, sans-serif; font-size: 8px; color: #ffffff;\">La sinergia e\u0300 una miscela di principi attivi lipolitica ad alta funzionalita\u0300 indicata nei trattamenti di adiposita\u0300 localizzate.La sinergia e\u0300 una miscela di principi attivi lipolitica ad alta funzionalita\u0300 indicata nei trattamenti di adiposita\u0300 localizzate.La sinergia e\u0300 una miscela di principi attivi lipolitica ad alta funzionalita\u0300 indicata nei trattamenti di adiposita\u0300 localizzate.La sinergia e\u0300 una miscela di principi attivi lipolitica ad alta funzionalita\u0300 indicata nei trattamenti di aLa sinergia e\u0300 una miscela di principi attivi lipolitica ad alta funzionalita\u0300 indicata nei trattamenti di adiposita\u0300 localizzate.La sinergia e\u0300 una miscela di principi attivi lipolitica ad alta funzionalita\u0300 indicata nei trattamenti di adiposita\u0300 localizzate.La sinergia e\u0300 una miscela di principi attivi lipolitica ad alta funzionalita\u0300 indicata nei trattamenti di adiposita\u0300 localizzate.La sinergia e\u0300 una miscela di principi attivi lipolitica ad alta funzionalita\u0300 indicata nei trattamenti di adiposita\u0300 localizzate.diposita\u0300 localizzate.<\/span><\/p>\n<\/div>\n<\/div>\n<\/div>\n<\/div>\n<\/div>\n<\/div>\n<\/div>\n<\/div>\n<\/div>\n<div id=\"pgc-618-0-1\"  class=\"panel-grid-cell\"  data-weight=\"0.3\" >\n<div id=\"panel-618-0-1-0\" class=\"so-panel widget widget_black-studio-tinymce widget_black_studio_tinymce panel-first-child panel-last-child\" data-index=\"1\" data-style=\"{&quot;background_image_attachment&quot;:false,&quot;background_display&quot;:&quot;tile&quot;}\" >\n<div class=\"textwidget\">\n<p><a href=\"https:\/\/www.renewalestetica.com\/sito\/wp-content\/uploads\/2015\/01\/ADIPE.pdf\"><img decoding=\"async\" class=\"alignnone wp-image-4265 size-medium\" src=\"https:\/\/www.renewalestetica.com\/sito\/wp-content\/uploads\/2016\/12\/pdf-download-300x89.jpg\" alt=\"\" width=\"300\" height=\"89\" srcset=\"https:\/\/renewalestetica.com\/sito\/wp-content\/uploads\/2016\/12\/pdf-download-300x89.jpg 300w, https:\/\/renewalestetica.com\/sito\/wp-content\/uploads\/2016\/12\/pdf-download-500x148.jpg 500w, https:\/\/renewalestetica.com\/sito\/wp-content\/uploads\/2016\/12\/pdf-download.jpg 610w\" sizes=\"(max-width: 300px) 100vw, 300px\" \/><\/a><br \/>\n<a href=\"https:\/\/www.renewalestetica.com\/sito\/wp-content\/uploads\/2015\/01\/ADIPE.pdf\"><span style=\"font-family: 'trebuchet ms', geneva, sans-serif;\"> <span style=\"color: #003366; text-decoration: underline;\"><span style=\"text-decoration: underline;\">Scarica la<\/span> <span style=\"text-decoration: underline;\">scheda prodotto<\/span><\/span><\/span><\/a><\/p>\n<\/div>\n<\/div>\n<\/div>\n<\/div>\n<\/div>\n","protected":false},"excerpt":{"rendered":"<p><span style=\"color: #3366ff; font-family: 'trebuchet ms', geneva, sans-serif; font-size: 28px;\"><span style=\"color: #003366; font-family: 'trebuchet ms', geneva, sans-serif;\">SYNERGY ADIPE<\/span><\/span><\/p>\n<div class=\"page\" title=\"Page 1\">\n<div class=\"layoutArea\">\n<div class=\"column\">\n<div class=\"page\" title=\"Page 1\">\n<div class=\"layoutArea\">\n<div class=\"column\">\n<p><span style=\"font-family: 'trebuchet ms', geneva, sans-serif; color: #808080;\">La sinergia adipe e\u0300 una miscela di principi attivi lipolitica ad alta funzionalita\u0300 indicata nei trattamenti di adiposita\u0300 localizzate.<\/span><\/p>\n<\/div>\n<\/div>\n<\/div>\n<\/div>\n<\/div>\n<\/div>\n","protected":false},"featured_media":7950,"comment_status":"open","ping_status":"closed","template":"","meta":[],"product_brand":[],"product_cat":[21,27],"product_tag":[1466,136,59,393,273,93,1467,76,182,181,1465,43,1455,132,137,621,622,1457,67,109,110,129,844,837],"class_list":{"0":"post-618","1":"product","2":"type-product","3":"status-publish","4":"has-post-thumbnail","6":"product_cat-mar-morto","7":"product_cat-prodotti-benessere","8":"product_tag-accumoli-adiposi","9":"product_tag-adipe","10":"product_tag-benessere","11":"product_tag-centri-benessere","12":"product_tag-centri-estetici","13":"product_tag-centro-estetico","14":"product_tag-ciccia","15":"product_tag-estetica","16":"product_tag-grasso","17":"product_tag-lipolitica","18":"product_tag-lipolitici","19":"product_tag-mar-morto-2","20":"product_tag-miscela","21":"product_tag-oli-essenziali","22":"product_tag-principi-attivi","23":"product_tag-prodotti-benessere","24":"product_tag-prodotti-estetici","25":"product_tag-purissimi","26":"product_tag-relax","27":"product_tag-renewal","28":"product_tag-renewal-estetica","29":"product_tag-sinergia","30":"product_tag-sinergia-naturale","31":"product_tag-sinergie","32":"product_shipping_class-gratuita","34":"first","35":"instock","36":"taxable","37":"shipping-taxable","38":"purchasable","39":"product-type-simple"},"yoast_head":"<!-- This site is optimized with the Yoast SEO plugin v26.2 - https:\/\/yoast.com\/wordpress\/plugins\/seo\/ -->\n<title>ADIPE - SYNERGY MUD - Renewal-Prodotti del Mar Morto<\/title>\n<meta name=\"description\" content=\"Adipe Synergy Mud \u00e8 una miscela di principi attivi lipolitici ad alta funzionalit\u00e0 indicata nei trattamenti di adiposit\u00e0 localizzata (grasso).\" \/>\n<meta name=\"robots\" content=\"index, follow, max-snippet:-1, max-image-preview:large, max-video-preview:-1\" \/>\n<link rel=\"canonical\" href=\"https:\/\/renewalestetica.com\/sito\/prodotto\/adipe-synergy-mud\/\" \/>\n<meta property=\"og:locale\" content=\"it_IT\" \/>\n<meta property=\"og:type\" content=\"article\" \/>\n<meta property=\"og:title\" content=\"ADIPE - SYNERGY MUD - Renewal-Prodotti del Mar Morto\" \/>\n<meta property=\"og:description\" content=\"Adipe Synergy Mud \u00e8 una miscela di principi attivi lipolitici ad alta funzionalit\u00e0 indicata nei trattamenti di adiposit\u00e0 localizzata (grasso).\" \/>\n<meta property=\"og:url\" content=\"https:\/\/renewalestetica.com\/sito\/prodotto\/adipe-synergy-mud\/\" \/>\n<meta property=\"og:site_name\" content=\"Renewal-Prodotti del Mar Morto\" \/>\n<meta property=\"article:publisher\" content=\"https:\/\/www.facebook.com\/renewalestetica\/\" \/>\n<meta property=\"article:modified_time\" content=\"2022-01-25T15:01:27+00:00\" \/>\n<meta property=\"og:image\" content=\"https:\/\/renewalestetica.com\/sito\/wp-content\/uploads\/2015\/09\/SYNERGY-ADIPE.jpg\" \/>\n\t<meta property=\"og:image:width\" content=\"443\" \/>\n\t<meta property=\"og:image:height\" content=\"444\" \/>\n\t<meta property=\"og:image:type\" content=\"image\/jpeg\" \/>\n<meta name=\"twitter:label1\" content=\"Tempo di lettura stimato\" \/>\n\t<meta name=\"twitter:data1\" content=\"1 minuto\" \/>\n<script type=\"application\/ld+json\" class=\"yoast-schema-graph\">{\"@context\":\"https:\/\/schema.org\",\"@graph\":[{\"@type\":\"WebPage\",\"@id\":\"https:\/\/renewalestetica.com\/sito\/prodotto\/adipe-synergy-mud\/\",\"url\":\"https:\/\/renewalestetica.com\/sito\/prodotto\/adipe-synergy-mud\/\",\"name\":\"ADIPE - SYNERGY MUD - Renewal-Prodotti del Mar Morto\",\"isPartOf\":{\"@id\":\"https:\/\/renewalestetica.com\/sito\/#website\"},\"primaryImageOfPage\":{\"@id\":\"https:\/\/renewalestetica.com\/sito\/prodotto\/adipe-synergy-mud\/#primaryimage\"},\"image\":{\"@id\":\"https:\/\/renewalestetica.com\/sito\/prodotto\/adipe-synergy-mud\/#primaryimage\"},\"thumbnailUrl\":\"https:\/\/renewalestetica.com\/sito\/wp-content\/uploads\/2015\/09\/SYNERGY-ADIPE.jpg\",\"datePublished\":\"2015-01-28T11:49:19+00:00\",\"dateModified\":\"2022-01-25T15:01:27+00:00\",\"description\":\"Adipe Synergy Mud \u00e8 una miscela di principi attivi lipolitici ad alta funzionalit\u00e0 indicata nei trattamenti di adiposit\u00e0 localizzata (grasso).\",\"breadcrumb\":{\"@id\":\"https:\/\/renewalestetica.com\/sito\/prodotto\/adipe-synergy-mud\/#breadcrumb\"},\"inLanguage\":\"it-IT\",\"potentialAction\":[{\"@type\":\"ReadAction\",\"target\":[\"https:\/\/renewalestetica.com\/sito\/prodotto\/adipe-synergy-mud\/\"]}]},{\"@type\":\"ImageObject\",\"inLanguage\":\"it-IT\",\"@id\":\"https:\/\/renewalestetica.com\/sito\/prodotto\/adipe-synergy-mud\/#primaryimage\",\"url\":\"https:\/\/renewalestetica.com\/sito\/wp-content\/uploads\/2015\/09\/SYNERGY-ADIPE.jpg\",\"contentUrl\":\"https:\/\/renewalestetica.com\/sito\/wp-content\/uploads\/2015\/09\/SYNERGY-ADIPE.jpg\",\"width\":443,\"height\":444,\"caption\":\"SYNERGY ADIPE, accumoli adiposi, adipe, Benessere, centri benessere, centri estetici, centro estetico, ciccia, estetica, grasso, lipolitica, lipolitici, Mar Morto, Miscela, oli essenziali, principi attivi, prodotti benessere, prodotti estetici, purissimi, relax, Renewal, Renewal estetica, sinergia, sinergia naturale, sinergie\"},{\"@type\":\"BreadcrumbList\",\"@id\":\"https:\/\/renewalestetica.com\/sito\/prodotto\/adipe-synergy-mud\/#breadcrumb\",\"itemListElement\":[{\"@type\":\"ListItem\",\"position\":1,\"name\":\"Home\",\"item\":\"https:\/\/renewalestetica.com\/sito\/\"},{\"@type\":\"ListItem\",\"position\":2,\"name\":\"Shop Online\",\"item\":\"https:\/\/renewalestetica.com\/sito\/shop-online\/\"},{\"@type\":\"ListItem\",\"position\":3,\"name\":\"ADIPE &#8211; SYNERGY MUD\"}]},{\"@type\":\"WebSite\",\"@id\":\"https:\/\/renewalestetica.com\/sito\/#website\",\"url\":\"https:\/\/renewalestetica.com\/sito\/\",\"name\":\"Renewal-Prodotti del Mar Morto\",\"description\":\"\",\"publisher\":{\"@id\":\"https:\/\/renewalestetica.com\/sito\/#organization\"},\"potentialAction\":[{\"@type\":\"SearchAction\",\"target\":{\"@type\":\"EntryPoint\",\"urlTemplate\":\"https:\/\/renewalestetica.com\/sito\/?s={search_term_string}\"},\"query-input\":{\"@type\":\"PropertyValueSpecification\",\"valueRequired\":true,\"valueName\":\"search_term_string\"}}],\"inLanguage\":\"it-IT\"},{\"@type\":\"Organization\",\"@id\":\"https:\/\/renewalestetica.com\/sito\/#organization\",\"name\":\"Renewal\",\"url\":\"https:\/\/renewalestetica.com\/sito\/\",\"logo\":{\"@type\":\"ImageObject\",\"inLanguage\":\"it-IT\",\"@id\":\"https:\/\/renewalestetica.com\/sito\/#\/schema\/logo\/image\/\",\"url\":\"https:\/\/renewalestetica.com\/sito\/wp-content\/uploads\/2021\/12\/LOGO_RENEWAL_ITALY-P.png\",\"contentUrl\":\"https:\/\/renewalestetica.com\/sito\/wp-content\/uploads\/2021\/12\/LOGO_RENEWAL_ITALY-P.png\",\"width\":500,\"height\":132,\"caption\":\"Renewal\"},\"image\":{\"@id\":\"https:\/\/renewalestetica.com\/sito\/#\/schema\/logo\/image\/\"},\"sameAs\":[\"https:\/\/www.facebook.com\/renewalestetica\/\",\"https:\/\/x.com\/RenewalEstetica\",\"https:\/\/www.instagram.com\/renewal.italy\/\",\"https:\/\/www.youtube.com\/channel\/UCLXMNtaF51hDO92FaRnJY7w\"]}]}<\/script>\n<!-- \/ Yoast SEO plugin. -->","yoast_head_json":{"title":"ADIPE - SYNERGY MUD - Renewal-Prodotti del Mar Morto","description":"Adipe Synergy Mud \u00e8 una miscela di principi attivi lipolitici ad alta funzionalit\u00e0 indicata nei trattamenti di adiposit\u00e0 localizzata (grasso).","robots":{"index":"index","follow":"follow","max-snippet":"max-snippet:-1","max-image-preview":"max-image-preview:large","max-video-preview":"max-video-preview:-1"},"canonical":"https:\/\/renewalestetica.com\/sito\/prodotto\/adipe-synergy-mud\/","og_locale":"it_IT","og_type":"article","og_title":"ADIPE - SYNERGY MUD - Renewal-Prodotti del Mar Morto","og_description":"Adipe Synergy Mud \u00e8 una miscela di principi attivi lipolitici ad alta funzionalit\u00e0 indicata nei trattamenti di adiposit\u00e0 localizzata (grasso).","og_url":"https:\/\/renewalestetica.com\/sito\/prodotto\/adipe-synergy-mud\/","og_site_name":"Renewal-Prodotti del Mar Morto","article_publisher":"https:\/\/www.facebook.com\/renewalestetica\/","article_modified_time":"2022-01-25T15:01:27+00:00","og_image":[{"width":443,"height":444,"url":"https:\/\/renewalestetica.com\/sito\/wp-content\/uploads\/2015\/09\/SYNERGY-ADIPE.jpg","type":"image\/jpeg"}],"twitter_misc":{"Tempo di lettura stimato":"1 minuto"},"schema":{"@context":"https:\/\/schema.org","@graph":[{"@type":"WebPage","@id":"https:\/\/renewalestetica.com\/sito\/prodotto\/adipe-synergy-mud\/","url":"https:\/\/renewalestetica.com\/sito\/prodotto\/adipe-synergy-mud\/","name":"ADIPE - SYNERGY MUD - Renewal-Prodotti del Mar Morto","isPartOf":{"@id":"https:\/\/renewalestetica.com\/sito\/#website"},"primaryImageOfPage":{"@id":"https:\/\/renewalestetica.com\/sito\/prodotto\/adipe-synergy-mud\/#primaryimage"},"image":{"@id":"https:\/\/renewalestetica.com\/sito\/prodotto\/adipe-synergy-mud\/#primaryimage"},"thumbnailUrl":"https:\/\/renewalestetica.com\/sito\/wp-content\/uploads\/2015\/09\/SYNERGY-ADIPE.jpg","datePublished":"2015-01-28T11:49:19+00:00","dateModified":"2022-01-25T15:01:27+00:00","description":"Adipe Synergy Mud \u00e8 una miscela di principi attivi lipolitici ad alta funzionalit\u00e0 indicata nei trattamenti di adiposit\u00e0 localizzata (grasso).","breadcrumb":{"@id":"https:\/\/renewalestetica.com\/sito\/prodotto\/adipe-synergy-mud\/#breadcrumb"},"inLanguage":"it-IT","potentialAction":[{"@type":"ReadAction","target":["https:\/\/renewalestetica.com\/sito\/prodotto\/adipe-synergy-mud\/"]}]},{"@type":"ImageObject","inLanguage":"it-IT","@id":"https:\/\/renewalestetica.com\/sito\/prodotto\/adipe-synergy-mud\/#primaryimage","url":"https:\/\/renewalestetica.com\/sito\/wp-content\/uploads\/2015\/09\/SYNERGY-ADIPE.jpg","contentUrl":"https:\/\/renewalestetica.com\/sito\/wp-content\/uploads\/2015\/09\/SYNERGY-ADIPE.jpg","width":443,"height":444,"caption":"SYNERGY ADIPE, accumoli adiposi, adipe, Benessere, centri benessere, centri estetici, centro estetico, ciccia, estetica, grasso, lipolitica, lipolitici, Mar Morto, Miscela, oli essenziali, principi attivi, prodotti benessere, prodotti estetici, purissimi, relax, Renewal, Renewal estetica, sinergia, sinergia naturale, sinergie"},{"@type":"BreadcrumbList","@id":"https:\/\/renewalestetica.com\/sito\/prodotto\/adipe-synergy-mud\/#breadcrumb","itemListElement":[{"@type":"ListItem","position":1,"name":"Home","item":"https:\/\/renewalestetica.com\/sito\/"},{"@type":"ListItem","position":2,"name":"Shop Online","item":"https:\/\/renewalestetica.com\/sito\/shop-online\/"},{"@type":"ListItem","position":3,"name":"ADIPE &#8211; SYNERGY MUD"}]},{"@type":"WebSite","@id":"https:\/\/renewalestetica.com\/sito\/#website","url":"https:\/\/renewalestetica.com\/sito\/","name":"Renewal-Prodotti del Mar Morto","description":"","publisher":{"@id":"https:\/\/renewalestetica.com\/sito\/#organization"},"potentialAction":[{"@type":"SearchAction","target":{"@type":"EntryPoint","urlTemplate":"https:\/\/renewalestetica.com\/sito\/?s={search_term_string}"},"query-input":{"@type":"PropertyValueSpecification","valueRequired":true,"valueName":"search_term_string"}}],"inLanguage":"it-IT"},{"@type":"Organization","@id":"https:\/\/renewalestetica.com\/sito\/#organization","name":"Renewal","url":"https:\/\/renewalestetica.com\/sito\/","logo":{"@type":"ImageObject","inLanguage":"it-IT","@id":"https:\/\/renewalestetica.com\/sito\/#\/schema\/logo\/image\/","url":"https:\/\/renewalestetica.com\/sito\/wp-content\/uploads\/2021\/12\/LOGO_RENEWAL_ITALY-P.png","contentUrl":"https:\/\/renewalestetica.com\/sito\/wp-content\/uploads\/2021\/12\/LOGO_RENEWAL_ITALY-P.png","width":500,"height":132,"caption":"Renewal"},"image":{"@id":"https:\/\/renewalestetica.com\/sito\/#\/schema\/logo\/image\/"},"sameAs":["https:\/\/www.facebook.com\/renewalestetica\/","https:\/\/x.com\/RenewalEstetica","https:\/\/www.instagram.com\/renewal.italy\/","https:\/\/www.youtube.com\/channel\/UCLXMNtaF51hDO92FaRnJY7w"]}]}},"_links":{"self":[{"href":"https:\/\/renewalestetica.com\/sito\/wp-json\/wp\/v2\/product\/618","targetHints":{"allow":["GET"]}}],"collection":[{"href":"https:\/\/renewalestetica.com\/sito\/wp-json\/wp\/v2\/product"}],"about":[{"href":"https:\/\/renewalestetica.com\/sito\/wp-json\/wp\/v2\/types\/product"}],"replies":[{"embeddable":true,"href":"https:\/\/renewalestetica.com\/sito\/wp-json\/wp\/v2\/comments?post=618"}],"wp:featuredmedia":[{"embeddable":true,"href":"https:\/\/renewalestetica.com\/sito\/wp-json\/wp\/v2\/media\/7950"}],"wp:attachment":[{"href":"https:\/\/renewalestetica.com\/sito\/wp-json\/wp\/v2\/media?parent=618"}],"wp:term":[{"taxonomy":"product_brand","embeddable":true,"href":"https:\/\/renewalestetica.com\/sito\/wp-json\/wp\/v2\/product_brand?post=618"},{"taxonomy":"product_cat","embeddable":true,"href":"https:\/\/renewalestetica.com\/sito\/wp-json\/wp\/v2\/product_cat?post=618"},{"taxonomy":"product_tag","embeddable":true,"href":"https:\/\/renewalestetica.com\/sito\/wp-json\/wp\/v2\/product_tag?post=618"}],"curies":[{"name":"wp","href":"https:\/\/api.w.org\/{rel}","templated":true}]}}